{"id":1008,"date":"2018-06-13T14:29:04","date_gmt":"2018-06-13T12:29:04","guid":{"rendered":"http:\/\/www.galerie-slavik.com\/en\/kuenstler\/isolde-baumhackl-oswald\/"},"modified":"2018-09-25T23:16:22","modified_gmt":"2018-09-25T21:16:22","slug":"isolde-baumhackl-oswald","status":"publish","type":"page","link":"https:\/\/www.galerie-slavik.com\/en\/isolde-baumhackl-oswald\/","title":{"rendered":"Isolde Baumhackl Oswald"},"content":{"rendered":"<div class=\"wpb-content-wrapper\"><div class=\"biografie\"><div id=\"post_thumbnail\"><img src=\"https:\/\/www.galerie-slavik.com\/wp-content\/uploads\/2018\/03\/k197.jpg\" class=\"attachment-full size-full wp-post-image\" alt=\"\" decoding=\"async\" srcset=\"https:\/\/www.galerie-slavik.com\/wp-content\/uploads\/2018\/03\/k197.jpg 300w, https:\/\/www.galerie-slavik.com\/wp-content\/uploads\/2018\/03\/k197-100x100.jpg 100w, https:\/\/www.galerie-slavik.com\/wp-content\/uploads\/2018\/03\/k197-150x150.jpg 150w, https:\/\/www.galerie-slavik.com\/wp-content\/uploads\/2018\/03\/k197-250x250.jpg 250w, https:\/\/www.galerie-slavik.com\/wp-content\/uploads\/2018\/03\/k197-120x120.jpg 120w\" sizes=\"(max-width: 300px) 100vw, 300px\" \/><\/div>\n<h2>Biographie<\/h2>\n<ul>\n<li><span class=\"zeitraum\">1949 <\/span>in Pforzheim geboren; 1969 -1973 Studium an der Fachhochschule f\u00fcr Gestaltung bei Prof. Reinhold Reiling; 1973 Staatsexamen als Diplomdesigner;<\/li>\n<li>seither freischaffend t\u00e4tig; 1981 Er\u00f6ffnung der Galerie ibo in Klagenfurt bis 1998;<\/li>\n<li><span class=\"zeitraum\">1998 <\/span>R\u00fcckzug ins Atelier nach K\u00f6ttmannsdorf;<\/li>\n<\/ul>\n<h2>Exhibits in public art collections<\/h2>\n<ul>\n<li>Schmuckmuseum Pforzheim<\/li>\n<li>Museum der modernen Kunst Klagenfurt<\/li>\n<li>Deutsches Goldschmiedehaus Hanau<\/li>\n<\/ul>\n<h2>Awards<\/h2>\n<ul>\n<li><span class=\"zeitraum\">1974 <\/span>1. Preis Diamantschmuck von Morgen, de Beers, Frankfurt (D)<\/li>\n<li><span class=\"zeitraum\">1989 <\/span>2.Preis Deutscher Schmuck- und Edelsteinpreis, Idar Oberstein (D)<\/li>\n<li><span class=\"zeitraum\">1992 <\/span>Staatspreis Baden W\u00fcrttemberg<\/li>\n<li><span class=\"zeitraum\">1996 <\/span>2.Hessischer Staatspreis, Frankfurt (D)<\/li>\n<li><span class=\"zeitraum\">1998 <\/span>2.Hessischer Staatspreis, Frankfurt (D<\/li>\n<\/ul>\n<h2>Exhibitions<\/h2>\n<ul>\n<li>Teilnahme an zahlreichen Ausstellungen im In- und Ausland<\/li>\n<\/ul>\n<\/div>\n<p class=\"zitat\">\n<p class=\"kuenstlerlink objekte-online\"><a href=\"http:\/\/www.galerie-slavik.com\/en\/produkt-kategorie\/isolde-baumhackl-oswald-artist\/\">See all objects by Isolde Baumhackl Oswald<\/a><\/p>\n<p class=\"fotonachweis\">Baumhackl Oswald<\/p>\n<p>[vc_row]<\/p>\n<p>[vc_column]<\/p>\n<div class=\"woocommerce columns-4 \"><ul class=\"products columns-4\">\n<li class=\"product type-product post-17634 status-publish first instock product_cat-artist product_cat-isolde-baumhackl-oswald-artist product_cat-necklace product_cat-nicht-startrotation-en has-post-thumbnail product-type-simple\">\n\t<div class=\"product-artist\">Isolde Baumhackl Oswald<\/div><div class=\"product-sku\">Nr. 119723<\/div><\/li>\n<li class=\"product type-product post-17253 status-publish instock product_cat-artist product_cat-isolde-baumhackl-oswald-artist product_cat-necklace product_cat-startrotation-en has-post-thumbnail product-type-simple\">\n\t<div class=\"product-artist\">Isolde Baumhackl Oswald<\/div><div class=\"product-sku\">Nr. 119722<\/div><\/li>\n<li class=\"product type-product post-17252 status-publish instock product_cat-artist product_cat-isolde-baumhackl-oswald-artist product_cat-rings product_cat-startrotation-en has-post-thumbnail product-type-simple\">\n\t<div class=\"product-artist\">Isolde Baumhackl Oswald<\/div><div class=\"product-sku\">Nr. 119721<\/div><\/li>\n<li class=\"product type-product post-17251 status-publish last instock product_cat-artist product_cat-isolde-baumhackl-oswald-artist product_cat-necklace product_cat-startrotation-en has-post-thumbnail product-type-simple\">\n\t<div class=\"product-artist\">Isolde Baumhackl Oswald<\/div><div class=\"product-sku\">Nr. 119720<\/div><\/li>\n<li class=\"product type-product post-17250 status-publish first instock product_cat-artist product_cat-isolde-baumhackl-oswald-artist product_cat-rings product_cat-startrotation-en has-post-thumbnail product-type-simple\">\n\t<div class=\"product-artist\">Isolde Baumhackl Oswald<\/div><div class=\"product-sku\">Nr. 119719<\/div><\/li>\n<li class=\"product type-product post-12426 status-publish instock product_cat-artist product_cat-isolde-baumhackl-oswald-artist product_cat-nicht-startrotation-en product_cat-rings has-post-thumbnail product-type-simple\">\n\t<div class=\"product-artist\">Isolde Baumhackl Oswald<\/div><div class=\"product-sku\">Nr. 119718<\/div><\/li>\n<li class=\"product type-product post-12420 status-publish instock product_cat-artist product_cat-bracelet product_cat-isolde-baumhackl-oswald-artist product_cat-nicht-startrotation-en has-post-thumbnail product-type-simple\">\n\t<div class=\"product-artist\">Isolde Baumhackl Oswald<\/div><div class=\"product-sku\">Nr. 119716<\/div><\/li>\n<li class=\"product type-product post-12419 status-publish last instock product_cat-artist product_cat-isolde-baumhackl-oswald-artist product_cat-nicht-startrotation-en product_cat-rings has-post-thumbnail product-type-simple\">\n\t<div class=\"product-artist\">Isolde Baumhackl Oswald<\/div><div class=\"product-sku\">Nr. 119715<\/div><\/li>\n<\/ul>\n<\/div>\n<p>[\/vc_column]<\/p>\n<p>[\/vc_row]<\/p>\n<\/div>","protected":false},"excerpt":{"rendered":"Biographie 1949 in Pforzheim geboren; 1969 -1973 Studium an der Fachhochschule f\u00fcr Gestaltung bei Prof. Reinhold Reiling; 1973 Staatsexamen als Diplomdesigner; seither freischaffend t\u00e4tig; 1981 Er\u00f6ffnung der Galerie ibo in Klagenfurt bis 1998; 1998 R\u00fcckzug ins Atelier nach K\u00f6ttmannsdorf; Exhibits in public art collections Schmuckmuseum Pforzheim Museum der modernen Kunst Klagenfurt Deutsches Goldschmiedehaus Hanau Awards&#8230; <a class=\"view-article\" href=\"https:\/\/www.galerie-slavik.com\/en\/isolde-baumhackl-oswald\/\">View Article<\/a>","protected":false},"author":4,"featured_media":8938,"parent":0,"menu_order":0,"comment_status":"closed","ping_status":"open","template":"","meta":{"footnotes":""},"categories":[135,619],"tags":[],"_links":{"self":[{"href":"https:\/\/www.galerie-slavik.com\/en\/wp-json\/wp\/v2\/pages\/1008"}],"collection":[{"href":"https:\/\/www.galerie-slavik.com\/en\/wp-json\/wp\/v2\/pages"}],"about":[{"href":"https:\/\/www.galerie-slavik.com\/en\/wp-json\/wp\/v2\/types\/page"}],"author":[{"embeddable":true,"href":"https:\/\/www.galerie-slavik.com\/en\/wp-json\/wp\/v2\/users\/4"}],"replies":[{"embeddable":true,"href":"https:\/\/www.galerie-slavik.com\/en\/wp-json\/wp\/v2\/comments?post=1008"}],"version-history":[{"count":4,"href":"https:\/\/www.galerie-slavik.com\/en\/wp-json\/wp\/v2\/pages\/1008\/revisions"}],"predecessor-version":[{"id":8829,"href":"https:\/\/www.galerie-slavik.com\/en\/wp-json\/wp\/v2\/pages\/1008\/revisions\/8829"}],"wp:featuredmedia":[{"embeddable":true,"href":"https:\/\/www.galerie-slavik.com\/en\/wp-json\/wp\/v2\/media\/8938"}],"wp:attachment":[{"href":"https:\/\/www.galerie-slavik.com\/en\/wp-json\/wp\/v2\/media?parent=1008"}],"wp:term":[{"taxonomy":"category","embeddable":true,"href":"https:\/\/www.galerie-slavik.com\/en\/wp-json\/wp\/v2\/categories?post=1008"},{"taxonomy":"post_tag","embeddable":true,"href":"https:\/\/www.galerie-slavik.com\/en\/wp-json\/wp\/v2\/tags?post=1008"}],"curies":[{"name":"wp","href":"https:\/\/api.w.org\/{rel}","templated":true}]}}