{"id":1016,"date":"2023-03-15T17:33:15","date_gmt":"2023-03-15T16:33:15","guid":{"rendered":"http:\/\/www.galerie-slavik.com\/en\/kuenstler\/silke-trekel\/"},"modified":"2024-06-21T10:05:36","modified_gmt":"2024-06-21T08:05:36","slug":"silke-trekel","status":"publish","type":"page","link":"https:\/\/www.galerie-slavik.com\/en\/silke-trekel\/","title":{"rendered":"Silke Trekel"},"content":{"rendered":"<div class=\"wpb-content-wrapper\"><div class=\"biografie\">\n<div id=\"post_thumbnail\"><img src=\"https:\/\/www.galerie-slavik.com\/wp-content\/uploads\/2017\/02\/k206.jpg\" class=\"attachment-full size-full wp-post-image\" alt=\"\" decoding=\"async\" srcset=\"https:\/\/www.galerie-slavik.com\/wp-content\/uploads\/2017\/02\/k206.jpg 300w, https:\/\/www.galerie-slavik.com\/wp-content\/uploads\/2017\/02\/k206-100x100.jpg 100w, https:\/\/www.galerie-slavik.com\/wp-content\/uploads\/2017\/02\/k206-150x150.jpg 150w, https:\/\/www.galerie-slavik.com\/wp-content\/uploads\/2017\/02\/k206-250x250.jpg 250w, https:\/\/www.galerie-slavik.com\/wp-content\/uploads\/2017\/02\/k206-120x120.jpg 120w\" sizes=\"(max-width: 300px) 100vw, 300px\" \/><\/div>\n<h2>Biographie<\/h2>\n<ul>\n<li><span class=\"zeitraum\">1969 <\/span>born in Rostock (Ger)<\/li>\n<li><span class=\"zeitraum\">1987-89 <\/span>apprenticeship for skilled worker for precious metal, VEB Ostsee-Schmuck Ribnitz- Damgarten (Ger)<\/li>\n<li><span class=\"zeitraum\">1989-91 <\/span>work in different workshops in Leipzig and Pforzheim (Ger)<\/li>\n<li><span class=\"zeitraum\">1991-97 <\/span>studies at Burg Giebichenstein, Academy for Art and Design, Jewellery with Prof. Dorothea Pr\u00fchl (Ger)<\/li>\n<li><span class=\"zeitraum\">1994-95 <\/span>studies at LASALLE College of the Arts, Singapur (6 months)<\/li>\n<li><span class=\"zeitraum\">1997-98 <\/span>further studies at Burg Giebichenstein<\/li>\n<li><span class=\"zeitraum\">2004 <\/span>guest lecturer at the masterclass at the Royal College of Art, London<\/li>\n<\/ul>\n<h2>Exhibits in public art collections<\/h2>\n<ul>\n<li>Marzee-Collection, Nijmegen (NL);<\/li>\n<li>Museum of Arts and Design, New York (USA);<\/li>\n<li>Victoria &amp; Albert Museum, London (GB);<\/li>\n<li>GRASSI Museum f\u00fcr Angewandte Kunst, Leipzig;<\/li>\n<li>The Museum of Fine Arts, Houston (USA);<\/li>\n<li>Cominelli Foundation (I);<\/li>\n<li>Lotte Reimers &#8211; Stiftung Deidesheim;<\/li>\n<li>Museum f\u00fcr Natur &amp; Stadtkultur Schw\u00e4bisch Gm\u00fcnd;<\/li>\n<li>Sammlung der Burg Giebichenstein;<\/li>\n<li>Stiftung Moritzburg &#8211; Kunstmuseum des Landes Sachsen-Anhalt, Halle;<\/li>\n<li>St\u00e4dtische Sammlung Idar-Oberstein;<\/li>\n<li>Fuller Craft Museum, Brockton, MA (USA);<\/li>\n<li>Deedie Rose, promised gift to the Dallas Museum of Art (USA);<\/li>\n<li>Olnick Spanu Collection, New York (USA);<\/li>\n<li>International Collection of Contemporary Jewellery of the Gallery of Art in Legnica (P);<\/li>\n<\/ul>\n<h2>Scholarships<\/h2>\n<ul>\n<li><span class=\"zeitraum\">1998 <\/span>graduate`s scholarship of Sachsen-Anhalt (Ger)<\/li>\n<li><span class=\"zeitraum\">2001 <\/span>work scholarship of Sachsen-Anhalt (Ger)<\/li>\n<li><span class=\"zeitraum\">2002 <\/span>work scholarship of Kulturfonds Berlin (Ger)<\/li>\n<li><span class=\"zeitraum\">2006 <\/span>work scholarship of Sachsen-Anhalt (Ger)<\/li>\n<li><span class=\"zeitraum\">2007 <\/span>Artist in Residence ofthe fondation Jakob-Bengel, Idar-Oberstein (Ger)<\/li>\n<li><span class=\"zeitraum\">2010 <\/span>Artist in Residence am ISCP in New York (USA); work scholarship of Sachsen-Anhalt (Ger)<\/li>\n<li><span class=\"zeitraum\">2015 <\/span>Artist in Residence AICHI University of the Arts (J)<\/li>\n<\/ul>\n<h2>Awards<\/h2>\n<ul>\n<li><span class=\"zeitraum\">2010 <\/span>nomination Premio Fondazione Cominelli Preis, Padua (I)<\/li>\n<li><span class=\"zeitraum\">2013 <\/span>Grassi Award of the Slavik Gallery, Vienna \/ Museum of Applied Arts, Leipzig (Ger)<\/li>\n<li><span class=\"zeitraum\">2014 <\/span>First Prize Premio Fondazione Cominelli, Cisano di San Felice del Benaco (I)<\/li>\n<li><span class=\"zeitraum\">2020 <\/span>finalist for the Friedrich Becker award 2020 for the necklace FERN<\/li>\n<\/ul>\n<h2>Exhibitions<\/h2>\n<ul>\n<li>Personalausstellungen:<\/li>\n<li><span class=\"zeitraum\">2000, 2002, 2004, 2007, 2009 <\/span>Gallery MARZEE Nijmegen (NL);<\/li>\n<li><span class=\"zeitraum\">2006 <\/span>Gallery HNOSS, G\u00f6teborg (S);<\/li>\n<li><span class=\"zeitraum\">2011 <\/span>Gallery FINGERS, Auckland (NZ);<\/li>\n<li><span class=\"zeitraum\">2012 <\/span>Gallery of Art in Legnica (P)<\/li>\n<li><span class=\"zeitraum\">2014 <\/span>Stadtmuseum Halle (Saale), (mit Sylvia K\u00f6gler);<\/li>\n<li><span class=\"zeitraum\">2015 <\/span>Shumokukan Nagoya (J), (mit Sylvia K\u00f6gler u. Chiharu Nagai);<\/li>\n<li><span class=\"zeitraum\">2015 <\/span>Galerie ARTEFAKT M\u00fcnchen;<\/li>\n<li>Ausstellungsbeteiligungen:<br \/>\nSeit 1994 in nationalen und internationalen Museen und Galerien<\/li>\n<li><\/li>\n<\/ul>\n<h2>Publications<\/h2>\n<ul>\n<li><span class=\"zeitraum\">2022 <\/span>Greta Garle, Ornament in transition. Silke Trekel Jewellery 1995 &#8211; 2020, Arnoldsche Art Publishers<\/li>\n<\/ul>\n<p>Silke Trekel bevorzugt gro\u00dfe Formen, Volumen und Plastizit\u00e4t, sie gibt dem Material und seinen Bearbeitungsm\u00f6glichkeiten viel Raum. Es geht um Struktur, Haptik und Oberfl\u00e4che, weniger um die Farbigkeit. Neben der Klarheit und Ordnung, der Ruhe und Harmonie, die alle Arbeiten von Silke Trekel ausstrahlen, sind es die unerwarteten Details und kleinen Br\u00fcche, die eine reizvolle Spannung erzeugen. Monika Fahn. \u201eGeordnete Dimension\u201c. In Ornament in Transition. Silke Trekel Jewellery 1995-2020. Katalog<\/p>\n<\/div>\n<p class=\"kuenstlerlink objekte-online\"><a href=\"http:\/\/www.galerie-slavik.com\/en\/produkt-kategorie\/silke-trekel\/\">See all objects by Silke Trekel<\/a><\/p>\n<p>[vc_row]<\/p>\n<p>[vc_column]<\/p>\n<div class=\"woocommerce columns-4 \"><ul class=\"products columns-4\">\n<li class=\"product type-product post-17385 status-publish first instock product_cat-artist product_cat-necklace product_cat-nicht-startrotation-en product_cat-silke-trekel-artist has-post-thumbnail product-type-simple\">\n\t<div class=\"product-artist\">Silke Trekel<\/div><div class=\"product-sku\">Nr. 120614<\/div><\/li>\n<li class=\"product type-product post-17383 status-publish instock product_cat-artist product_cat-necklace product_cat-nicht-startrotation-en product_cat-silke-trekel-artist has-post-thumbnail product-type-simple\">\n\t<div class=\"product-artist\">Silke Trekel<\/div><div class=\"product-sku\">Nr. 120613<\/div><\/li>\n<li class=\"product type-product post-17381 status-publish instock product_cat-artist product_cat-necklace product_cat-nicht-startrotation-en product_cat-silke-trekel-artist has-post-thumbnail product-type-simple\">\n\t<div class=\"product-artist\">Silke Trekel<\/div><div class=\"product-sku\">Nr. 120612<\/div><\/li>\n<li class=\"product type-product post-13504 status-publish last instock product_cat-artist product_cat-brooches product_cat-nicht-startrotation-en product_cat-silke-trekel-artist has-post-thumbnail product-type-simple\">\n\t<div class=\"product-artist\">Silke Trekel<\/div><div class=\"product-sku\">Nr. 120611<\/div><\/li>\n<li class=\"product type-product post-12292 status-publish first instock product_cat-artist product_cat-necklace product_cat-nicht-startrotation-en product_cat-silke-trekel-artist has-post-thumbnail product-type-simple\">\n\t<div class=\"product-artist\">Silke Trekel<\/div><div class=\"product-sku\">Nr. 120608<\/div><\/li>\n<li class=\"product type-product post-12640 status-publish instock product_cat-artist product_cat-necklace product_cat-silke-trekel-artist product_cat-startrotation-en has-post-thumbnail product-type-simple\">\n\t<div class=\"product-artist\">Silke Trekel<\/div><div class=\"product-sku\">Nr. 120610<\/div><\/li>\n<li class=\"product type-product post-12291 status-publish instock product_cat-artist product_cat-brooches product_cat-nicht-startrotation-en product_cat-silke-trekel-artist has-post-thumbnail product-type-simple\">\n\t<div class=\"product-artist\">Silke Trekel<\/div><div class=\"product-sku\">Nr. 120607<\/div><\/li>\n<li class=\"product type-product post-12290 status-publish last instock product_cat-artist product_cat-necklace product_cat-nicht-startrotation-en product_cat-silke-trekel-artist has-post-thumbnail product-type-simple\">\n\t<div class=\"product-artist\">Silke Trekel<\/div><div class=\"product-sku\">Nr. 120606<\/div><\/li>\n<\/ul>\n<\/div>\n<p>[\/vc_column]<\/p>\n<p>[\/vc_row]<\/p>\n<\/div>","protected":false},"excerpt":{"rendered":"Biographie 1969 born in Rostock (Ger) 1987-89 apprenticeship for skilled worker for precious metal, VEB Ostsee-Schmuck Ribnitz- Damgarten (Ger) 1989-91 work in different workshops in Leipzig and Pforzheim (Ger) 1991-97 studies at Burg Giebichenstein, Academy for Art and Design, Jewellery with Prof. Dorothea Pr\u00fchl (Ger) 1994-95 studies at LASALLE College of the Arts, Singapur (6&#8230; <a class=\"view-article\" href=\"https:\/\/www.galerie-slavik.com\/en\/silke-trekel\/\">View Article<\/a>","protected":false},"author":4,"featured_media":8199,"parent":0,"menu_order":0,"comment_status":"closed","ping_status":"open","template":"","meta":{"footnotes":""},"categories":[135,619],"tags":[],"_links":{"self":[{"href":"https:\/\/www.galerie-slavik.com\/en\/wp-json\/wp\/v2\/pages\/1016"}],"collection":[{"href":"https:\/\/www.galerie-slavik.com\/en\/wp-json\/wp\/v2\/pages"}],"about":[{"href":"https:\/\/www.galerie-slavik.com\/en\/wp-json\/wp\/v2\/types\/page"}],"author":[{"embeddable":true,"href":"https:\/\/www.galerie-slavik.com\/en\/wp-json\/wp\/v2\/users\/4"}],"replies":[{"embeddable":true,"href":"https:\/\/www.galerie-slavik.com\/en\/wp-json\/wp\/v2\/comments?post=1016"}],"version-history":[{"count":8,"href":"https:\/\/www.galerie-slavik.com\/en\/wp-json\/wp\/v2\/pages\/1016\/revisions"}],"predecessor-version":[{"id":13541,"href":"https:\/\/www.galerie-slavik.com\/en\/wp-json\/wp\/v2\/pages\/1016\/revisions\/13541"}],"wp:featuredmedia":[{"embeddable":true,"href":"https:\/\/www.galerie-slavik.com\/en\/wp-json\/wp\/v2\/media\/8199"}],"wp:attachment":[{"href":"https:\/\/www.galerie-slavik.com\/en\/wp-json\/wp\/v2\/media?parent=1016"}],"wp:term":[{"taxonomy":"category","embeddable":true,"href":"https:\/\/www.galerie-slavik.com\/en\/wp-json\/wp\/v2\/categories?post=1016"},{"taxonomy":"post_tag","embeddable":true,"href":"https:\/\/www.galerie-slavik.com\/en\/wp-json\/wp\/v2\/tags?post=1016"}],"curies":[{"name":"wp","href":"https:\/\/api.w.org\/{rel}","templated":true}]}}