{"id":1018,"date":"2016-05-26T15:30:44","date_gmt":"2016-05-26T13:30:44","guid":{"rendered":"http:\/\/www.galerie-slavik.com\/en\/kuenstler\/claudia-hoppe\/"},"modified":"2018-09-25T23:15:13","modified_gmt":"2018-09-25T21:15:13","slug":"claudia-hoppe","status":"publish","type":"page","link":"https:\/\/www.galerie-slavik.com\/en\/claudia-hoppe\/","title":{"rendered":"Claudia Hoppe"},"content":{"rendered":"<div class=\"wpb-content-wrapper\"><div class=\"biografie\"><div id=\"post_thumbnail\"><img src=\"https:\/\/www.galerie-slavik.com\/wp-content\/uploads\/2016\/05\/k208.jpg\" class=\"attachment-full size-full wp-post-image\" alt=\"\" decoding=\"async\" srcset=\"https:\/\/www.galerie-slavik.com\/wp-content\/uploads\/2016\/05\/k208.jpg 320w, https:\/\/www.galerie-slavik.com\/wp-content\/uploads\/2016\/05\/k208-250x340.jpg 250w, https:\/\/www.galerie-slavik.com\/wp-content\/uploads\/2016\/05\/k208-120x163.jpg 120w\" sizes=\"(max-width: 320px) 100vw, 320px\" \/><\/div>\n<h2>Biographie<\/h2>\n<ul>\n<li>geboren 1972 in Kiel<\/li>\n<li>Goldschmiedelehre 1992 &#8211; 96<\/li>\n<li><span class=\"zeitraum\">1996-2002 <\/span>Studium Produktdesign, Fachrichtung Schmuck, FH D\u00fcsseldorf und Escola Massana, Barcelona, Spanien<\/li>\n<li><span class=\"zeitraum\">2002 <\/span>Diplom Produktdesignerin &#8211; Schmuck (FH), FH D\u00fcsseldorf<\/li>\n<li>Lehrauftrag:<\/li>\n<li>WS 2009 \/ 2010 FH-D\u00fcsseldorf &#8211; Designgrundlagen Modell und Schmuck<\/li>\n<\/ul>\n<h2>Awards<\/h2>\n<ul>\n<li><span class=\"zeitraum\">2004 <\/span>Inorghenta Innovationapreis &#8211; Preis f\u00fcr herausragende Leistungen f\u00fcr zeitgen\u00f6ssisches Schmchmuckdesign<\/li>\n<li><span class=\"zeitraum\">2008 <\/span>Inhorgenta Innovationspreis, Preis f\u00fcr herausragende Leistungen f\u00fcr zeitgen\u00f6ssisches Schmuckdesign<\/li>\n<li><span class=\"zeitraum\">2010 <\/span>Winner Modern Jewelry Collection. Aufnahme in die st\u00e4ndige Sammlung des virtuellen ART AUREA MUSEUMS<\/li>\n<li><span class=\"zeitraum\">2011 <\/span>Winner Modern Jewelry Collection. Aufnahme in die st\u00e4ndige Sammlung des virtuellen ART AUREA MUSEUMS<\/li>\n<li><span class=\"zeitraum\">2012 <\/span>Winner Modern Jewelry Collection. Aufnahme in die st\u00e4ndige Sammlung des virtuellen ART AUREA MUSEUMS<\/li>\n<\/ul>\n<h2>Exhibitions<\/h2>\n<ul>\n<li>seit 1998 in Galerien im In- Ausland vertreten<\/li>\n<li>Teilnahme an internationalen Ausstellungen<\/li>\n<li>Berlin, D\u00fcsseldorf, M\u00fcnchen, Expo- Arte &#8211; Oslo,<\/li>\n<li>San Francisco, New York,\u2013 Newport Beach<\/li>\n<\/ul>\n<\/div>\n<p class=\"zitat\">\n<p class=\"kuenstlerlink objekte-online\"><a href=\"http:\/\/www.galerie-slavik.com\/en\/produkt-kategorie\/claudia-hoppe-artist\/\">See all objects by Claudia Hoppe<\/a><\/p>\n<p class=\"fotonachweis\">\n<p>[vc_row]<\/p>\n<p>[vc_column]<\/p>\n<div class=\"woocommerce columns-4 \"><ul class=\"products columns-4\">\n<li class=\"product type-product post-5639 status-publish first instock product_cat-artist product_cat-bracelet product_cat-claudia-hoppe-artist product_cat-nicht-startrotation-en has-post-thumbnail virtual product-type-simple\">\n\t<div class=\"product-artist\">Claudia Hoppe<\/div><div class=\"product-sku\">Nr. 120802<\/div><\/li>\n<li class=\"product type-product post-5638 status-publish instock product_cat-artist product_cat-bracelet product_cat-claudia-hoppe-artist product_cat-nicht-startrotation-en has-post-thumbnail virtual product-type-simple\">\n\t<div class=\"product-artist\">Claudia Hoppe<\/div><div class=\"product-sku\">Nr. 120801<\/div><\/li>\n<\/ul>\n<\/div>\n<p>[\/vc_column]<\/p>\n<p>[\/vc_row]<\/p>\n<\/div>","protected":false},"excerpt":{"rendered":"Biographie geboren 1972 in Kiel Goldschmiedelehre 1992 &#8211; 96 1996-2002 Studium Produktdesign, Fachrichtung Schmuck, FH D\u00fcsseldorf und Escola Massana, Barcelona, Spanien 2002 Diplom Produktdesignerin &#8211; Schmuck (FH), FH D\u00fcsseldorf Lehrauftrag: WS 2009 \/ 2010 FH-D\u00fcsseldorf &#8211; Designgrundlagen Modell und Schmuck Awards 2004 Inorghenta Innovationapreis &#8211; Preis f\u00fcr herausragende Leistungen f\u00fcr zeitgen\u00f6ssisches Schmchmuckdesign 2008 Inhorgenta Innovationspreis,&#8230; <a class=\"view-article\" href=\"https:\/\/www.galerie-slavik.com\/en\/claudia-hoppe\/\">View Article<\/a>","protected":false},"author":4,"featured_media":796,"parent":0,"menu_order":0,"comment_status":"closed","ping_status":"open","template":"","meta":{"footnotes":""},"categories":[135,619],"tags":[],"_links":{"self":[{"href":"https:\/\/www.galerie-slavik.com\/en\/wp-json\/wp\/v2\/pages\/1018"}],"collection":[{"href":"https:\/\/www.galerie-slavik.com\/en\/wp-json\/wp\/v2\/pages"}],"about":[{"href":"https:\/\/www.galerie-slavik.com\/en\/wp-json\/wp\/v2\/types\/page"}],"author":[{"embeddable":true,"href":"https:\/\/www.galerie-slavik.com\/en\/wp-json\/wp\/v2\/users\/4"}],"replies":[{"embeddable":true,"href":"https:\/\/www.galerie-slavik.com\/en\/wp-json\/wp\/v2\/comments?post=1018"}],"version-history":[{"count":3,"href":"https:\/\/www.galerie-slavik.com\/en\/wp-json\/wp\/v2\/pages\/1018\/revisions"}],"predecessor-version":[{"id":1612,"href":"https:\/\/www.galerie-slavik.com\/en\/wp-json\/wp\/v2\/pages\/1018\/revisions\/1612"}],"wp:featuredmedia":[{"embeddable":true,"href":"https:\/\/www.galerie-slavik.com\/en\/wp-json\/wp\/v2\/media\/796"}],"wp:attachment":[{"href":"https:\/\/www.galerie-slavik.com\/en\/wp-json\/wp\/v2\/media?parent=1018"}],"wp:term":[{"taxonomy":"category","embeddable":true,"href":"https:\/\/www.galerie-slavik.com\/en\/wp-json\/wp\/v2\/categories?post=1018"},{"taxonomy":"post_tag","embeddable":true,"href":"https:\/\/www.galerie-slavik.com\/en\/wp-json\/wp\/v2\/tags?post=1018"}],"curies":[{"name":"wp","href":"https:\/\/api.w.org\/{rel}","templated":true}]}}