{"id":1020,"date":"2017-05-17T17:07:09","date_gmt":"2017-05-17T15:07:09","guid":{"rendered":"http:\/\/www.galerie-slavik.com\/en\/kuenstler\/alexandra-brachtendorf\/"},"modified":"2018-09-25T23:14:21","modified_gmt":"2018-09-25T21:14:21","slug":"alexandra-brachtendorf","status":"publish","type":"page","link":"https:\/\/www.galerie-slavik.com\/en\/alexandra-brachtendorf\/","title":{"rendered":"Alexandra Brachtendorf"},"content":{"rendered":"<div class=\"wpb-content-wrapper\"><div class=\"biografie\"><div id=\"post_thumbnail\"><img src=\"https:\/\/www.galerie-slavik.com\/wp-content\/uploads\/2016\/07\/k211.jpg\" class=\"attachment-full size-full wp-post-image\" alt=\"\" decoding=\"async\" srcset=\"https:\/\/www.galerie-slavik.com\/wp-content\/uploads\/2016\/07\/k211.jpg 320w, https:\/\/www.galerie-slavik.com\/wp-content\/uploads\/2016\/07\/k211-250x327.jpg 250w, https:\/\/www.galerie-slavik.com\/wp-content\/uploads\/2016\/07\/k211-120x157.jpg 120w\" sizes=\"(max-width: 320px) 100vw, 320px\" \/><\/div>\n<h2>Biographie<\/h2>\n<ul>\n<li><span class=\"zeitraum\">1967 <\/span>born in Bernkastel &#8211; Kues, Germany<\/li>\n<li><span class=\"zeitraum\">1988-1992 <\/span>apprenticeship goldsmith with final certification<\/li>\n<li><span class=\"zeitraum\">1992-1995 <\/span>working as goldsmith, assostant to Jean Hilger, the jewellery artist in Luxembourg<\/li>\n<li><span class=\"zeitraum\">1995 <\/span>aknowledged artist, freelance<\/li>\n<li><\/li>\n<\/ul>\n<h2>Awards<\/h2>\n<ul>\n<li><\/li>\n<li><\/li>\n<li><\/li>\n<li><\/li>\n<\/ul>\n<h2>Exhibitions<\/h2>\n<ul>\n<li>Galerie Orf\u00e8o, Luxemburg<\/li>\n<li>Galerie Magari, Barcelona<\/li>\n<li>Galerie H\u00e8l\u00e8n Por\u00e9e, Paris<\/li>\n<li>Galerie Isabella Hund, M\u00fcnchen<\/li>\n<li>Galerie Christiane Iken, Karlsruhe<\/li>\n<\/ul>\n<\/div>\n<p class=\"zitat\">\n<p class=\"kuenstlerlink objekte-online\"><a href=\"http:\/\/www.galerie-slavik.com\/en\/produkt-kategorie\/alexandra-brachtendorf-artist\/\">See all objects by Alexandra Brachtendorf<\/a><\/p>\n<p class=\"fotonachweis\">\n<p>[vc_row]<\/p>\n<p>[vc_column]<\/p>\n<div class=\"woocommerce columns-4 \"><ul class=\"products columns-4\">\n<li class=\"product type-product post-16899 status-publish first instock product_cat-alexandra-brachtendorf-artist product_cat-artist product_cat-rings product_cat-startrotation-en has-post-thumbnail product-type-simple\">\n\t<div class=\"product-artist\">Alexandra Brachtendorf<\/div><div class=\"product-sku\">Nr. 121133<\/div><\/li>\n<li class=\"product type-product post-16898 status-publish instock product_cat-alexandra-brachtendorf-artist product_cat-artist product_cat-earrings product_cat-startrotation-en has-post-thumbnail product-type-simple\">\n\t<div class=\"product-artist\">Alexandra Brachtendorf<\/div><div class=\"product-sku\">Nr. 121132<\/div><\/li>\n<li class=\"product type-product post-16897 status-publish instock product_cat-alexandra-brachtendorf-artist product_cat-artist product_cat-rings product_cat-startrotation-en has-post-thumbnail product-type-simple\">\n\t<div class=\"product-artist\">Alexandra Brachtendorf<\/div><div class=\"product-sku\">Nr. 121131<\/div><\/li>\n<li class=\"product type-product post-13312 status-publish last instock product_cat-alexandra-brachtendorf-artist product_cat-artist product_cat-earrings product_cat-nicht-startrotation-en has-post-thumbnail product-type-simple\">\n\t<div class=\"product-artist\">Alexandra Brachtendorf<\/div><div class=\"product-sku\">Nr. 121130<\/div><\/li>\n<li class=\"product type-product post-13311 status-publish first instock product_cat-alexandra-brachtendorf-artist product_cat-artist product_cat-necklace product_cat-nicht-startrotation-en has-post-thumbnail product-type-simple\">\n\t<div class=\"product-artist\">Alexandra Brachtendorf<\/div><div class=\"product-sku\">Nr. 121129<\/div><\/li>\n<li class=\"product type-product post-13310 status-publish instock product_cat-alexandra-brachtendorf-artist product_cat-artist product_cat-earrings product_cat-startrotation-en has-post-thumbnail product-type-simple\">\n\t<div class=\"product-artist\">Alexandra Brachtendorf<\/div><div class=\"product-sku\">Nr. 121128<\/div><\/li>\n<li class=\"product type-product post-13117 status-publish instock product_cat-alexandra-brachtendorf-artist product_cat-artist product_cat-nicht-startrotation-en product_cat-rings has-post-thumbnail product-type-simple\">\n\t<div class=\"product-artist\">Alexandra Brachtendorf<\/div><div class=\"product-sku\">Nr. 121127<\/div><\/li>\n<li class=\"product type-product post-9440 status-publish last instock product_cat-alexandra-brachtendorf-artist product_cat-artist product_cat-nicht-startrotation-en product_cat-rings has-post-thumbnail product-type-simple\">\n\t<div class=\"product-artist\">Alexandra Brachtendorf<\/div><div class=\"product-sku\">Nr. 121116<\/div><\/li>\n<\/ul>\n<\/div>\n<p>[\/vc_column]<\/p>\n<p>[\/vc_row]<\/p>\n<\/div>","protected":false},"excerpt":{"rendered":"Biographie 1967 born in Bernkastel &#8211; Kues, Germany 1988-1992 apprenticeship goldsmith with final certification 1992-1995 working as goldsmith, assostant to Jean Hilger, the jewellery artist in Luxembourg 1995 aknowledged artist, freelance Awards Exhibitions Galerie Orf\u00e8o, Luxemburg Galerie Magari, Barcelona Galerie H\u00e8l\u00e8n Por\u00e9e, Paris Galerie Isabella Hund, M\u00fcnchen Galerie Christiane Iken, Karlsruhe See all objects by&#8230; <a class=\"view-article\" href=\"https:\/\/www.galerie-slavik.com\/en\/alexandra-brachtendorf\/\">View Article<\/a>","protected":false},"author":4,"featured_media":5914,"parent":0,"menu_order":0,"comment_status":"closed","ping_status":"open","template":"","meta":{"footnotes":""},"categories":[135,619],"tags":[],"_links":{"self":[{"href":"https:\/\/www.galerie-slavik.com\/en\/wp-json\/wp\/v2\/pages\/1020"}],"collection":[{"href":"https:\/\/www.galerie-slavik.com\/en\/wp-json\/wp\/v2\/pages"}],"about":[{"href":"https:\/\/www.galerie-slavik.com\/en\/wp-json\/wp\/v2\/types\/page"}],"author":[{"embeddable":true,"href":"https:\/\/www.galerie-slavik.com\/en\/wp-json\/wp\/v2\/users\/4"}],"replies":[{"embeddable":true,"href":"https:\/\/www.galerie-slavik.com\/en\/wp-json\/wp\/v2\/comments?post=1020"}],"version-history":[{"count":7,"href":"https:\/\/www.galerie-slavik.com\/en\/wp-json\/wp\/v2\/pages\/1020\/revisions"}],"predecessor-version":[{"id":8346,"href":"https:\/\/www.galerie-slavik.com\/en\/wp-json\/wp\/v2\/pages\/1020\/revisions\/8346"}],"wp:featuredmedia":[{"embeddable":true,"href":"https:\/\/www.galerie-slavik.com\/en\/wp-json\/wp\/v2\/media\/5914"}],"wp:attachment":[{"href":"https:\/\/www.galerie-slavik.com\/en\/wp-json\/wp\/v2\/media?parent=1020"}],"wp:term":[{"taxonomy":"category","embeddable":true,"href":"https:\/\/www.galerie-slavik.com\/en\/wp-json\/wp\/v2\/categories?post=1020"},{"taxonomy":"post_tag","embeddable":true,"href":"https:\/\/www.galerie-slavik.com\/en\/wp-json\/wp\/v2\/tags?post=1020"}],"curies":[{"name":"wp","href":"https:\/\/api.w.org\/{rel}","templated":true}]}}