{"id":1030,"date":"2021-11-25T12:58:35","date_gmt":"2021-11-25T11:58:35","guid":{"rendered":"http:\/\/www.galerie-slavik.com\/en\/kuenstler\/michael-becker\/"},"modified":"2021-11-25T12:58:35","modified_gmt":"2021-11-25T11:58:35","slug":"michael-becker","status":"publish","type":"page","link":"https:\/\/www.galerie-slavik.com\/en\/michael-becker\/","title":{"rendered":"Michael Becker"},"content":{"rendered":"<div class=\"wpb-content-wrapper\"><div class=\"biografie\"><div id=\"post_thumbnail\"><img src=\"https:\/\/www.galerie-slavik.com\/wp-content\/uploads\/2016\/05\/k005.jpg\" class=\"attachment-full size-full wp-post-image\" alt=\"\" decoding=\"async\" srcset=\"https:\/\/www.galerie-slavik.com\/wp-content\/uploads\/2016\/05\/k005.jpg 320w, https:\/\/www.galerie-slavik.com\/wp-content\/uploads\/2016\/05\/k005-250x255.jpg 250w, https:\/\/www.galerie-slavik.com\/wp-content\/uploads\/2016\/05\/k005-120x123.jpg 120w\" sizes=\"(max-width: 320px) 100vw, 320px\" \/><\/div>\n<h2>Biographie<\/h2>\n<ul>\n<li><span class=\"zeitraum\">1958 <\/span>geboren in Paderborn<\/li>\n<li><span class=\"zeitraum\">1982-1987 <\/span>Studium der Bildhauerei und Edelmetallgestaltung an der Fachhochschule f\u00fcr Kunst und Design in K\u00f6ln bei Prof. P. Skubic<\/li>\n<\/ul>\n<h2>Exhibits in public art collections<\/h2>\n<ul>\n<li><b>Exhibits in public art collections:<\/b><\/li>\n<li>M\u00fcnchen, Solingen, Paris, Montreal, Pforzheim, New York, Berlin, Houston, Hamburg, North Carolina.<\/li>\n<\/ul>\n<h2>Awards<\/h2>\n<ul>\n<li><span class=\"zeitraum\">1987 <\/span>promotion prize, Schmuck 87, Munich<\/li>\n<li><span class=\"zeitraum\">1988 und 1994 <\/span>Herbert  Hofmann  Award ,  Munich<\/li>\n<li><span class=\"zeitraum\">1996 <\/span>prize of honour, Danner foundation, Munich, Germany<\/li>\n<li><span class=\"zeitraum\">1997 <\/span>Award of the Deutsches Goldschmiedehaus Hanau, Germany<\/li>\n<li><span class=\"zeitraum\">2002 <\/span>Award of Bavaria, IHM, Munich<\/li>\n<li><span class=\"zeitraum\">2017 <\/span>Friedrich Becker  Award ,  D\u00fcsseldorf, Germany<\/li>\n<li>prize of honour, Danner foundation, Munich, Germany<\/li>\n<\/ul>\n<h2>Exhibitions<\/h2>\n<ul>\n<li>Numerous international exhibitions.<\/li>\n<\/ul>\n<\/div>\n<p class=\"zitat\">\n<p class=\"kuenstlerlink objekte-online\"><a href=\"http:\/\/www.galerie-slavik.com\/en\/produkt-kategorie\/michael-becker-artist\/\">See all objects by Michael Becker<\/a><\/p>\n<p class=\"fotonachweis\">\n<p>[vc_row]<\/p>\n<p>[vc_column]<\/p>\n<div class=\"woocommerce columns-4 \"><ul class=\"products columns-4\">\n<li class=\"product type-product post-17630 status-publish first instock product_cat-artist product_cat-bracelet product_cat-michael-becker-artist product_cat-nicht-startrotation-en has-post-thumbnail product-type-simple\">\n\t<div class=\"product-artist\">Michael Becker<\/div><div class=\"product-sku\">Nr. 200511<\/div><\/li>\n<li class=\"product type-product post-17314 status-publish instock product_cat-artist product_cat-earrings product_cat-michael-becker-artist product_cat-nicht-startrotation-en has-post-thumbnail product-type-simple\">\n\t<div class=\"product-artist\">Michael Becker<\/div><div class=\"product-sku\">Nr. 200510<\/div><\/li>\n<li class=\"product type-product post-16966 status-publish instock product_cat-artist product_cat-michael-becker-artist product_cat-rings product_cat-startrotation-en has-post-thumbnail product-type-simple\">\n\t<div class=\"product-artist\">Michael Becker<\/div><div class=\"product-sku\">Nr. 200509<\/div><\/li>\n<li class=\"product type-product post-13196 status-publish last instock product_cat-artist product_cat-michael-becker-artist product_cat-necklace product_cat-nicht-startrotation-en has-post-thumbnail product-type-simple\">\n\t<div class=\"product-artist\">Michael Becker<\/div><div class=\"product-sku\">Nr. 200508<\/div><\/li>\n<li class=\"product type-product post-12715 status-publish first instock product_cat--uebersetzung-fehlt- product_cat-artist product_cat-michael-becker-artist product_cat-nicht-startrotation-en has-post-thumbnail product-type-simple\">\n\t<div class=\"product-artist\">Michael Becker<\/div><div class=\"product-sku\">Nr. 200506<\/div><\/li>\n<li class=\"product type-product post-12716 status-publish instock product_cat-artist product_cat-michael-becker-artist product_cat-necklace product_cat-nicht-startrotation-en has-post-thumbnail product-type-simple\">\n\t<div class=\"product-artist\">Michael Becker<\/div><div class=\"product-sku\">Nr. 200507<\/div><\/li>\n<li class=\"product type-product post-12707 status-publish instock product_cat-artist product_cat-earrings product_cat-michael-becker-artist product_cat-nicht-startrotation-en has-post-thumbnail product-type-simple\">\n\t<div class=\"product-artist\">Michael Becker<\/div><div class=\"product-sku\">Nr. 200504<\/div><\/li>\n<li class=\"product type-product post-12677 status-publish last instock product_cat-artist product_cat-bracelet product_cat-michael-becker-artist product_cat-nicht-startrotation-en has-post-thumbnail product-type-simple\">\n\t<div class=\"product-artist\">Michael Becker<\/div><div class=\"product-sku\">Nr. 200502<\/div><\/li>\n<\/ul>\n<\/div>\n<p>[\/vc_column]<\/p>\n<p>[\/vc_row]<\/p>\n<\/div>","protected":false},"excerpt":{"rendered":"Biographie 1958 geboren in Paderborn 1982-1987 Studium der Bildhauerei und Edelmetallgestaltung an der Fachhochschule f\u00fcr Kunst und Design in K\u00f6ln bei Prof. P. Skubic Exhibits in public art collections Exhibits in public art collections: M\u00fcnchen, Solingen, Paris, Montreal, Pforzheim, New York, Berlin, Houston, Hamburg, North Carolina. Awards 1987 promotion prize, Schmuck 87, Munich 1988 und&#8230; <a class=\"view-article\" href=\"https:\/\/www.galerie-slavik.com\/en\/michael-becker\/\">View Article<\/a>","protected":false},"author":0,"featured_media":734,"parent":0,"menu_order":0,"comment_status":"closed","ping_status":"open","template":"","meta":{"footnotes":""},"categories":[135,619],"tags":[],"_links":{"self":[{"href":"https:\/\/www.galerie-slavik.com\/en\/wp-json\/wp\/v2\/pages\/1030"}],"collection":[{"href":"https:\/\/www.galerie-slavik.com\/en\/wp-json\/wp\/v2\/pages"}],"about":[{"href":"https:\/\/www.galerie-slavik.com\/en\/wp-json\/wp\/v2\/types\/page"}],"replies":[{"embeddable":true,"href":"https:\/\/www.galerie-slavik.com\/en\/wp-json\/wp\/v2\/comments?post=1030"}],"version-history":[{"count":7,"href":"https:\/\/www.galerie-slavik.com\/en\/wp-json\/wp\/v2\/pages\/1030\/revisions"}],"predecessor-version":[{"id":8671,"href":"https:\/\/www.galerie-slavik.com\/en\/wp-json\/wp\/v2\/pages\/1030\/revisions\/8671"}],"wp:featuredmedia":[{"embeddable":true,"href":"https:\/\/www.galerie-slavik.com\/en\/wp-json\/wp\/v2\/media\/734"}],"wp:attachment":[{"href":"https:\/\/www.galerie-slavik.com\/en\/wp-json\/wp\/v2\/media?parent=1030"}],"wp:term":[{"taxonomy":"category","embeddable":true,"href":"https:\/\/www.galerie-slavik.com\/en\/wp-json\/wp\/v2\/categories?post=1030"},{"taxonomy":"post_tag","embeddable":true,"href":"https:\/\/www.galerie-slavik.com\/en\/wp-json\/wp\/v2\/tags?post=1030"}],"curies":[{"name":"wp","href":"https:\/\/api.w.org\/{rel}","templated":true}]}}