{"id":1033,"date":"2016-05-26T15:30:46","date_gmt":"2016-05-26T13:30:46","guid":{"rendered":"http:\/\/www.galerie-slavik.com\/en\/kuenstler\/giovanni-corvaja\/"},"modified":"2018-09-25T23:15:54","modified_gmt":"2018-09-25T21:15:54","slug":"giovanni-corvaja","status":"publish","type":"page","link":"https:\/\/www.galerie-slavik.com\/en\/giovanni-corvaja\/","title":{"rendered":"Giovanni Corvaja"},"content":{"rendered":"<div class=\"wpb-content-wrapper\"><div class=\"biografie\"><div id=\"post_thumbnail\"><img src=\"https:\/\/www.galerie-slavik.com\/wp-content\/uploads\/2016\/05\/k008.jpg\" class=\"attachment-full size-full wp-post-image\" alt=\"\" decoding=\"async\" srcset=\"https:\/\/www.galerie-slavik.com\/wp-content\/uploads\/2016\/05\/k008.jpg 320w, https:\/\/www.galerie-slavik.com\/wp-content\/uploads\/2016\/05\/k008-250x431.jpg 250w, https:\/\/www.galerie-slavik.com\/wp-content\/uploads\/2016\/05\/k008-120x207.jpg 120w\" sizes=\"(max-width: 320px) 100vw, 320px\" \/><\/div>\n<h2>Biographie<\/h2>\n<ul>\n<li><span class=\"zeitraum\">1971 <\/span>geboren in Padua<\/li>\n<li><span class=\"zeitraum\">1985-1990 <\/span>Studium an der Kunstschule &#8220;P. Selvatico&#8221;, Padua<\/li>\n<li><span class=\"zeitraum\">1990-1992 <\/span>Royal College of Art, London, arbeitet f\u00fcr Francesco Pavan und Paolo Maurizio<\/li>\n<\/ul>\n<h2>Exhibits in public art collections<\/h2>\n<ul>\n<li><b>Exhibits in public art collections:<\/b><\/li>\n<li>M\u00fcnchen, London, Montreal, Paris, Graz.<\/li>\n<\/ul>\n<h2>Awards<\/h2>\n<ul>\n<li><span class=\"zeitraum\">1990 <\/span>3. Preis &#8220;Signaturen&#8221;, Schw\u00e4bisch-Gm\u00fcnd<\/li>\n<li><span class=\"zeitraum\">1991 <\/span>2. Preis &#8220;Workshipful Company of Gold and Silver Wyre Drawers Competition&#8221;, London<\/li>\n<li><span class=\"zeitraum\">1992 <\/span>Herbert-Hofmann-Preis, M\u00fcnchen<\/li>\n<li><span class=\"zeitraum\">1996 <\/span>2. Preis &#8220;Granulation&#8221;, Pforzheim<\/li>\n<li><span class=\"zeitraum\">1997 <\/span>Bayerischer Staatspreis, M\u00fcnchen<\/li>\n<li><span class=\"zeitraum\">1998 <\/span>&#8220;Prize for Highly Commended Work&#8221;, International Jewellery Design Competition 1997, Tokio, Japan<\/li>\n<\/ul>\n<h2>Exhibitions<\/h2>\n<ul>\n<li>Numerous international exhibitions.<\/li>\n<\/ul>\n<\/div>\n<p class=\"zitat\">\n<p class=\"kuenstlerlink objekte-online\"><a href=\"http:\/\/www.galerie-slavik.com\/en\/produkt-kategorie\/giovanni-corvaja-artist\/\">See all objects by Giovanni Corvaja<\/a><\/p>\n<p class=\"fotonachweis\">\n<p>[vc_row]<\/p>\n<p>[vc_column]<\/p>\n<div class=\"woocommerce columns-4 \"><ul class=\"products columns-4\">\n<li class=\"product type-product post-3831 status-publish first instock product_cat-artist product_cat-bracelet product_cat-giovanni-corvaja-artist product_cat-nicht-startrotation-en has-post-thumbnail product-type-simple\">\n\t<div class=\"product-artist\">Giovanni Corvaja<\/div><div class=\"product-sku\">Nr. 100834<\/div><\/li>\n<li class=\"product type-product post-3830 status-publish instock product_cat-artist product_cat-giovanni-corvaja-artist product_cat-necklace product_cat-nicht-startrotation-en has-post-thumbnail product-type-simple\">\n\t<div class=\"product-artist\">Giovanni Corvaja<\/div><div class=\"product-sku\">Nr. 100833<\/div><\/li>\n<li class=\"product type-product post-3827 status-publish instock product_cat-artist product_cat-brooches product_cat-giovanni-corvaja-artist product_cat-nicht-startrotation-en has-post-thumbnail product-type-simple\">\n\t<div class=\"product-artist\">Giovanni Corvaja<\/div><div class=\"product-sku\">Nr. 100830<\/div><\/li>\n<li class=\"product type-product post-3826 status-publish last instock product_cat-artist product_cat-brooches product_cat-giovanni-corvaja-artist product_cat-nicht-startrotation-en has-post-thumbnail product-type-simple\">\n\t<div class=\"product-artist\">Giovanni Corvaja<\/div><div class=\"product-sku\">Nr. 100829<\/div><\/li>\n<li class=\"product type-product post-3825 status-publish first instock product_cat-artist product_cat-brooches product_cat-giovanni-corvaja-artist product_cat-nicht-startrotation-en has-post-thumbnail product-type-simple\">\n\t<div class=\"product-artist\">Giovanni Corvaja<\/div><div class=\"product-sku\">Nr. 100828<\/div><\/li>\n<li class=\"product type-product post-3824 status-publish instock product_cat-artist product_cat-giovanni-corvaja-artist product_cat-nicht-startrotation-en product_cat-rings has-post-thumbnail product-type-simple\">\n\t<div class=\"product-artist\">Giovanni Corvaja<\/div><div class=\"product-sku\">Nr. 100825<\/div><\/li>\n<li class=\"product type-product post-3818 status-publish instock product_cat-artist product_cat-brooches product_cat-giovanni-corvaja-artist product_cat-nicht-startrotation-en has-post-thumbnail product-type-simple\">\n\t<div class=\"product-artist\">Giovanni Corvaja<\/div><div class=\"product-sku\">Nr. 100819<\/div><\/li>\n<li class=\"product type-product post-3817 status-publish last instock product_cat-artist product_cat-brooches product_cat-giovanni-corvaja-artist product_cat-nicht-startrotation-en has-post-thumbnail product-type-simple\">\n\t<div class=\"product-artist\">Giovanni Corvaja<\/div><div class=\"product-sku\">Nr. 100818<\/div><\/li>\n<\/ul>\n<\/div>\n<p>[\/vc_column]<\/p>\n<p>[\/vc_row]<\/p>\n<\/div>","protected":false},"excerpt":{"rendered":"Biographie 1971 geboren in Padua 1985-1990 Studium an der Kunstschule &#8220;P. Selvatico&#8221;, Padua 1990-1992 Royal College of Art, London, arbeitet f\u00fcr Francesco Pavan und Paolo Maurizio Exhibits in public art collections Exhibits in public art collections: M\u00fcnchen, London, Montreal, Paris, Graz. Awards 1990 3. Preis &#8220;Signaturen&#8221;, Schw\u00e4bisch-Gm\u00fcnd 1991 2. Preis &#8220;Workshipful Company of Gold and&#8230; <a class=\"view-article\" href=\"https:\/\/www.galerie-slavik.com\/en\/giovanni-corvaja\/\">View Article<\/a>","protected":false},"author":4,"featured_media":737,"parent":0,"menu_order":0,"comment_status":"closed","ping_status":"open","template":"","meta":{"footnotes":""},"categories":[135,619],"tags":[],"_links":{"self":[{"href":"https:\/\/www.galerie-slavik.com\/en\/wp-json\/wp\/v2\/pages\/1033"}],"collection":[{"href":"https:\/\/www.galerie-slavik.com\/en\/wp-json\/wp\/v2\/pages"}],"about":[{"href":"https:\/\/www.galerie-slavik.com\/en\/wp-json\/wp\/v2\/types\/page"}],"author":[{"embeddable":true,"href":"https:\/\/www.galerie-slavik.com\/en\/wp-json\/wp\/v2\/users\/4"}],"replies":[{"embeddable":true,"href":"https:\/\/www.galerie-slavik.com\/en\/wp-json\/wp\/v2\/comments?post=1033"}],"version-history":[{"count":3,"href":"https:\/\/www.galerie-slavik.com\/en\/wp-json\/wp\/v2\/pages\/1033\/revisions"}],"predecessor-version":[{"id":1627,"href":"https:\/\/www.galerie-slavik.com\/en\/wp-json\/wp\/v2\/pages\/1033\/revisions\/1627"}],"wp:featuredmedia":[{"embeddable":true,"href":"https:\/\/www.galerie-slavik.com\/en\/wp-json\/wp\/v2\/media\/737"}],"wp:attachment":[{"href":"https:\/\/www.galerie-slavik.com\/en\/wp-json\/wp\/v2\/media?parent=1033"}],"wp:term":[{"taxonomy":"category","embeddable":true,"href":"https:\/\/www.galerie-slavik.com\/en\/wp-json\/wp\/v2\/categories?post=1033"},{"taxonomy":"post_tag","embeddable":true,"href":"https:\/\/www.galerie-slavik.com\/en\/wp-json\/wp\/v2\/tags?post=1033"}],"curies":[{"name":"wp","href":"https:\/\/api.w.org\/{rel}","templated":true}]}}