{"id":1034,"date":"2023-03-01T14:59:12","date_gmt":"2023-03-01T13:59:12","guid":{"rendered":"http:\/\/www.galerie-slavik.com\/en\/kuenstler\/elisabeth-jesus-defner\/"},"modified":"2026-01-26T22:54:51","modified_gmt":"2026-01-26T21:54:51","slug":"elisabeth-jesus-defner","status":"publish","type":"page","link":"https:\/\/www.galerie-slavik.com\/en\/elisabeth-jesus-defner\/","title":{"rendered":"Elisabeth Jesus Defner"},"content":{"rendered":"<div class=\"wpb-content-wrapper\"><div class=\"biografie\">\n<div id=\"post_thumbnail\"><img src=\"https:\/\/www.galerie-slavik.com\/wp-content\/uploads\/2016\/05\/k009.jpg\" class=\"attachment-full size-full wp-post-image\" alt=\"\" decoding=\"async\" srcset=\"https:\/\/www.galerie-slavik.com\/wp-content\/uploads\/2016\/05\/k009.jpg 320w, https:\/\/www.galerie-slavik.com\/wp-content\/uploads\/2016\/05\/k009-100x100.jpg 100w, https:\/\/www.galerie-slavik.com\/wp-content\/uploads\/2016\/05\/k009-150x150.jpg 150w, https:\/\/www.galerie-slavik.com\/wp-content\/uploads\/2016\/05\/k009-250x252.jpg 250w, https:\/\/www.galerie-slavik.com\/wp-content\/uploads\/2016\/05\/k009-120x121.jpg 120w\" sizes=\"(max-width: 320px) 100vw, 320px\" \/><\/div>\n<h2>Biographie<\/h2>\n<ul>\n<li><span class=\"zeitraum\">1931 <\/span>Born in Innsbruck (At)<\/li>\n<li><span class=\"zeitraum\">1961 <\/span>Diploma of the Academy of Applied Arts, Vienna (At)<\/li>\n<li><span class=\"zeitraum\">1961 &#8211; 1963 <\/span>Employed at the &#8220;\u00d6sterreichischen Werkst\u00e4tten&#8221;<\/li>\n<li><span class=\"zeitraum\">seit 1963 <\/span>Own studio in Vienna (At), until 1976 jointly with Helfried Kodr\u00e9<\/li>\n<li><span class=\"zeitraum\">1983 <\/span>Attended the world\u00b4s largest congress on magnets<\/li>\n<li><span class=\"zeitraum\">1985 <\/span>Applied for a pantent for magnetic clasps<\/li>\n<li><span class=\"zeitraum\">1991 <\/span>Lectureship at the Royal College of Art<\/li>\n<li><span class=\"zeitraum\">1998\/99 <\/span>Lecturer in metal design, art didacta summer academy, Innsbruck (At)<\/li>\n<li><span class=\"zeitraum\">2017 <\/span>Died on 5 June in Vienna (At)<\/li>\n<li><\/li>\n<li><\/li>\n<\/ul>\n<h2>Exhibits in public art collections<\/h2>\n<ul>\n<li><\/li>\n<li>Vienna (At), Prague (Cz), Graz (At), Cologne (Ger), Edinborough (GB)<\/li>\n<\/ul>\n<h2>Awards<\/h2>\n<ul>\n<li><span class=\"zeitraum\">1967 <\/span>Bavarian State Award, Munich (Ger)<\/li>\n<li><span class=\"zeitraum\">1968 <\/span>Award of the Viennese Art Fond (At)<\/li>\n<li><span class=\"zeitraum\">1970 <\/span>Diamond International Award, New York (USA)<\/li>\n<\/ul>\n<h2>Exhibitions<\/h2>\n<ul>\n<li>Numerous international solo exhibitions.<\/li>\n<\/ul>\n<h2>Publications<\/h2>\n<ul>\n<li><span class=\"zeitraum\">2012 <\/span>Karl Bollmann, Elisabeth J.Gu.Defner<br \/>\nMan\/ Nature\/ Cosmos<br \/>\nJewellery and Objects<br \/>\nArnoldsche Art Publishers<\/li>\n<\/ul>\n<\/div>\n<p class=\"kuenstlerlink objekte-online\"><a href=\"http:\/\/www.galerie-slavik.com\/en\/produkt-kategorie\/elisabeth-jesus-defner-artist\/\">See all objects by Elisabeth Jesus Defner<\/a><\/p>\n<p>[vc_row]<\/p>\n<p>[vc_column]<\/p>\n<div class=\"woocommerce columns-4 \"><ul class=\"products columns-4\">\n<li class=\"product type-product post-17537 status-publish first instock product_cat-artist product_cat-brooches product_cat-elisabeth-jesus-defner-artist product_cat-nicht-startrotation-en has-post-thumbnail product-type-simple\">\n\t<div class=\"product-artist\">Elisabeth Jesus Defner<\/div><div class=\"product-sku\">Nr. 100963<\/div><\/li>\n<li class=\"product type-product post-9777 status-publish instock product_cat-artist product_cat-elisabeth-jesus-defner-artist product_cat-nicht-startrotation-en product_cat-rings has-post-thumbnail product-type-simple\">\n\t<div class=\"product-artist\">Elisabeth Jesus Defner<\/div><div class=\"product-sku\">Nr. 100954<\/div><\/li>\n<li class=\"product type-product post-11371 status-publish instock product_cat-artist product_cat-elisabeth-jesus-defner-artist product_cat-nicht-startrotation-en product_cat-rings has-post-thumbnail product-type-simple\">\n\t<div class=\"product-artist\">Elisabeth Jesus Defner<\/div><div class=\"product-sku\">Nr. 100960<\/div><\/li>\n<li class=\"product type-product post-11756 status-publish last instock product_cat-artist product_cat-elisabeth-jesus-defner-artist product_cat-nicht-startrotation-en product_cat-rings has-post-thumbnail product-type-simple\">\n\t<div class=\"product-artist\">Elisabeth Jesus Defner<\/div><div class=\"product-sku\">Nr. 100962<\/div><\/li>\n<li class=\"product type-product post-9618 status-publish first instock product_cat-artist product_cat-elisabeth-jesus-defner-artist product_cat-nicht-startrotation-en product_cat-rings has-post-thumbnail product-type-simple\">\n\t<div class=\"product-artist\">Elisabeth Jesus Defner<\/div><div class=\"product-sku\">Nr. 100952<\/div><\/li>\n<li class=\"product type-product post-11372 status-publish instock product_cat-artist product_cat-elisabeth-jesus-defner-artist product_cat-nicht-startrotation-en product_cat-rings has-post-thumbnail product-type-simple\">\n\t<div class=\"product-artist\">Elisabeth Jesus Defner<\/div><div class=\"product-sku\">Nr. 100961<\/div><\/li>\n<li class=\"product type-product post-10312 status-publish instock product_cat-artist product_cat-elisabeth-jesus-defner-artist product_cat-necklace product_cat-nicht-startrotation-en has-post-thumbnail product-type-simple\">\n\t<div class=\"product-artist\">Elisabeth Jesus Defner<\/div><div class=\"product-sku\">Nr. 100959<\/div><\/li>\n<li class=\"product type-product post-9788 status-publish last instock product_cat-artist product_cat-elisabeth-jesus-defner-artist product_cat-necklace product_cat-nicht-startrotation-en has-post-thumbnail product-type-simple\">\n\t<div class=\"product-artist\">Elisabeth Jesus Defner<\/div><div class=\"product-sku\">Nr. 100958<\/div><\/li>\n<\/ul>\n<\/div>\n<p>[\/vc_column]<\/p>\n<p>[\/vc_row]<\/p>\n<\/div>","protected":false},"excerpt":{"rendered":"Biographie 1931 Born in Innsbruck (At) 1961 Diploma of the Academy of Applied Arts, Vienna (At) 1961 &#8211; 1963 Employed at the &#8220;\u00d6sterreichischen Werkst\u00e4tten&#8221; seit 1963 Own studio in Vienna (At), until 1976 jointly with Helfried Kodr\u00e9 1983 Attended the world\u00b4s largest congress on magnets 1985 Applied for a pantent for magnetic clasps 1991 Lectureship&#8230; <a class=\"view-article\" href=\"https:\/\/www.galerie-slavik.com\/en\/elisabeth-jesus-defner\/\">View Article<\/a>","protected":false},"author":4,"featured_media":738,"parent":0,"menu_order":0,"comment_status":"closed","ping_status":"open","template":"","meta":{"footnotes":""},"categories":[619],"tags":[],"_links":{"self":[{"href":"https:\/\/www.galerie-slavik.com\/en\/wp-json\/wp\/v2\/pages\/1034"}],"collection":[{"href":"https:\/\/www.galerie-slavik.com\/en\/wp-json\/wp\/v2\/pages"}],"about":[{"href":"https:\/\/www.galerie-slavik.com\/en\/wp-json\/wp\/v2\/types\/page"}],"author":[{"embeddable":true,"href":"https:\/\/www.galerie-slavik.com\/en\/wp-json\/wp\/v2\/users\/4"}],"replies":[{"embeddable":true,"href":"https:\/\/www.galerie-slavik.com\/en\/wp-json\/wp\/v2\/comments?post=1034"}],"version-history":[{"count":11,"href":"https:\/\/www.galerie-slavik.com\/en\/wp-json\/wp\/v2\/pages\/1034\/revisions"}],"predecessor-version":[{"id":17614,"href":"https:\/\/www.galerie-slavik.com\/en\/wp-json\/wp\/v2\/pages\/1034\/revisions\/17614"}],"wp:featuredmedia":[{"embeddable":true,"href":"https:\/\/www.galerie-slavik.com\/en\/wp-json\/wp\/v2\/media\/738"}],"wp:attachment":[{"href":"https:\/\/www.galerie-slavik.com\/en\/wp-json\/wp\/v2\/media?parent=1034"}],"wp:term":[{"taxonomy":"category","embeddable":true,"href":"https:\/\/www.galerie-slavik.com\/en\/wp-json\/wp\/v2\/categories?post=1034"},{"taxonomy":"post_tag","embeddable":true,"href":"https:\/\/www.galerie-slavik.com\/en\/wp-json\/wp\/v2\/tags?post=1034"}],"curies":[{"name":"wp","href":"https:\/\/api.w.org\/{rel}","templated":true}]}}