{"id":1036,"date":"2016-05-26T15:30:46","date_gmt":"2016-05-26T13:30:46","guid":{"rendered":"http:\/\/www.galerie-slavik.com\/en\/kuenstler\/sabine-hauss\/"},"modified":"2018-09-25T23:17:28","modified_gmt":"2018-09-25T21:17:28","slug":"sabine-hauss","status":"publish","type":"page","link":"https:\/\/www.galerie-slavik.com\/en\/sabine-hauss\/","title":{"rendered":"Sabine Hauss"},"content":{"rendered":"<div class=\"wpb-content-wrapper\"><div class=\"biografie\"><div id=\"post_thumbnail\"><img src=\"https:\/\/www.galerie-slavik.com\/wp-content\/uploads\/2016\/05\/k012.jpg\" class=\"attachment-full size-full wp-post-image\" alt=\"\" decoding=\"async\" srcset=\"https:\/\/www.galerie-slavik.com\/wp-content\/uploads\/2016\/05\/k012.jpg 320w, https:\/\/www.galerie-slavik.com\/wp-content\/uploads\/2016\/05\/k012-250x339.jpg 250w, https:\/\/www.galerie-slavik.com\/wp-content\/uploads\/2016\/05\/k012-120x163.jpg 120w\" sizes=\"(max-width: 320px) 100vw, 320px\" \/><\/div>\n<h2>Biographie<\/h2>\n<ul>\n<li><span class=\"zeitraum\">1961 <\/span>geboren in Pforzheim<\/li>\n<li><span class=\"zeitraum\">1981-1986 <\/span>Studium an der Fachhochschule Pforzheim bei Prof. Stark, Prof. Reiling und Prof. Lorenzen Schmuck und Ger\u00e4tedesign<\/li>\n<li><span class=\"zeitraum\">1988-1989 <\/span>Stipendium des DAAD, Gaststudent bei Prof. Ramon Puig Cuyas an der Escuela Massana in Barcelona<\/li>\n<li><span class=\"zeitraum\">1992 <\/span>Lehrt\u00e4tigkeit in Lissabon an der Fachhochschule f\u00fcr Schmuckdesign Contacto Directo<\/li>\n<li><span class=\"zeitraum\">1997 <\/span>Lehrt\u00e4tigkeit am Centro de Joalharia do Porto und an der Fachhochschule f\u00fcr Schmuckdesign Contacto Directo in Lissabon<\/li>\n<\/ul>\n<h2>Exhibitions<\/h2>\n<ul>\n<li>Numerous international exhibitions.<\/li>\n<\/ul>\n<\/div>\n<p class=\"zitat\">\n<p class=\"kuenstlerlink objekte-online\"><a href=\"http:\/\/www.galerie-slavik.com\/en\/produkt-kategorie\/sabine-hauss-artist\/\">See all objects by Sabine Hauss<\/a><\/p>\n<p class=\"fotonachweis\">\n<p>[vc_row]<\/p>\n<p>[vc_column]<\/p>\n<div class=\"woocommerce columns-4 \"><ul class=\"products columns-4\">\n<li class=\"product type-product post-1916 status-publish first instock product_cat-artist product_cat-brooches product_cat-nicht-startrotation-en product_cat-sabine-hauss-artist has-post-thumbnail product-type-simple\">\n\t<div class=\"product-artist\">Sabine Hauss<\/div><div class=\"product-sku\">Nr. 101259<\/div><\/li>\n<li class=\"product type-product post-3870 status-publish instock product_cat-artist product_cat-necklace product_cat-nicht-startrotation-en product_cat-sabine-hauss-artist has-post-thumbnail product-type-simple\">\n\t<div class=\"product-artist\">Sabine Hauss<\/div><div class=\"product-sku\">Nr. 101213<\/div><\/li>\n<li class=\"product type-product post-3868 status-publish instock product_cat-artist product_cat-nicht-startrotation-en product_cat-rings product_cat-sabine-hauss-artist has-post-thumbnail product-type-simple\">\n\t<div class=\"product-artist\">Sabine Hauss<\/div><div class=\"product-sku\">Nr. 101211<\/div><\/li>\n<li class=\"product type-product post-3867 status-publish last instock product_cat-artist product_cat-necklace product_cat-nicht-startrotation-en product_cat-sabine-hauss-artist has-post-thumbnail product-type-simple\">\n\t<div class=\"product-artist\">Sabine Hauss<\/div><div class=\"product-sku\">Nr. 101210<\/div><\/li>\n<li class=\"product type-product post-3866 status-publish first instock product_cat-artist product_cat-earrings product_cat-nicht-startrotation-en product_cat-sabine-hauss-artist has-post-thumbnail product-type-simple\">\n\t<div class=\"product-artist\">Sabine Hauss<\/div><div class=\"product-sku\">Nr. 101209<\/div><\/li>\n<li class=\"product type-product post-3865 status-publish instock product_cat-artist product_cat-earrings product_cat-nicht-startrotation-en product_cat-sabine-hauss-artist has-post-thumbnail product-type-simple\">\n\t<div class=\"product-artist\">Sabine Hauss<\/div><div class=\"product-sku\">Nr. 101208<\/div><\/li>\n<li class=\"product type-product post-3864 status-publish instock product_cat-artist product_cat-earrings product_cat-nicht-startrotation-en product_cat-sabine-hauss-artist has-post-thumbnail product-type-simple\">\n\t<div class=\"product-artist\">Sabine Hauss<\/div><div class=\"product-sku\">Nr. 101207<\/div><\/li>\n<li class=\"product type-product post-3863 status-publish last instock product_cat-artist product_cat-earrings product_cat-nicht-startrotation-en product_cat-sabine-hauss-artist has-post-thumbnail product-type-simple\">\n\t<div class=\"product-artist\">Sabine Hauss<\/div><div class=\"product-sku\">Nr. 101206<\/div><\/li>\n<\/ul>\n<\/div>\n<p>[\/vc_column]<\/p>\n<p>[\/vc_row]<\/p>\n<\/div>","protected":false},"excerpt":{"rendered":"Biographie 1961 geboren in Pforzheim 1981-1986 Studium an der Fachhochschule Pforzheim bei Prof. Stark, Prof. Reiling und Prof. Lorenzen Schmuck und Ger\u00e4tedesign 1988-1989 Stipendium des DAAD, Gaststudent bei Prof. Ramon Puig Cuyas an der Escuela Massana in Barcelona 1992 Lehrt\u00e4tigkeit in Lissabon an der Fachhochschule f\u00fcr Schmuckdesign Contacto Directo 1997 Lehrt\u00e4tigkeit am Centro de Joalharia&#8230; <a class=\"view-article\" href=\"https:\/\/www.galerie-slavik.com\/en\/sabine-hauss\/\">View Article<\/a>","protected":false},"author":4,"featured_media":740,"parent":0,"menu_order":0,"comment_status":"closed","ping_status":"open","template":"","meta":{"footnotes":""},"categories":[135,619],"tags":[],"_links":{"self":[{"href":"https:\/\/www.galerie-slavik.com\/en\/wp-json\/wp\/v2\/pages\/1036"}],"collection":[{"href":"https:\/\/www.galerie-slavik.com\/en\/wp-json\/wp\/v2\/pages"}],"about":[{"href":"https:\/\/www.galerie-slavik.com\/en\/wp-json\/wp\/v2\/types\/page"}],"author":[{"embeddable":true,"href":"https:\/\/www.galerie-slavik.com\/en\/wp-json\/wp\/v2\/users\/4"}],"replies":[{"embeddable":true,"href":"https:\/\/www.galerie-slavik.com\/en\/wp-json\/wp\/v2\/comments?post=1036"}],"version-history":[{"count":3,"href":"https:\/\/www.galerie-slavik.com\/en\/wp-json\/wp\/v2\/pages\/1036\/revisions"}],"predecessor-version":[{"id":1630,"href":"https:\/\/www.galerie-slavik.com\/en\/wp-json\/wp\/v2\/pages\/1036\/revisions\/1630"}],"wp:featuredmedia":[{"embeddable":true,"href":"https:\/\/www.galerie-slavik.com\/en\/wp-json\/wp\/v2\/media\/740"}],"wp:attachment":[{"href":"https:\/\/www.galerie-slavik.com\/en\/wp-json\/wp\/v2\/media?parent=1036"}],"wp:term":[{"taxonomy":"category","embeddable":true,"href":"https:\/\/www.galerie-slavik.com\/en\/wp-json\/wp\/v2\/categories?post=1036"},{"taxonomy":"post_tag","embeddable":true,"href":"https:\/\/www.galerie-slavik.com\/en\/wp-json\/wp\/v2\/tags?post=1036"}],"curies":[{"name":"wp","href":"https:\/\/api.w.org\/{rel}","templated":true}]}}