{"id":1039,"date":"2016-05-26T15:30:46","date_gmt":"2016-05-26T13:30:46","guid":{"rendered":"http:\/\/www.galerie-slavik.com\/en\/kuenstler\/hermann-juenger\/"},"modified":"2018-09-25T23:16:22","modified_gmt":"2018-09-25T21:16:22","slug":"hermann-juenger","status":"publish","type":"page","link":"https:\/\/www.galerie-slavik.com\/en\/hermann-juenger\/","title":{"rendered":"Hermann J\u00fcnger"},"content":{"rendered":"<div class=\"wpb-content-wrapper\"><div class=\"biografie\"><div id=\"post_thumbnail\"><img src=\"https:\/\/www.galerie-slavik.com\/wp-content\/uploads\/2016\/05\/k016.jpg\" class=\"attachment-full size-full wp-post-image\" alt=\"\" decoding=\"async\" srcset=\"https:\/\/www.galerie-slavik.com\/wp-content\/uploads\/2016\/05\/k016.jpg 320w, https:\/\/www.galerie-slavik.com\/wp-content\/uploads\/2016\/05\/k016-250x332.jpg 250w, https:\/\/www.galerie-slavik.com\/wp-content\/uploads\/2016\/05\/k016-120x159.jpg 120w\" sizes=\"(max-width: 320px) 100vw, 320px\" \/><\/div>\n<h2>Biographie<\/h2>\n<ul>\n<li><span class=\"zeitraum\">1928 <\/span>geboren in Hanau am Main<\/li>\n<li><span class=\"zeitraum\">1953 <\/span>Beginn des dreij\u00e4hrigen Studiums an der Akademie der Bildenden K\u00fcnste M\u00fcnchen bei dem Gold- und Silberschmied Franz Rickert<\/li>\n<li><span class=\"zeitraum\">1968 <\/span>Teilnahme am 1. Internationalen Symposium f\u00fcr Silberschmuck in Jablonec, CSR<\/li>\n<li><span class=\"zeitraum\">1972 <\/span>Berufung an die Akademie der Bildenden K\u00fcnste in M\u00fcnchen als Nachfolger von Franz Rickert<\/li>\n<li><span class=\"zeitraum\">1982 <\/span>Wahl zum Mitglied der Bayerischen Akademie der sch\u00f6nen K\u00fcnste<\/li>\n<li><span class=\"zeitraum\">1990 <\/span>Ende der Lehrt\u00e4tigkeit an der Akademie M\u00fcnchen<\/li>\n<\/ul>\n<h2>Exhibits in public art collections<\/h2>\n<ul>\n<li>Frankfurt, Hamburg, Hannover, Jablonec, K\u00f6ln, London, Melbourne, M\u00fcnchen, Perth, Pforzheim, Prag, Sydney.<\/li>\n<\/ul>\n<h2>Awards<\/h2>\n<ul>\n<li>Bayerischer Staatspreis, M\u00fcnchen<\/li>\n<li>F\u00f6rderpreis des Bayerischen Staates f\u00fcr junge bildende K\u00fcnstler<\/li>\n<li>Ehrenring der Gesellschaft f\u00fcr Goldschmiedekunst Preis der Stadt M\u00fcnchen f\u00fcr Design und Angewandte Kunst sowie zahlreiche andere Auszeichnungen<\/li>\n<\/ul>\n<h2>Exhibitions<\/h2>\n<ul>\n<li>Numerous international exhibitions.<\/li>\n<\/ul>\n<\/div>\n<p class=\"zitat\">\n<p class=\"kuenstlerlink objekte-online\"><a href=\"http:\/\/www.galerie-slavik.com\/en\/produkt-kategorie\/hermann-juenger-artist\/\">See all objects by Hermann J\u00fcnger<\/a><\/p>\n<p class=\"fotonachweis\">\n<p>[vc_row]<\/p>\n<p>[vc_column]<\/p>\n<div class=\"woocommerce columns-4 \"><ul class=\"products columns-4\">\n<li class=\"product type-product post-3935 status-publish first instock product_cat-artist product_cat-brooches product_cat-hermann-juenger-artist product_cat-nicht-startrotation-en product_cat-verkauft-en has-post-thumbnail product-type-simple\">\n\t<div class=\"product-artist\">Hermann J\u00fcnger<\/div><div class=\"product-sku\">Nr. 101604<\/div><\/li>\n<li class=\"product type-product post-3934 status-publish instock product_cat-artist product_cat-brooches product_cat-hermann-juenger-artist product_cat-nicht-startrotation-en product_cat-verkauft-en has-post-thumbnail product-type-simple\">\n\t<div class=\"product-artist\">Hermann J\u00fcnger<\/div><div class=\"product-sku\">Nr. 101603<\/div><\/li>\n<li class=\"product type-product post-3933 status-publish instock product_cat-artist product_cat-brooches product_cat-hermann-juenger-artist product_cat-nicht-startrotation-en product_cat-verkauft-en has-post-thumbnail product-type-simple\">\n\t<div class=\"product-artist\">Hermann J\u00fcnger<\/div><div class=\"product-sku\">Nr. 101602<\/div><\/li>\n<li class=\"product type-product post-3932 status-publish last instock product_cat-artist product_cat-brooches product_cat-hermann-juenger-artist product_cat-nicht-startrotation-en product_cat-verkauft-en has-post-thumbnail product-type-simple\">\n\t<div class=\"product-artist\">Hermann J\u00fcnger<\/div><div class=\"product-sku\">Nr. 101601<\/div><\/li>\n<\/ul>\n<\/div>\n<p>[\/vc_column]<\/p>\n<p>[\/vc_row]<\/p>\n<\/div>","protected":false},"excerpt":{"rendered":"Biographie 1928 geboren in Hanau am Main 1953 Beginn des dreij\u00e4hrigen Studiums an der Akademie der Bildenden K\u00fcnste M\u00fcnchen bei dem Gold- und Silberschmied Franz Rickert 1968 Teilnahme am 1. Internationalen Symposium f\u00fcr Silberschmuck in Jablonec, CSR 1972 Berufung an die Akademie der Bildenden K\u00fcnste in M\u00fcnchen als Nachfolger von Franz Rickert 1982 Wahl zum&#8230; <a class=\"view-article\" href=\"https:\/\/www.galerie-slavik.com\/en\/hermann-juenger\/\">View Article<\/a>","protected":false},"author":4,"featured_media":744,"parent":0,"menu_order":0,"comment_status":"closed","ping_status":"open","template":"","meta":{"footnotes":""},"categories":[135,619],"tags":[],"_links":{"self":[{"href":"https:\/\/www.galerie-slavik.com\/en\/wp-json\/wp\/v2\/pages\/1039"}],"collection":[{"href":"https:\/\/www.galerie-slavik.com\/en\/wp-json\/wp\/v2\/pages"}],"about":[{"href":"https:\/\/www.galerie-slavik.com\/en\/wp-json\/wp\/v2\/types\/page"}],"author":[{"embeddable":true,"href":"https:\/\/www.galerie-slavik.com\/en\/wp-json\/wp\/v2\/users\/4"}],"replies":[{"embeddable":true,"href":"https:\/\/www.galerie-slavik.com\/en\/wp-json\/wp\/v2\/comments?post=1039"}],"version-history":[{"count":3,"href":"https:\/\/www.galerie-slavik.com\/en\/wp-json\/wp\/v2\/pages\/1039\/revisions"}],"predecessor-version":[{"id":1634,"href":"https:\/\/www.galerie-slavik.com\/en\/wp-json\/wp\/v2\/pages\/1039\/revisions\/1634"}],"wp:featuredmedia":[{"embeddable":true,"href":"https:\/\/www.galerie-slavik.com\/en\/wp-json\/wp\/v2\/media\/744"}],"wp:attachment":[{"href":"https:\/\/www.galerie-slavik.com\/en\/wp-json\/wp\/v2\/media?parent=1039"}],"wp:term":[{"taxonomy":"category","embeddable":true,"href":"https:\/\/www.galerie-slavik.com\/en\/wp-json\/wp\/v2\/categories?post=1039"},{"taxonomy":"post_tag","embeddable":true,"href":"https:\/\/www.galerie-slavik.com\/en\/wp-json\/wp\/v2\/tags?post=1039"}],"curies":[{"name":"wp","href":"https:\/\/api.w.org\/{rel}","templated":true}]}}