{"id":1041,"date":"2016-07-11T12:04:49","date_gmt":"2016-07-11T10:04:49","guid":{"rendered":"http:\/\/www.galerie-slavik.com\/en\/kuenstler\/melanie-koelsch\/"},"modified":"2018-09-25T23:17:26","modified_gmt":"2018-09-25T21:17:26","slug":"melanie-koelsch","status":"publish","type":"page","link":"https:\/\/www.galerie-slavik.com\/en\/melanie-koelsch\/","title":{"rendered":"Melanie K\u00f6lsch"},"content":{"rendered":"<div class=\"wpb-content-wrapper\"><div class=\"biografie\"><div id=\"post_thumbnail\"><img src=\"https:\/\/www.galerie-slavik.com\/wp-content\/uploads\/2016\/05\/k018.jpg\" class=\"attachment-full size-full wp-post-image\" alt=\"\" decoding=\"async\" srcset=\"https:\/\/www.galerie-slavik.com\/wp-content\/uploads\/2016\/05\/k018.jpg 274w, https:\/\/www.galerie-slavik.com\/wp-content\/uploads\/2016\/05\/k018-250x259.jpg 250w, https:\/\/www.galerie-slavik.com\/wp-content\/uploads\/2016\/05\/k018-120x124.jpg 120w\" sizes=\"(max-width: 274px) 100vw, 274px\" \/><\/div>\n<h2>Biographie<\/h2>\n<ul>\n<li><span class=\"zeitraum\">1956 <\/span>geboren in Essen<\/li>\n<li><span class=\"zeitraum\">1984-1990 <\/span>Studium an der Akademie der Bildenden K\u00fcnste, M\u00fcnchen, Klasse f\u00fcr Schmuck und Ger\u00e4t, bei Prof. Hermann J\u00fcnger<\/li>\n<\/ul>\n<h2>Awards<\/h2>\n<ul>\n<li><span class=\"zeitraum\">1993 <\/span>Bayerischer Staatspreis f\u00fcr besondere gestalterische Leistung im Handwerk.<\/li>\n<li><span class=\"zeitraum\">1995 <\/span>F\u00f6rderpreis der Landeshauptstadt M\u00fcnchen f\u00fcr Angewandte Kunst.<\/li>\n<\/ul>\n<h2>Exhibitions<\/h2>\n<ul>\n<li>Numerous international exhibitions.<\/li>\n<\/ul>\n<\/div>\n<p class=\"zitat\">\n<p class=\"kuenstlerlink objekte-online\"><a href=\"http:\/\/www.galerie-slavik.com\/en\/produkt-kategorie\/melanie-koelsch-artist\/\">See all objects by Melanie K\u00f6lsch<\/a><\/p>\n<p class=\"fotonachweis\">\n<p>[vc_row]<\/p>\n<p>[vc_column]<\/p>\n<div class=\"woocommerce columns-4 \"><ul class=\"products columns-4\">\n<li class=\"product type-product post-3943 status-publish first instock product_cat-artist product_cat-brooches product_cat-melanie-koelsch-artist product_cat-nicht-startrotation-en has-post-thumbnail product-type-simple\">\n\t<div class=\"product-artist\">Melanie K\u00f6lsch<\/div><div class=\"product-sku\">Nr. 101815<\/div><\/li>\n<li class=\"product type-product post-3942 status-publish instock product_cat-artist product_cat-earrings product_cat-melanie-koelsch-artist product_cat-nicht-startrotation-en has-post-thumbnail product-type-simple\">\n\t<div class=\"product-artist\">Melanie K\u00f6lsch<\/div><div class=\"product-sku\">Nr. 101814<\/div><\/li>\n<li class=\"product type-product post-3941 status-publish instock product_cat-artist product_cat-earrings product_cat-melanie-koelsch-artist product_cat-nicht-startrotation-en has-post-thumbnail product-type-simple\">\n\t<div class=\"product-artist\">Melanie K\u00f6lsch<\/div><div class=\"product-sku\">Nr. 101813<\/div><\/li>\n<li class=\"product type-product post-3940 status-publish last instock product_cat-artist product_cat-earrings product_cat-melanie-koelsch-artist product_cat-nicht-startrotation-en has-post-thumbnail product-type-simple\">\n\t<div class=\"product-artist\">Melanie K\u00f6lsch<\/div><div class=\"product-sku\">Nr. 101809<\/div><\/li>\n<li class=\"product type-product post-3939 status-publish first instock product_cat-artist product_cat-earrings product_cat-melanie-koelsch-artist product_cat-nicht-startrotation-en has-post-thumbnail product-type-simple\">\n\t<div class=\"product-artist\">Melanie K\u00f6lsch<\/div><div class=\"product-sku\">Nr. 101808<\/div><\/li>\n<li class=\"product type-product post-3938 status-publish instock product_cat-artist product_cat-melanie-koelsch-artist product_cat-necklace product_cat-nicht-startrotation-en has-post-thumbnail product-type-simple\">\n\t<div class=\"product-artist\">Melanie K\u00f6lsch<\/div><div class=\"product-sku\">Nr. 101801<\/div><\/li>\n<\/ul>\n<\/div>\n<p>[\/vc_column]<\/p>\n<p>[\/vc_row]<\/p>\n<\/div>","protected":false},"excerpt":{"rendered":"Biographie 1956 geboren in Essen 1984-1990 Studium an der Akademie der Bildenden K\u00fcnste, M\u00fcnchen, Klasse f\u00fcr Schmuck und Ger\u00e4t, bei Prof. Hermann J\u00fcnger Awards 1993 Bayerischer Staatspreis f\u00fcr besondere gestalterische Leistung im Handwerk. 1995 F\u00f6rderpreis der Landeshauptstadt M\u00fcnchen f\u00fcr Angewandte Kunst. Exhibitions Numerous international exhibitions. See all objects by Melanie K\u00f6lsch [vc_row] [vc_column] [\/vc_column] [\/vc_row]","protected":false},"author":4,"featured_media":746,"parent":0,"menu_order":0,"comment_status":"closed","ping_status":"open","template":"","meta":{"footnotes":""},"categories":[135,619],"tags":[],"_links":{"self":[{"href":"https:\/\/www.galerie-slavik.com\/en\/wp-json\/wp\/v2\/pages\/1041"}],"collection":[{"href":"https:\/\/www.galerie-slavik.com\/en\/wp-json\/wp\/v2\/pages"}],"about":[{"href":"https:\/\/www.galerie-slavik.com\/en\/wp-json\/wp\/v2\/types\/page"}],"author":[{"embeddable":true,"href":"https:\/\/www.galerie-slavik.com\/en\/wp-json\/wp\/v2\/users\/4"}],"replies":[{"embeddable":true,"href":"https:\/\/www.galerie-slavik.com\/en\/wp-json\/wp\/v2\/comments?post=1041"}],"version-history":[{"count":4,"href":"https:\/\/www.galerie-slavik.com\/en\/wp-json\/wp\/v2\/pages\/1041\/revisions"}],"predecessor-version":[{"id":5929,"href":"https:\/\/www.galerie-slavik.com\/en\/wp-json\/wp\/v2\/pages\/1041\/revisions\/5929"}],"wp:featuredmedia":[{"embeddable":true,"href":"https:\/\/www.galerie-slavik.com\/en\/wp-json\/wp\/v2\/media\/746"}],"wp:attachment":[{"href":"https:\/\/www.galerie-slavik.com\/en\/wp-json\/wp\/v2\/media?parent=1041"}],"wp:term":[{"taxonomy":"category","embeddable":true,"href":"https:\/\/www.galerie-slavik.com\/en\/wp-json\/wp\/v2\/categories?post=1041"},{"taxonomy":"post_tag","embeddable":true,"href":"https:\/\/www.galerie-slavik.com\/en\/wp-json\/wp\/v2\/tags?post=1041"}],"curies":[{"name":"wp","href":"https:\/\/api.w.org\/{rel}","templated":true}]}}