{"id":1043,"date":"2016-05-26T15:30:48","date_gmt":"2016-05-26T13:30:48","guid":{"rendered":"http:\/\/www.galerie-slavik.com\/en\/kuenstler\/winfried-krueger\/"},"modified":"2018-09-25T23:17:55","modified_gmt":"2018-09-25T21:17:55","slug":"winfried-krueger","status":"publish","type":"page","link":"https:\/\/www.galerie-slavik.com\/en\/winfried-krueger\/","title":{"rendered":"Winfried Kr\u00fcger"},"content":{"rendered":"<div class=\"wpb-content-wrapper\"><div class=\"biografie\"><div id=\"post_thumbnail\"><img src=\"https:\/\/www.galerie-slavik.com\/wp-content\/uploads\/2016\/05\/k020.jpg\" class=\"attachment-full size-full wp-post-image\" alt=\"\" decoding=\"async\" srcset=\"https:\/\/www.galerie-slavik.com\/wp-content\/uploads\/2016\/05\/k020.jpg 320w, https:\/\/www.galerie-slavik.com\/wp-content\/uploads\/2016\/05\/k020-250x325.jpg 250w, https:\/\/www.galerie-slavik.com\/wp-content\/uploads\/2016\/05\/k020-120x156.jpg 120w\" sizes=\"(max-width: 320px) 100vw, 320px\" \/><\/div>\n<h2>Biographie<\/h2>\n<ul>\n<li><span class=\"zeitraum\">1944 <\/span>geboren in Bauschlott<\/li>\n<li><span class=\"zeitraum\">1963-1969 <\/span>Kunst- und Werkschule, Fachhochschule f\u00fcr Gestaltung, Pforzheim bei Prof. Reinhold Reiling<\/li>\n<li>seit 1989 Lehrer am Berufskolleg f\u00fcr Formgebung Schmuck und Ger\u00e4t in Pforzheim<\/li>\n<\/ul>\n<h2>Exhibits in public art collections<\/h2>\n<ul>\n<li>Pforzheim, Helsinki, Hamburg, s\u2019Hertogenbosch, Karlsruhe, Stuttgart, Berlin und in privaten Sammlungen.<\/li>\n<\/ul>\n<h2>Exhibitions<\/h2>\n<ul>\n<li>Numerous international exhibitions.<\/li>\n<\/ul>\n<\/div>\n<p class=\"zitat\">\n<p class=\"kuenstlerlink objekte-online\"><a href=\"http:\/\/www.galerie-slavik.com\/en\/produkt-kategorie\/winfried-krueger-artist\/\">See all objects by Winfried Kr\u00fcger<\/a><\/p>\n<p class=\"fotonachweis\">\n<p>[vc_row]<\/p>\n<p>[vc_column]<\/p>\n<div class=\"woocommerce columns-4 \"><ul class=\"products columns-4\">\n<li class=\"product type-product post-3961 status-publish first instock product_cat-artist product_cat-brooches product_cat-nicht-startrotation-en product_cat-winfried-krueger-artist has-post-thumbnail product-type-simple\">\n\t<div class=\"product-artist\">Winfried Kr\u00fcger<\/div><div class=\"product-sku\">Nr. 102001<\/div><\/li>\n<\/ul>\n<\/div>\n<p>[\/vc_column]<\/p>\n<p>[\/vc_row]<\/p>\n<\/div>","protected":false},"excerpt":{"rendered":"Biographie 1944 geboren in Bauschlott 1963-1969 Kunst- und Werkschule, Fachhochschule f\u00fcr Gestaltung, Pforzheim bei Prof. Reinhold Reiling seit 1989 Lehrer am Berufskolleg f\u00fcr Formgebung Schmuck und Ger\u00e4t in Pforzheim Exhibits in public art collections Pforzheim, Helsinki, Hamburg, s\u2019Hertogenbosch, Karlsruhe, Stuttgart, Berlin und in privaten Sammlungen. Exhibitions Numerous international exhibitions. See all objects by Winfried Kr\u00fcger&#8230; <a class=\"view-article\" href=\"https:\/\/www.galerie-slavik.com\/en\/winfried-krueger\/\">View Article<\/a>","protected":false},"author":4,"featured_media":748,"parent":0,"menu_order":0,"comment_status":"closed","ping_status":"open","template":"","meta":{"footnotes":""},"categories":[135,619],"tags":[],"_links":{"self":[{"href":"https:\/\/www.galerie-slavik.com\/en\/wp-json\/wp\/v2\/pages\/1043"}],"collection":[{"href":"https:\/\/www.galerie-slavik.com\/en\/wp-json\/wp\/v2\/pages"}],"about":[{"href":"https:\/\/www.galerie-slavik.com\/en\/wp-json\/wp\/v2\/types\/page"}],"author":[{"embeddable":true,"href":"https:\/\/www.galerie-slavik.com\/en\/wp-json\/wp\/v2\/users\/4"}],"replies":[{"embeddable":true,"href":"https:\/\/www.galerie-slavik.com\/en\/wp-json\/wp\/v2\/comments?post=1043"}],"version-history":[{"count":3,"href":"https:\/\/www.galerie-slavik.com\/en\/wp-json\/wp\/v2\/pages\/1043\/revisions"}],"predecessor-version":[{"id":1638,"href":"https:\/\/www.galerie-slavik.com\/en\/wp-json\/wp\/v2\/pages\/1043\/revisions\/1638"}],"wp:featuredmedia":[{"embeddable":true,"href":"https:\/\/www.galerie-slavik.com\/en\/wp-json\/wp\/v2\/media\/748"}],"wp:attachment":[{"href":"https:\/\/www.galerie-slavik.com\/en\/wp-json\/wp\/v2\/media?parent=1043"}],"wp:term":[{"taxonomy":"category","embeddable":true,"href":"https:\/\/www.galerie-slavik.com\/en\/wp-json\/wp\/v2\/categories?post=1043"},{"taxonomy":"post_tag","embeddable":true,"href":"https:\/\/www.galerie-slavik.com\/en\/wp-json\/wp\/v2\/tags?post=1043"}],"curies":[{"name":"wp","href":"https:\/\/api.w.org\/{rel}","templated":true}]}}