{"id":1049,"date":"2023-12-16T12:50:17","date_gmt":"2023-12-16T11:50:17","guid":{"rendered":"http:\/\/www.galerie-slavik.com\/en\/kuenstler\/gerti-machacek\/"},"modified":"2023-12-16T12:50:17","modified_gmt":"2023-12-16T11:50:17","slug":"gerti-machacek","status":"publish","type":"page","link":"https:\/\/www.galerie-slavik.com\/en\/gerti-machacek\/","title":{"rendered":"Gerti Machacek"},"content":{"rendered":"<div class=\"wpb-content-wrapper\"><div class=\"biografie\"><div id=\"post_thumbnail\"><img src=\"https:\/\/www.galerie-slavik.com\/wp-content\/uploads\/2016\/05\/k028.jpg\" class=\"attachment-full size-full wp-post-image\" alt=\"\" decoding=\"async\" srcset=\"https:\/\/www.galerie-slavik.com\/wp-content\/uploads\/2016\/05\/k028.jpg 319w, https:\/\/www.galerie-slavik.com\/wp-content\/uploads\/2016\/05\/k028-250x351.jpg 250w, https:\/\/www.galerie-slavik.com\/wp-content\/uploads\/2016\/05\/k028-120x169.jpg 120w\" sizes=\"(max-width: 319px) 100vw, 319px\" \/><\/div>\n<h2>Biographie<\/h2>\n<ul>\n<li><span class=\"zeitraum\">1955 <\/span>born in Vienna<\/li>\n<li><span class=\"zeitraum\">1973-1976 <\/span>University Studies of History of Art<\/li>\n<li><span class=\"zeitraum\">1980 <\/span>Master for gold and silver smithing and jeweller<\/li>\n<li><span class=\"zeitraum\">1981 <\/span>free lance artist in Vienna<\/li>\n<li><\/li>\n<\/ul>\n<h2>Exhibits in public art collections<\/h2>\n<ul>\n<li><span class=\"zeitraum\">1998 <\/span>Museum of Applied Arts, Vienna (At)<\/li>\n<li>Artothek (art collection of the city of Vienna)<\/li>\n<li>Museum of Salzburg (At)<\/li>\n<li>private collections in Vienna (At) and Munich (Ger)<\/li>\n<\/ul>\n<h2>Awards<\/h2>\n<ul>\n<li><span class=\"zeitraum\">1992 <\/span>Anerkennungspreis beim 4. Staatspreis f\u00fcr Gestaltendes Handwerk<\/li>\n<\/ul>\n<h2>Exhibitions<\/h2>\n<ul>\n<li>Numerous international exhibitions.<\/li>\n<\/ul>\n<h2>Publications<\/h2>\n<ul>\n<li><\/li>\n<li><\/li>\n<li><span class=\"zeitraum\">2023 <\/span>Gerti Machacek, Jewellery sculpture. Schmuckskulptur. arnoldsche Art Publishers<\/li>\n<li><span class=\"zeitraum\">2022 <\/span>U.Guttmann, S.Hammer. G.Kutschera, Mit Eigensinn. Schmuck aus \u00d6sterreich. K\u00fcnstlerinnen im Focus, 69, 132. arnoldsche Art Publishers<\/li>\n<li><span class=\"zeitraum\">2018 <\/span>Birgit Wiesinger, Schmuckkunst im Museum. Zeitgen\u00f6ssische Arbeiten \u00f6sterr. K\u00fcnstlerinnen in der Sammlung des MAK Wien,<br \/>Nicola Estrada, New brooches, 117, 230.<\/li>\n<li><span class=\"zeitraum\">2016 <\/span>Schmuck Stadtgespr\u00e4ch &#8211; 25 years Slavik Gallery, Vienna 2016, 82.<\/li>\n<li><span class=\"zeitraum\">2015 <\/span>Autorenschmuck noch mehr. Basiner Stiftung, 2015, 117.<\/li>\n<li><span class=\"zeitraum\">2014 <\/span>Catherine Mallette. Art Jewelry Today Europe. <br \/>Schiffer Publishing, Ltd. 2014, 136-139.<\/li>\n<li><span class=\"zeitraum\">2013 <\/span>Nicolas Estrada. New Earrings.<br \/>Thames &#038; Hudson Ltd, London 2013,173, 219, 233.<\/li>\n<li><span class=\"zeitraum\">2011 <\/span>Nicolas Estrada. New Rings. Thames &#038; Hudson Ltd, London 2011,12-13, 35, 254.<\/li>\n<li><span class=\"zeitraum\">2010 <\/span>Art meets Jewellery. 20 years Slavik Gallery Vienna. <br \/>Arnoldsche Art Publishers, Stuttgart 2010, 117, 180.<\/li>\n<\/ul>\n<\/p>\n<\/div>\n<p class=\"zitat\">\n<p class=\"kuenstlerlink objekte-online\"><a href=\"http:\/\/www.galerie-slavik.com\/en\/produkt-kategorie\/gerti-machacek\/\">See all objects by Gerti Machacek<\/a><\/p>\n<p class=\"fotonachweis\">\n<p>[vc_row]<\/p>\n<p>[vc_column]<\/p>\n<div class=\"woocommerce columns-4 \"><\/div>\n<p>[\/vc_column]<\/p>\n<p>[\/vc_row]<\/p>\n<\/div>","protected":false},"excerpt":{"rendered":"Biographie 1955 born in Vienna 1973-1976 University Studies of History of Art 1980 Master for gold and silver smithing and jeweller 1981 free lance artist in Vienna Exhibits in public art collections 1998 Museum of Applied Arts, Vienna (At) Artothek (art collection of the city of Vienna) Museum of Salzburg (At) private collections in Vienna&#8230; <a class=\"view-article\" href=\"https:\/\/www.galerie-slavik.com\/en\/gerti-machacek\/\">View Article<\/a>","protected":false},"author":0,"featured_media":754,"parent":0,"menu_order":0,"comment_status":"closed","ping_status":"open","template":"","meta":{"footnotes":""},"categories":[135,619],"tags":[],"_links":{"self":[{"href":"https:\/\/www.galerie-slavik.com\/en\/wp-json\/wp\/v2\/pages\/1049"}],"collection":[{"href":"https:\/\/www.galerie-slavik.com\/en\/wp-json\/wp\/v2\/pages"}],"about":[{"href":"https:\/\/www.galerie-slavik.com\/en\/wp-json\/wp\/v2\/types\/page"}],"replies":[{"embeddable":true,"href":"https:\/\/www.galerie-slavik.com\/en\/wp-json\/wp\/v2\/comments?post=1049"}],"version-history":[{"count":15,"href":"https:\/\/www.galerie-slavik.com\/en\/wp-json\/wp\/v2\/pages\/1049\/revisions"}],"predecessor-version":[{"id":13165,"href":"https:\/\/www.galerie-slavik.com\/en\/wp-json\/wp\/v2\/pages\/1049\/revisions\/13165"}],"wp:featuredmedia":[{"embeddable":true,"href":"https:\/\/www.galerie-slavik.com\/en\/wp-json\/wp\/v2\/media\/754"}],"wp:attachment":[{"href":"https:\/\/www.galerie-slavik.com\/en\/wp-json\/wp\/v2\/media?parent=1049"}],"wp:term":[{"taxonomy":"category","embeddable":true,"href":"https:\/\/www.galerie-slavik.com\/en\/wp-json\/wp\/v2\/categories?post=1049"},{"taxonomy":"post_tag","embeddable":true,"href":"https:\/\/www.galerie-slavik.com\/en\/wp-json\/wp\/v2\/tags?post=1049"}],"curies":[{"name":"wp","href":"https:\/\/api.w.org\/{rel}","templated":true}]}}