{"id":1050,"date":"2019-02-28T14:59:45","date_gmt":"2019-02-28T13:59:45","guid":{"rendered":"http:\/\/www.galerie-slavik.com\/en\/kuenstler\/stefano-marchetti\/"},"modified":"2019-02-28T14:59:45","modified_gmt":"2019-02-28T13:59:45","slug":"stefano-marchetti","status":"publish","type":"page","link":"https:\/\/www.galerie-slavik.com\/en\/stefano-marchetti\/","title":{"rendered":"Stefano Marchetti"},"content":{"rendered":"<div class=\"wpb-content-wrapper\"><div class=\"biografie\"><div id=\"post_thumbnail\"><img src=\"https:\/\/www.galerie-slavik.com\/wp-content\/uploads\/2016\/05\/k029.jpg\" class=\"attachment-full size-full wp-post-image\" alt=\"\" decoding=\"async\" srcset=\"https:\/\/www.galerie-slavik.com\/wp-content\/uploads\/2016\/05\/k029.jpg 1833w, https:\/\/www.galerie-slavik.com\/wp-content\/uploads\/2016\/05\/k029-600x664.jpg 600w, https:\/\/www.galerie-slavik.com\/wp-content\/uploads\/2016\/05\/k029-250x277.jpg 250w, https:\/\/www.galerie-slavik.com\/wp-content\/uploads\/2016\/05\/k029-768x851.jpg 768w, https:\/\/www.galerie-slavik.com\/wp-content\/uploads\/2016\/05\/k029-700x775.jpg 700w, https:\/\/www.galerie-slavik.com\/wp-content\/uploads\/2016\/05\/k029-120x133.jpg 120w, https:\/\/www.galerie-slavik.com\/wp-content\/uploads\/2016\/05\/k029-722x800.jpg 722w\" sizes=\"(max-width: 1833px) 100vw, 1833px\" \/><\/div>\n<h2>Biographie<\/h2>\n<ul>\n<li><span class=\"zeitraum\">1970 <\/span>Born in Padova<\/li>\n<li><span class=\"zeitraum\">1984-1989 <\/span>Graduated at Istituto Statale d&#8217;Arte &#8220;Pietro  Selvatico&#8221; in Padova, Section of Metals and Jewellery Design<\/li>\n<li><span class=\"zeitraum\">1990-1994 <\/span>Graduated at Academy of Fine Arts in Venezia,   Section of Sculpture<\/li>\n<li><span class=\"zeitraum\">1994-1996 <\/span>Teacher at Instituto Statale d&#8217;Arte &#8220;Pietro Selvatico&#8221; in Padova, Section of Metals and Jewellery Design<\/li>\n<li><span class=\"zeitraum\">2000 <\/span>Lectures at Istituto Statale d&#8217;Arte in Venezia<\/li>\n<li><span class=\"zeitraum\">2003 <\/span>Lectures at AFEDAP in Parigi<\/li>\n<\/ul>\n<h2>Exhibits in public art collections<\/h2>\n<ul>\n<li>Paris, Arnhem, Graz, Edinburgh, Hamburg, New York<\/li>\n<\/ul>\n<h2>Awards<\/h2>\n<ul>\n<li><span class=\"zeitraum\">1994 <\/span>Bayerischer Staatspreis, M\u00fcnchen Preis &#8220;Talentb\u00f6rse Handwerk&#8221;, Handwerkskammer f\u00fcr M\u00fcnchen undOberbayern<\/li>\n<li><span class=\"zeitraum\">1996 <\/span>&#8220;Premio citt\u00e0 di Todi&#8221;<\/li>\n<li><span class=\"zeitraum\">2001 <\/span>&#8220;Premio de incentivatione, Internova 2001&#8221;<\/li>\n<li><span class=\"zeitraum\">2016 <\/span>Herbert Hoffmann Award<\/li>\n<\/ul>\n<h2>Exhibitions<\/h2>\n<ul>\n<li>Numerous international exhibitions.<\/li>\n<\/ul>\n<\/div>\n<p class=\"zitat\">\n<p class=\"kuenstlerlink objekte-online\"><a href=\"http:\/\/www.galerie-slavik.com\/en\/produkt-kategorie\/stefano-marchetti-artist\/\">See all objects by Stefano Marchetti<\/a><\/p>\n<p class=\"fotonachweis\">\n<p>[vc_row]<\/p>\n<p>[vc_column]<\/p>\n<div class=\"woocommerce columns-4 \"><ul class=\"products columns-4\">\n<li class=\"product type-product post-16964 status-publish first instock product_cat-artist product_cat-brooches product_cat-startrotation-en product_cat-stefano-marchetti-artist has-post-thumbnail product-type-simple\">\n\t<div class=\"product-artist\">Stefano Marchetti<\/div><div class=\"product-sku\">Nr. 102991<\/div><\/li>\n<li class=\"product type-product post-13127 status-publish instock product_cat-artist product_cat-brooches product_cat-nicht-startrotation-en product_cat-stefano-marchetti-artist has-post-thumbnail product-type-simple\">\n\t<div class=\"product-artist\">Stefano Marchetti<\/div><div class=\"product-sku\">Nr. 102990<\/div><\/li>\n<li class=\"product type-product post-11320 status-publish instock product_cat-artist product_cat-bracelet product_cat-nicht-startrotation-en product_cat-stefano-marchetti-artist has-post-thumbnail product-type-simple\">\n\t<div class=\"product-artist\">Stefano Marchetti<\/div><div class=\"product-sku\">Nr. 102989<\/div><\/li>\n<li class=\"product type-product post-10463 status-publish last instock product_cat-artist product_cat-nicht-startrotation-en product_cat-rings product_cat-stefano-marchetti-artist has-post-thumbnail product-type-simple\">\n\t<div class=\"product-artist\">Stefano Marchetti<\/div><div class=\"product-sku\">Nr. 102988<\/div><\/li>\n<li class=\"product type-product post-6018 status-publish first instock product_cat-artist product_cat-nicht-startrotation-en product_cat-rings product_cat-stefano-marchetti-artist has-post-thumbnail product-type-simple\">\n\t<div class=\"product-artist\">Stefano Marchetti<\/div><div class=\"product-sku\">Nr. 102979<\/div><\/li>\n<li class=\"product type-product post-9842 status-publish instock product_cat-artist product_cat-brooches product_cat-nicht-startrotation-en product_cat-stefano-marchetti-artist has-post-thumbnail product-type-simple\">\n\t<div class=\"product-artist\">Stefano Marchetti<\/div><div class=\"product-sku\">Nr. 102986<\/div><\/li>\n<li class=\"product type-product post-9841 status-publish instock product_cat-artist product_cat-brooches product_cat-nicht-startrotation-en product_cat-stefano-marchetti-artist product_cat-verkauft-en has-post-thumbnail product-type-simple\">\n\t<div class=\"product-artist\">Stefano Marchetti<\/div><div class=\"product-sku\">Nr. 102985<\/div><\/li>\n<li class=\"product type-product post-10095 status-publish last instock product_cat-artist product_cat-brooches product_cat-nicht-startrotation-en product_cat-stefano-marchetti-artist has-post-thumbnail product-type-simple\">\n\t<div class=\"product-artist\">Stefano Marchetti<\/div><div class=\"product-sku\">Nr. 102987<\/div><\/li>\n<\/ul>\n<\/div>\n<p>[\/vc_column]<\/p>\n<p>[\/vc_row]<\/p>\n<\/div>","protected":false},"excerpt":{"rendered":"Biographie 1970 Born in Padova 1984-1989 Graduated at Istituto Statale d&#8217;Arte &#8220;Pietro Selvatico&#8221; in Padova, Section of Metals and Jewellery Design 1990-1994 Graduated at Academy of Fine Arts in Venezia, Section of Sculpture 1994-1996 Teacher at Instituto Statale d&#8217;Arte &#8220;Pietro Selvatico&#8221; in Padova, Section of Metals and Jewellery Design 2000 Lectures at Istituto Statale d&#8217;Arte&#8230; <a class=\"view-article\" href=\"https:\/\/www.galerie-slavik.com\/en\/stefano-marchetti\/\">View Article<\/a>","protected":false},"author":0,"featured_media":755,"parent":0,"menu_order":0,"comment_status":"closed","ping_status":"open","template":"","meta":{"footnotes":""},"categories":[135,619],"tags":[],"_links":{"self":[{"href":"https:\/\/www.galerie-slavik.com\/en\/wp-json\/wp\/v2\/pages\/1050"}],"collection":[{"href":"https:\/\/www.galerie-slavik.com\/en\/wp-json\/wp\/v2\/pages"}],"about":[{"href":"https:\/\/www.galerie-slavik.com\/en\/wp-json\/wp\/v2\/types\/page"}],"replies":[{"embeddable":true,"href":"https:\/\/www.galerie-slavik.com\/en\/wp-json\/wp\/v2\/comments?post=1050"}],"version-history":[{"count":5,"href":"https:\/\/www.galerie-slavik.com\/en\/wp-json\/wp\/v2\/pages\/1050\/revisions"}],"predecessor-version":[{"id":6104,"href":"https:\/\/www.galerie-slavik.com\/en\/wp-json\/wp\/v2\/pages\/1050\/revisions\/6104"}],"wp:featuredmedia":[{"embeddable":true,"href":"https:\/\/www.galerie-slavik.com\/en\/wp-json\/wp\/v2\/media\/755"}],"wp:attachment":[{"href":"https:\/\/www.galerie-slavik.com\/en\/wp-json\/wp\/v2\/media?parent=1050"}],"wp:term":[{"taxonomy":"category","embeddable":true,"href":"https:\/\/www.galerie-slavik.com\/en\/wp-json\/wp\/v2\/categories?post=1050"},{"taxonomy":"post_tag","embeddable":true,"href":"https:\/\/www.galerie-slavik.com\/en\/wp-json\/wp\/v2\/tags?post=1050"}],"curies":[{"name":"wp","href":"https:\/\/api.w.org\/{rel}","templated":true}]}}