{"id":1060,"date":"2016-05-26T15:30:50","date_gmt":"2016-05-26T13:30:50","guid":{"rendered":"http:\/\/www.galerie-slavik.com\/en\/kuenstler\/susanne-holzinger\/"},"modified":"2018-09-25T23:17:54","modified_gmt":"2018-09-25T21:17:54","slug":"susanne-holzinger","status":"publish","type":"page","link":"https:\/\/www.galerie-slavik.com\/en\/susanne-holzinger\/","title":{"rendered":"Susanne Holzinger"},"content":{"rendered":"<div class=\"wpb-content-wrapper\"><div class=\"biografie\"><div id=\"post_thumbnail\"><img src=\"https:\/\/www.galerie-slavik.com\/wp-content\/uploads\/2016\/05\/k058.jpg\" class=\"attachment-full size-full wp-post-image\" alt=\"\" decoding=\"async\" srcset=\"https:\/\/www.galerie-slavik.com\/wp-content\/uploads\/2016\/05\/k058.jpg 320w, https:\/\/www.galerie-slavik.com\/wp-content\/uploads\/2016\/05\/k058-250x323.jpg 250w, https:\/\/www.galerie-slavik.com\/wp-content\/uploads\/2016\/05\/k058-120x155.jpg 120w\" sizes=\"(max-width: 320px) 100vw, 320px\" \/><\/div>\n<h2>Biographie<\/h2>\n<ul>\n<li><span class=\"zeitraum\">1967 <\/span>geboren in Regensburg<\/li>\n<li><span class=\"zeitraum\">1991-93 <\/span>Silberschmiedelehre an der Fachhochschule f\u00fcr Glas und Schmuck bei Nikolaus Epp<\/li>\n<li><span class=\"zeitraum\">1996 <\/span>seit diesem Jahr freischaffend in Regensburg t\u00e4tig<\/li>\n<\/ul>\n<h2>Awards<\/h2>\n<ul>\n<li><span class=\"zeitraum\">1999 <\/span>Bayrischer Staatspreis, Internationale Handwerksmesse M\u00fcnchen<\/li>\n<li><span class=\"zeitraum\">1999 <\/span>Danner-Preis 99 in Regensburg<\/li>\n<\/ul>\n<h2>Exhibitions<\/h2>\n<ul>\n<li>Numerous international exhibitions.<\/li>\n<\/ul>\n<\/div>\n<p class=\"zitat\">\n<p class=\"kuenstlerlink objekte-online\"><a href=\"http:\/\/www.galerie-slavik.com\/en\/produkt-kategorie\/susanne-holzinger-artist\/\">See all objects by Susanne Holzinger<\/a><\/p>\n<p class=\"fotonachweis\">\n<p>[vc_row]<\/p>\n<p>[vc_column]<\/p>\n<div class=\"woocommerce columns-4 \"><ul class=\"products columns-4\">\n<li class=\"product type-product post-5116 status-publish first instock product_cat-artist product_cat-bracelet product_cat-nicht-startrotation-en product_cat-susanne-holzinger-artist has-post-thumbnail product-type-simple\">\n\t<div class=\"product-artist\">Susanne Holzinger<\/div><div class=\"product-sku\">Nr. 105812<\/div><\/li>\n<li class=\"product type-product post-5115 status-publish instock product_cat-artist product_cat-necklace product_cat-nicht-startrotation-en product_cat-susanne-holzinger-artist has-post-thumbnail product-type-simple\">\n\t<div class=\"product-artist\">Susanne Holzinger<\/div><div class=\"product-sku\">Nr. 105807<\/div><\/li>\n<li class=\"product type-product post-5114 status-publish instock product_cat-artist product_cat-necklace product_cat-nicht-startrotation-en product_cat-susanne-holzinger-artist has-post-thumbnail product-type-simple\">\n\t<div class=\"product-artist\">Susanne Holzinger<\/div><div class=\"product-sku\">Nr. 105806<\/div><\/li>\n<li class=\"product type-product post-5113 status-publish last instock product_cat-artist product_cat-necklace product_cat-nicht-startrotation-en product_cat-susanne-holzinger-artist has-post-thumbnail product-type-simple\">\n\t<div class=\"product-artist\">Susanne Holzinger<\/div><div class=\"product-sku\">Nr. 105805<\/div><\/li>\n<li class=\"product type-product post-5112 status-publish first instock product_cat-artist product_cat-necklace product_cat-nicht-startrotation-en product_cat-susanne-holzinger-artist has-post-thumbnail product-type-simple\">\n\t<div class=\"product-artist\">Susanne Holzinger<\/div><div class=\"product-sku\">Nr. 105804<\/div><\/li>\n<li class=\"product type-product post-5111 status-publish instock product_cat-artist product_cat-necklace product_cat-nicht-startrotation-en product_cat-susanne-holzinger-artist has-post-thumbnail product-type-simple\">\n\t<div class=\"product-artist\">Susanne Holzinger<\/div><div class=\"product-sku\">Nr. 105803<\/div><\/li>\n<li class=\"product type-product post-5110 status-publish instock product_cat-artist product_cat-necklace product_cat-nicht-startrotation-en product_cat-susanne-holzinger-artist has-post-thumbnail product-type-simple\">\n\t<div class=\"product-artist\">Susanne Holzinger<\/div><div class=\"product-sku\">Nr. 105802<\/div><\/li>\n<li class=\"product type-product post-5109 status-publish last instock product_cat-artist product_cat-necklace product_cat-nicht-startrotation-en product_cat-susanne-holzinger-artist has-post-thumbnail product-type-simple\">\n\t<div class=\"product-artist\">Susanne Holzinger<\/div><div class=\"product-sku\">Nr. 105801<\/div><\/li>\n<\/ul>\n<\/div>\n<p>[\/vc_column]<\/p>\n<p>[\/vc_row]<\/p>\n<\/div>","protected":false},"excerpt":{"rendered":"Biographie 1967 geboren in Regensburg 1991-93 Silberschmiedelehre an der Fachhochschule f\u00fcr Glas und Schmuck bei Nikolaus Epp 1996 seit diesem Jahr freischaffend in Regensburg t\u00e4tig Awards 1999 Bayrischer Staatspreis, Internationale Handwerksmesse M\u00fcnchen 1999 Danner-Preis 99 in Regensburg Exhibitions Numerous international exhibitions. See all objects by Susanne Holzinger [vc_row] [vc_column] [\/vc_column] [\/vc_row]","protected":false},"author":4,"featured_media":765,"parent":0,"menu_order":0,"comment_status":"closed","ping_status":"open","template":"","meta":{"footnotes":""},"categories":[135,619],"tags":[],"_links":{"self":[{"href":"https:\/\/www.galerie-slavik.com\/en\/wp-json\/wp\/v2\/pages\/1060"}],"collection":[{"href":"https:\/\/www.galerie-slavik.com\/en\/wp-json\/wp\/v2\/pages"}],"about":[{"href":"https:\/\/www.galerie-slavik.com\/en\/wp-json\/wp\/v2\/types\/page"}],"author":[{"embeddable":true,"href":"https:\/\/www.galerie-slavik.com\/en\/wp-json\/wp\/v2\/users\/4"}],"replies":[{"embeddable":true,"href":"https:\/\/www.galerie-slavik.com\/en\/wp-json\/wp\/v2\/comments?post=1060"}],"version-history":[{"count":3,"href":"https:\/\/www.galerie-slavik.com\/en\/wp-json\/wp\/v2\/pages\/1060\/revisions"}],"predecessor-version":[{"id":1655,"href":"https:\/\/www.galerie-slavik.com\/en\/wp-json\/wp\/v2\/pages\/1060\/revisions\/1655"}],"wp:featuredmedia":[{"embeddable":true,"href":"https:\/\/www.galerie-slavik.com\/en\/wp-json\/wp\/v2\/media\/765"}],"wp:attachment":[{"href":"https:\/\/www.galerie-slavik.com\/en\/wp-json\/wp\/v2\/media?parent=1060"}],"wp:term":[{"taxonomy":"category","embeddable":true,"href":"https:\/\/www.galerie-slavik.com\/en\/wp-json\/wp\/v2\/categories?post=1060"},{"taxonomy":"post_tag","embeddable":true,"href":"https:\/\/www.galerie-slavik.com\/en\/wp-json\/wp\/v2\/tags?post=1060"}],"curies":[{"name":"wp","href":"https:\/\/api.w.org\/{rel}","templated":true}]}}