{"id":1068,"date":"2016-05-26T15:30:50","date_gmt":"2016-05-26T13:30:50","guid":{"rendered":"http:\/\/www.galerie-slavik.com\/en\/kuenstler\/yasuki-hiramatsu\/"},"modified":"2018-09-25T23:18:12","modified_gmt":"2018-09-25T21:18:12","slug":"yasuki-hiramatsu","status":"publish","type":"page","link":"https:\/\/www.galerie-slavik.com\/en\/yasuki-hiramatsu\/","title":{"rendered":"Yasuki Hiramatsu"},"content":{"rendered":"<div class=\"wpb-content-wrapper\"><div class=\"biografie\"><div id=\"post_thumbnail\"><\/div>\n<h2>Biographie<\/h2>\n<ul>\n<li><span class=\"zeitraum\">1926 <\/span>geboren in Osaka<\/li>\n<li><span class=\"zeitraum\">1952 <\/span>Diplom an der University of Fine Art, Tokyo<\/li>\n<\/ul>\n<h2>Exhibitions<\/h2>\n<ul>\n<li><span class=\"zeitraum\">1950-1956 <\/span>j\u00e4hrliche Beteiligung an der Ausstellung der Imperial Academy<\/li>\n<li><span class=\"zeitraum\">1952-1957 <\/span>j\u00e4hrliche Beteiligung, Modern Living Industrial Arts<\/li>\n<li><span class=\"zeitraum\">1960-1976 <\/span>j\u00e4hrliche Beteiligung, Japan New Craft Exhibition<\/li>\n<li><span class=\"zeitraum\">1964-1975 <\/span>j\u00e4hrliche Beteiligung, Japan Jewellery Exhibition<\/li>\n<li><span class=\"zeitraum\">1964-1970 <\/span>j\u00e4hrliche Beteiligung, Form and Quality International Special Show, M\u00fcnchen<\/li>\n<li><span class=\"zeitraum\">1966 <\/span>Internationale Goldschmiedekunst, Ahlen<\/li>\n<li><span class=\"zeitraum\">1967 <\/span>Zweiter Internationaler Schmuckwettbewerb des Schmuckmuseums, Pforzheim<\/li>\n<li>Schmuck 1967 &#8211; Tendenzen, Pforzheim<\/li>\n<li><span class=\"zeitraum\">1968-1970 <\/span>Schmuckausstellung, Carrara, Italien<\/li>\n<li><span class=\"zeitraum\">1970 <\/span>Schmuck 1970 &#8211; Tendenzen, Pforzheim<\/li>\n<li><span class=\"zeitraum\">1971 <\/span>Gold und Silber Schmuck und Cerat von Albrecht D\u00fcrer bis zur Gegenwart, N\u00fcrnberg<\/li>\n<li><span class=\"zeitraum\">1972 <\/span>Bird\u2019s Eye View of Modern Craft, National Modern Art Museum, Tokyo<\/li>\n<li><span class=\"zeitraum\">1973 <\/span>Schmuck 73 &#8211; Tendenzen, Pforzheim<\/li>\n<li>Design &#8211; Forum \u201873, International Jewellery Arts Exhibition, Tokyo<\/li>\n<li><span class=\"zeitraum\">1974 <\/span>Basel Fair Special Exhibition, Schweiz<\/li>\n<li>Japan Italy Exchange Exhibition, Arezzo, Italien<\/li>\n<li><span class=\"zeitraum\">1975 <\/span>Johannesburg International Jewellery Arts Exhibition, S\u00fcdafrika<\/li>\n<li><span class=\"zeitraum\">1976 <\/span>Aurea \u201976 Biennale Dell\u2019arte Orafa, Florenz, Italien<\/li>\n<li>International Jewellery Arts Exhibition, Tokyo<\/li>\n<li><span class=\"zeitraum\">1977 <\/span>Schmuck \u201977 &#8211; Tendenzen, Pforzheim<\/li>\n<li><span class=\"zeitraum\">1977-1978 <\/span>Masterpieces of Contemporary Japanese Crafts, National Museum of Modern Arts, Tokyo<\/li>\n<li>Einzelausstellung, Galerie am Graben, Wien<\/li>\n<li><span class=\"zeitraum\">1979 <\/span>The 4th Tokyo Triennial, \u201979 International Jewellery Arts Exhibition<\/li>\n<li><span class=\"zeitraum\">1980 <\/span>Schmuck International, Wien<\/li>\n<li>Japan Style, Victoria an Albert Museum, London<\/li>\n<li><span class=\"zeitraum\">1981 <\/span>Tentoonstelling Hedendaagse Jananse Kunst, NI Gallery, Den Haag<\/li>\n<li>The 2nd International Gold an Silver Trade Fair, Arezzo, Italien<\/li>\n<li>The Ring form Antiquity to the Twentieth Century, Electrum Gallery, London<\/li>\n<li><span class=\"zeitraum\">1982 <\/span>\u201982 International Jewellery Show, M\u00fcnchen<\/li>\n<li>Schmuck \u201982 &#8211; Tendenzen, Pforzheim<\/li>\n<li>Sieben Japaner, Atelier Mattar, K\u00f6ln<\/li>\n<li>Scandinavia and Japan Design, Kanazawa<\/li>\n<li>Art and\/or Craft: USA &#038; JAPAN\u201c, Kanazawa<\/li>\n<li><span class=\"zeitraum\">1983 <\/span>\u201eThe 5th Tokyo Triennial\u201c, \u201983 International Jewellery Art Exhibition, Tokyo<\/li>\n<li>\u201eContemporary Japanese Crafts\u201c, Museum of Art, Fukuoka<\/li>\n<li>\u201eSpecial Exhibition &#8211; The World of Metalwork\u201c, Museum of Art, Chiba<\/li>\n<li>\u201eMetalwork of Yasuki Hiramatsu\u201c, Tokyo<\/li>\n<li><span class=\"zeitraum\">1984 <\/span>\u201eTaiwan and Japan Craft Exhibition\u201c, Taipeh<\/li>\n<li>\u201eTendencies in Today\u2019s World of Jewellery\u201c, City Muesum und Tokyo National Museum of Modern Art, Kyoto<\/li>\n<li>\u201eJewellery International\u201c, American Craft Museum, New York<\/li>\n<li><span class=\"zeitraum\">1985 <\/span>\u201eA Panorama of Contemporary Art &#8211; in Japan Design &#8211; of Daily Life\u201c, Toyama Prefecture Museum of Modern Art<\/li>\n<li>\u201enya Smycken &#8211; Den Internationalla smyckekonsten\u201c, Stockholm<\/li>\n<li><span class=\"zeitraum\">1986 <\/span>\u201eTokyo International Jewellery Arts Exhibition\u201c, Tokyo<\/li>\n<li><span class=\"zeitraum\">1987 <\/span>\u201eSchmuck International\u201c, Linz<\/li>\n<li><span class=\"zeitraum\">1988 <\/span>\u201eJapan Modern Metal Art Exhibition\u201c, Peking, Shanghai<\/li>\n<li><span class=\"zeitraum\">1989 <\/span>\u201eClay Iron Glas\u201c, Gallery Ueda, Tokyo<\/li>\n<li>\u201eOrnamenta I\u201c, Schmuckmuseum Pforzheim<\/li>\n<li>Atagoyama Gallery, Tokyo<\/li>\n<li><span class=\"zeitraum\">1991 <\/span>&#8220;Galerie Slavik&#8221;, Wien<\/li>\n<li><span class=\"zeitraum\">2002 <\/span>&#8220;Galerie Slavik, Wien<\/li>\n<\/ul>\n<\/div>\n<p class=\"zitat\">\n<p class=\"kuenstlerlink objekte-online\"><a href=\"http:\/\/www.galerie-slavik.com\/en\/produkt-kategorie\/yasuki-hiramatsu-artist\/\">See all objects by Yasuki Hiramatsu<\/a><\/p>\n<p class=\"fotonachweis\">\n<p>[vc_row]<\/p>\n<p>[vc_column]<\/p>\n<div class=\"woocommerce columns-4 \"><ul class=\"products columns-4\">\n<li class=\"product type-product post-5207 status-publish first instock product_cat-artist product_cat-brooches product_cat-nicht-startrotation-en product_cat-yasuki-hiramatsu-artist has-post-thumbnail product-type-simple\">\n\t<div class=\"product-artist\">Yasuki Hiramatsu<\/div><div class=\"product-sku\">Nr. 109708<\/div><\/li>\n<li class=\"product type-product post-5206 status-publish instock product_cat-artist product_cat-brooches product_cat-nicht-startrotation-en product_cat-yasuki-hiramatsu-artist has-post-thumbnail product-type-simple\">\n\t<div class=\"product-artist\">Yasuki Hiramatsu<\/div><div class=\"product-sku\">Nr. 109707<\/div><\/li>\n<li class=\"product type-product post-5205 status-publish instock product_cat-artist product_cat-necklace product_cat-nicht-startrotation-en product_cat-yasuki-hiramatsu-artist has-post-thumbnail product-type-simple\">\n\t<div class=\"product-artist\">Yasuki Hiramatsu<\/div><div class=\"product-sku\">Nr. 109706<\/div><\/li>\n<li class=\"product type-product post-5204 status-publish last instock product_cat-artist product_cat-brooches product_cat-nicht-startrotation-en product_cat-yasuki-hiramatsu-artist has-post-thumbnail product-type-simple\">\n\t<div class=\"product-artist\">Yasuki Hiramatsu<\/div><div class=\"product-sku\">Nr. 109705<\/div><\/li>\n<li class=\"product type-product post-5203 status-publish first instock product_cat-artist product_cat-necklace product_cat-nicht-startrotation-en product_cat-yasuki-hiramatsu-artist has-post-thumbnail product-type-simple\">\n\t<div class=\"product-artist\">Yasuki Hiramatsu<\/div><div class=\"product-sku\">Nr. 109704<\/div><\/li>\n<li class=\"product type-product post-5201 status-publish instock product_cat-artist product_cat-necklace product_cat-nicht-startrotation-en product_cat-yasuki-hiramatsu-artist has-post-thumbnail product-type-simple\">\n\t<div class=\"product-artist\">Yasuki Hiramatsu<\/div><div class=\"product-sku\">Nr. 109701<\/div><\/li>\n<\/ul>\n<\/div>\n<p>[\/vc_column]<\/p>\n<p>[\/vc_row]<\/p>\n<\/div>","protected":false},"excerpt":{"rendered":"Biographie 1926 geboren in Osaka 1952 Diplom an der University of Fine Art, Tokyo Exhibitions 1950-1956 j\u00e4hrliche Beteiligung an der Ausstellung der Imperial Academy 1952-1957 j\u00e4hrliche Beteiligung, Modern Living Industrial Arts 1960-1976 j\u00e4hrliche Beteiligung, Japan New Craft Exhibition 1964-1975 j\u00e4hrliche Beteiligung, Japan Jewellery Exhibition 1964-1970 j\u00e4hrliche Beteiligung, Form and Quality International Special Show, M\u00fcnchen 1966&#8230; <a class=\"view-article\" href=\"https:\/\/www.galerie-slavik.com\/en\/yasuki-hiramatsu\/\">View Article<\/a>","protected":false},"author":4,"featured_media":0,"parent":0,"menu_order":0,"comment_status":"closed","ping_status":"open","template":"","meta":{"footnotes":""},"categories":[135,619],"tags":[],"_links":{"self":[{"href":"https:\/\/www.galerie-slavik.com\/en\/wp-json\/wp\/v2\/pages\/1068"}],"collection":[{"href":"https:\/\/www.galerie-slavik.com\/en\/wp-json\/wp\/v2\/pages"}],"about":[{"href":"https:\/\/www.galerie-slavik.com\/en\/wp-json\/wp\/v2\/types\/page"}],"author":[{"embeddable":true,"href":"https:\/\/www.galerie-slavik.com\/en\/wp-json\/wp\/v2\/users\/4"}],"replies":[{"embeddable":true,"href":"https:\/\/www.galerie-slavik.com\/en\/wp-json\/wp\/v2\/comments?post=1068"}],"version-history":[{"count":3,"href":"https:\/\/www.galerie-slavik.com\/en\/wp-json\/wp\/v2\/pages\/1068\/revisions"}],"predecessor-version":[{"id":1663,"href":"https:\/\/www.galerie-slavik.com\/en\/wp-json\/wp\/v2\/pages\/1068\/revisions\/1663"}],"wp:attachment":[{"href":"https:\/\/www.galerie-slavik.com\/en\/wp-json\/wp\/v2\/media?parent=1068"}],"wp:term":[{"taxonomy":"category","embeddable":true,"href":"https:\/\/www.galerie-slavik.com\/en\/wp-json\/wp\/v2\/categories?post=1068"},{"taxonomy":"post_tag","embeddable":true,"href":"https:\/\/www.galerie-slavik.com\/en\/wp-json\/wp\/v2\/tags?post=1068"}],"curies":[{"name":"wp","href":"https:\/\/api.w.org\/{rel}","templated":true}]}}