{"id":10750,"date":"2020-06-23T11:45:00","date_gmt":"2020-06-23T09:45:00","guid":{"rendered":"https:\/\/www.galerie-slavik.com\/en\/nicole-beck-2\/"},"modified":"2020-06-23T11:45:00","modified_gmt":"2020-06-23T09:45:00","slug":"nicole-beck-2","status":"publish","type":"page","link":"https:\/\/www.galerie-slavik.com\/en\/nicole-beck-2\/","title":{"rendered":"Nicole Beck"},"content":{"rendered":"<div class=\"wpb-content-wrapper\"><div class=\"biografie\"><div id=\"post_thumbnail\"><img src=\"https:\/\/www.galerie-slavik.com\/wp-content\/uploads\/2020\/05\/k240.jpg\" class=\"attachment-full size-full wp-post-image\" alt=\"\" decoding=\"async\" srcset=\"https:\/\/www.galerie-slavik.com\/wp-content\/uploads\/2020\/05\/k240.jpg 300w, https:\/\/www.galerie-slavik.com\/wp-content\/uploads\/2020\/05\/k240-100x100.jpg 100w, https:\/\/www.galerie-slavik.com\/wp-content\/uploads\/2020\/05\/k240-150x150.jpg 150w, https:\/\/www.galerie-slavik.com\/wp-content\/uploads\/2020\/05\/k240-250x250.jpg 250w, https:\/\/www.galerie-slavik.com\/wp-content\/uploads\/2020\/05\/k240-120x120.jpg 120w\" sizes=\"(max-width: 300px) 100vw, 300px\" \/><\/div>\n<h2>Biographie<\/h2>\n<ul>\n<li><span class=\"zeitraum\">1973  <\/span>born in Munich<\/li>\n<li><span class=\"zeitraum\">1995 -99 <\/span>apprenticeship to become a dental technician<\/li>\n<li><span class=\"zeitraum\">1999 &#8211; 2002 <\/span>technical college for glass and jewellery in  Neugablonz\/Kaufbeuren (GER) to become a goldsmith<\/li>\n<li><span class=\"zeitraum\">2003 &#8211; 2007 <\/span>studies at the college for jewellery Design at Pforzheim (GER) with degree<\/li>\n<li><span class=\"zeitraum\">2007-2014 <\/span>Academy for fine Arts, Munich (GER) wit Prof. Otto K\u00fcnzli, department for jewellery<\/li>\n<li><span class=\"zeitraum\">2012 <\/span>student of the master class<\/li>\n<li><span class=\"zeitraum\">2014 <\/span>degree<\/li>\n<li><span class=\"zeitraum\">seit 2014 <\/span>self-employed<\/li>\n<\/ul>\n<h2>Exhibits in public art collections<\/h2>\n<ul>\n<li>The Marzee Collection, Galerie Marzee, Nijmegen,the Netherlands<\/li>\n<li>Alice and Louis Koch Collection, Basel (CH)<\/li>\n<li>Deedie Rose Collection, Dallas Museum of Art (USA)<\/li>\n<\/ul>\n<h2>Exhibitions<\/h2>\n<ul>\n<li>numerous exhibitions in Germany and abroad<\/li>\n<\/ul>\n<h2>Publications<\/h2>\n<ul>\n<li><span class=\"zeitraum\">2007 <\/span>International Graduate Show 2007, Marzee Magazin number 57, Galerie Marzee, Nijmegen, Netherlands,<\/li>\n<li><span class=\"zeitraum\">2010 <\/span>&#8220;&#8230;et cetera pp.\u201c oder wie man damit anf\u00e4ngt kleine Dinge zu tun, Christina Pauls, Caroline Weiss, Pforzheim (GER)<\/li>\n<li>Power of Copying, Qin Jian, Ausstellungskatalog Xuzhou Museum of Art, Xuzhou, China<\/li>\n<li><span class=\"zeitraum\">2012 <\/span>Push: Jewellery, 30 Artists Explore the Boundaries of Jewelry, Curated by Arthur Hash, Lark Crafs, New York,<br \/> USA<\/li>\n<li>L`\u00e9v\u00e9nement Art 2012, Suppl\u00e9ment Au Magazine L`\u00e9v\u00e9nement, nr. 415, November 2012<\/li>\n<li><span class=\"zeitraum\">2013 <\/span>Revolt,  International Silverart Competition, Ausstellungskatalog, Gallery Art of Legnica, Legnica (PL)<\/li>\n<li><span class=\"zeitraum\">2014 <\/span>Sonderschau Schmuck 2014, Ausstellungskatalog IHM, M\u00fcnchen (GER)<\/li>\n<li>International Graduate Show 2014, Marzee Magazin, Galerie Marzee, Nijmegen, Netherlands<\/li>\n<li>he Home of Jewellery, Munich-London-Tokyo, M\u00fcnchen (GER)<\/li>\n<li>Danner Preis 2014, Ausstellungskatalog, Danner Stiftung, M\u00fcnchen (GER)<\/li>\n<li>Mono Magazine, Tokyo (JP)<\/li>\n<li><span class=\"zeitraum\">2015 <\/span>Sonderschau Schmuck 2015, Ausstellungskatalog IHM, M\u00fcnchen (GER)<\/li>\n<li>Cominelli Awards 2015, Ausstellungskatalog (I)<\/li>\n<li><span class=\"zeitraum\">2016 <\/span>Jewellery Kampen`s Choice, Ausstellungskatalog, Sieraden, Kampen, the Netherlands<\/li>\n<li><span class=\"zeitraum\">2017 <\/span>Blown Up, Marzee Magazin, Galerie Marzee, Nijmegen, the Netherlands<\/li>\n<li>Danner Preis 2017, Ausstellungskatalog Danner Stiftung, M\u00fcnchen (GER)<\/li>\n<li><\/li>\n<\/ul>\n<\/div>\n<p class=\"zitat\">\n<p class=\"kuenstlerlink objekte-online\"><a href=\"http:\/\/www.galerie-slavik.com\/en\/produkt-kategorie\/nicole-beck-artist\/\">See all objects by Nicole Beck<\/a><\/p>\n<p class=\"fotonachweis\">\n<p>[vc_row]<\/p>\n<p>[vc_column]<\/p>\n<div class=\"woocommerce columns-4 \"><ul class=\"products columns-4\">\n<li class=\"product type-product post-13490 status-publish first instock product_cat-artist product_cat-brooches product_cat-nicht-startrotation-en product_cat-nicole-beck-artist has-post-thumbnail product-type-simple\">\n\t<div class=\"product-artist\">Nicole Beck<\/div><div class=\"product-sku\">Nr. 124007<\/div><\/li>\n<li class=\"product type-product post-13489 status-publish instock product_cat-artist product_cat-necklace product_cat-nicht-startrotation-en product_cat-nicole-beck-artist has-post-thumbnail product-type-simple\">\n\t<div class=\"product-artist\">Nicole Beck<\/div><div class=\"product-sku\">Nr. 124006<\/div><\/li>\n<li class=\"product type-product post-13488 status-publish instock product_cat--uebersetzung-fehlt- product_cat-artist product_cat-nicht-startrotation-en product_cat-nicole-beck-artist has-post-thumbnail product-type-simple\">\n\t<div class=\"product-artist\">Nicole Beck<\/div><div class=\"product-sku\">Nr. 124005<\/div><\/li>\n<li class=\"product type-product post-13491 status-publish last instock product_cat-artist product_cat-necklace product_cat-nicht-startrotation-en product_cat-nicole-beck-artist has-post-thumbnail product-type-simple\">\n\t<div class=\"product-artist\">Nicole Beck<\/div><div class=\"product-sku\">Nr. 124008<\/div><\/li>\n<li class=\"product type-product post-10748 status-publish first instock product_cat-artist product_cat-necklace product_cat-nicht-startrotation-en product_cat-nicole-beck-artist has-post-thumbnail product-type-simple\">\n\t<div class=\"product-artist\">Nicole Beck<\/div><div class=\"product-sku\">Nr. 124004<\/div><\/li>\n<li class=\"product type-product post-10747 status-publish instock product_cat-artist product_cat-necklace product_cat-nicht-startrotation-en product_cat-nicole-beck-artist has-post-thumbnail product-type-simple\">\n\t<div class=\"product-artist\">Nicole Beck<\/div><div class=\"product-sku\">Nr. 124003<\/div><\/li>\n<li class=\"product type-product post-10746 status-publish instock product_cat-artist product_cat-brooches product_cat-nicht-startrotation-en product_cat-nicole-beck-artist has-post-thumbnail product-type-simple\">\n\t<div class=\"product-artist\">Nicole Beck<\/div><div class=\"product-sku\">Nr. 124002<\/div><\/li>\n<li class=\"product type-product post-10745 status-publish last instock product_cat-artist product_cat-necklace product_cat-nicht-startrotation-en product_cat-nicole-beck-artist has-post-thumbnail product-type-simple\">\n\t<div class=\"product-artist\">Nicole Beck<\/div><div class=\"product-sku\">Nr. 124001<\/div><\/li>\n<\/ul>\n<\/div>\n<p>[\/vc_column]<\/p>\n<p>[\/vc_row]<\/p>\n<\/div>","protected":false},"excerpt":{"rendered":"Biographie 1973 born in Munich 1995 -99 apprenticeship to become a dental technician 1999 &#8211; 2002 technical college for glass and jewellery in Neugablonz\/Kaufbeuren (GER) to become a goldsmith 2003 &#8211; 2007 studies at the college for jewellery Design at Pforzheim (GER) with degree 2007-2014 Academy for fine Arts, Munich (GER) wit Prof. Otto K\u00fcnzli,&#8230; <a class=\"view-article\" href=\"https:\/\/www.galerie-slavik.com\/en\/nicole-beck-2\/\">View Article<\/a>","protected":false},"author":0,"featured_media":10736,"parent":0,"menu_order":0,"comment_status":"closed","ping_status":"open","template":"","meta":{"footnotes":""},"categories":[619],"tags":[],"_links":{"self":[{"href":"https:\/\/www.galerie-slavik.com\/en\/wp-json\/wp\/v2\/pages\/10750"}],"collection":[{"href":"https:\/\/www.galerie-slavik.com\/en\/wp-json\/wp\/v2\/pages"}],"about":[{"href":"https:\/\/www.galerie-slavik.com\/en\/wp-json\/wp\/v2\/types\/page"}],"replies":[{"embeddable":true,"href":"https:\/\/www.galerie-slavik.com\/en\/wp-json\/wp\/v2\/comments?post=10750"}],"version-history":[{"count":1,"href":"https:\/\/www.galerie-slavik.com\/en\/wp-json\/wp\/v2\/pages\/10750\/revisions"}],"predecessor-version":[{"id":10796,"href":"https:\/\/www.galerie-slavik.com\/en\/wp-json\/wp\/v2\/pages\/10750\/revisions\/10796"}],"wp:featuredmedia":[{"embeddable":true,"href":"https:\/\/www.galerie-slavik.com\/en\/wp-json\/wp\/v2\/media\/10736"}],"wp:attachment":[{"href":"https:\/\/www.galerie-slavik.com\/en\/wp-json\/wp\/v2\/media?parent=10750"}],"wp:term":[{"taxonomy":"category","embeddable":true,"href":"https:\/\/www.galerie-slavik.com\/en\/wp-json\/wp\/v2\/categories?post=10750"},{"taxonomy":"post_tag","embeddable":true,"href":"https:\/\/www.galerie-slavik.com\/en\/wp-json\/wp\/v2\/tags?post=10750"}],"curies":[{"name":"wp","href":"https:\/\/api.w.org\/{rel}","templated":true}]}}