{"id":1087,"date":"2016-05-26T15:30:52","date_gmt":"2016-05-26T13:30:52","guid":{"rendered":"http:\/\/www.galerie-slavik.com\/en\/kuenstler\/birgit-sophie-metzger\/"},"modified":"2018-09-25T23:14:22","modified_gmt":"2018-09-25T21:14:22","slug":"birgit-sophie-metzger","status":"publish","type":"page","link":"https:\/\/www.galerie-slavik.com\/en\/birgit-sophie-metzger\/","title":{"rendered":"Birgit Sophie Metzger"},"content":{"rendered":"<div class=\"wpb-content-wrapper\"><div class=\"biografie\"><div id=\"post_thumbnail\"><img src=\"https:\/\/www.galerie-slavik.com\/wp-content\/uploads\/2016\/05\/k156.jpg\" class=\"attachment-full size-full wp-post-image\" alt=\"\" decoding=\"async\" srcset=\"https:\/\/www.galerie-slavik.com\/wp-content\/uploads\/2016\/05\/k156.jpg 320w, https:\/\/www.galerie-slavik.com\/wp-content\/uploads\/2016\/05\/k156-250x331.jpg 250w, https:\/\/www.galerie-slavik.com\/wp-content\/uploads\/2016\/05\/k156-120x159.jpg 120w\" sizes=\"(max-width: 320px) 100vw, 320px\" \/><\/div>\n<h2>Biographie<\/h2>\n<ul>\n<li>geboren 1967 in Esslingen\/Deutschland<\/li>\n<li>selbstst\u00e4ndig t\u00e4tig seit 1991<\/li>\n<li>Mitglied im Bund der Kunshandwerker Baden W\u00fcrttemberg seit 1996<\/li>\n<li>Publikumspreis Blickfang<\/li>\n<li><span class=\"zeitraum\">2000 <\/span>F\u00f6rderpreis f\u00fcr Junges Kunsthandwerk<\/li>\n<li><span class=\"zeitraum\">2002 <\/span>Staatspreis Gestaltung Kunst Handwerk<\/li>\n<li>Jurymitglied Staatspreis 2004<\/li>\n<\/ul>\n<h2>Exhibitions<\/h2>\n<ul>\n<li>Teilnahme an zahlreichen jurierten Ausstellungen<\/li>\n<li>&#8220;form&#8221; Tendence Frankfurt<\/li>\n<li>&#8220;Faltungen&#8221;, &#8220;Accessoire&#8221;, Designcenter Stuttgart<\/li>\n<li>&#8220;Beh\u00e4ltnisse&#8221; Galerie des Bundes der Kunsthandwerker Schw\u00e4bisch Gm\u00fcnd<\/li>\n<li>&#8220;H\u00fcte&#8221; Handwerksform, Kassel<\/li>\n<li>Landesausstellung &#8220;Gestaltung.Kunst.Handwerk&#8221; Schw\u00e4bisch Hall, Esslingen, Freiburg, Karlsruhe<\/li>\n<li>&#8220;Museumsmesse Angewandte Kunst&#8221;, Altes Schlo\u00df, Stuttgart<\/li>\n<li>die pret a porter collection auf internationalen Messen<\/li>\n<\/ul>\n<\/div>\n<p class=\"zitat\">\n<p class=\"kuenstlerlink objekte-online\"><a href=\"http:\/\/www.galerie-slavik.com\/en\/produkt-kategorie\/birgit-sophie-metzger-artist\/\">See all objects by Birgit Sophie Metzger<\/a><\/p>\n<p class=\"fotonachweis\">\n<p>[vc_row]<\/p>\n<p>[vc_column]<\/p>\n<div class=\"woocommerce columns-4 \"><ul class=\"products columns-4\">\n<li class=\"product type-product post-9706 status-publish first instock product_cat--uebersetzung-fehlt- product_cat-artist product_cat-birgit-sophie-metzger-artist product_cat-nicht-startrotation-en has-post-thumbnail product-type-simple\">\n\t<div class=\"product-artist\">Birgit Sophie Metzger<\/div><div class=\"product-sku\">Nr. 115615<\/div><\/li>\n<li class=\"product type-product post-8923 status-publish instock product_cat--uebersetzung-fehlt- product_cat-artist product_cat-birgit-sophie-metzger-artist product_cat-nicht-startrotation-en has-post-thumbnail product-type-simple\">\n\t<div class=\"product-artist\">Birgit Sophie Metzger<\/div><div class=\"product-sku\">Nr. 115614<\/div><\/li>\n<li class=\"product type-product post-8178 status-publish instock product_cat--uebersetzung-fehlt- product_cat-artist product_cat-birgit-sophie-metzger-artist product_cat-nicht-startrotation-en has-post-thumbnail product-type-simple\">\n\t<div class=\"product-artist\">Birgit Sophie Metzger<\/div><div class=\"product-sku\">Nr. 115612<\/div><\/li>\n<li class=\"product type-product post-8177 status-publish last instock product_cat--uebersetzung-fehlt- product_cat-artist product_cat-birgit-sophie-metzger-artist product_cat-nicht-startrotation-en has-post-thumbnail product-type-simple\">\n\t<div class=\"product-artist\">Birgit Sophie Metzger<\/div><div class=\"product-sku\">Nr. 115611<\/div><\/li>\n<li class=\"product type-product post-8176 status-publish first instock product_cat--uebersetzung-fehlt- product_cat-artist product_cat-birgit-sophie-metzger-artist product_cat-nicht-startrotation-en has-post-thumbnail product-type-simple\">\n\t<div class=\"product-artist\">Birgit Sophie Metzger<\/div><div class=\"product-sku\">Nr. 115610<\/div><\/li>\n<li class=\"product type-product post-8174 status-publish instock product_cat--uebersetzung-fehlt- product_cat-artist product_cat-birgit-sophie-metzger-artist product_cat-nicht-startrotation-en has-post-thumbnail product-type-simple\">\n\t<div class=\"product-artist\">Birgit Sophie Metzger<\/div><div class=\"product-sku\">Nr. 115608<\/div><\/li>\n<li class=\"product type-product post-8173 status-publish instock product_cat--uebersetzung-fehlt- product_cat-artist product_cat-birgit-sophie-metzger-artist product_cat-nicht-startrotation-en has-post-thumbnail product-type-simple\">\n\t<div class=\"product-artist\">Birgit Sophie Metzger<\/div><div class=\"product-sku\">Nr. 115607<\/div><\/li>\n<li class=\"product type-product post-6804 status-publish last instock product_cat--uebersetzung-fehlt- product_cat-artist product_cat-birgit-sophie-metzger-artist product_cat-nicht-startrotation-en product-type-simple\">\n\t<div class=\"product-artist\">Birgit Sophie Metzger<\/div><div class=\"product-sku\">Nr. 115606<\/div><\/li>\n<\/ul>\n<\/div>\n<p>[\/vc_column]<\/p>\n<p>[\/vc_row]<\/p>\n<\/div>","protected":false},"excerpt":{"rendered":"Biographie geboren 1967 in Esslingen\/Deutschland selbstst\u00e4ndig t\u00e4tig seit 1991 Mitglied im Bund der Kunshandwerker Baden W\u00fcrttemberg seit 1996 Publikumspreis Blickfang 2000 F\u00f6rderpreis f\u00fcr Junges Kunsthandwerk 2002 Staatspreis Gestaltung Kunst Handwerk Jurymitglied Staatspreis 2004 Exhibitions Teilnahme an zahlreichen jurierten Ausstellungen &#8220;form&#8221; Tendence Frankfurt &#8220;Faltungen&#8221;, &#8220;Accessoire&#8221;, Designcenter Stuttgart &#8220;Beh\u00e4ltnisse&#8221; Galerie des Bundes der Kunsthandwerker Schw\u00e4bisch Gm\u00fcnd &#8220;H\u00fcte&#8221;&#8230; <a class=\"view-article\" href=\"https:\/\/www.galerie-slavik.com\/en\/birgit-sophie-metzger\/\">View Article<\/a>","protected":false},"author":4,"featured_media":785,"parent":0,"menu_order":0,"comment_status":"closed","ping_status":"open","template":"","meta":{"footnotes":""},"categories":[135,619],"tags":[],"_links":{"self":[{"href":"https:\/\/www.galerie-slavik.com\/en\/wp-json\/wp\/v2\/pages\/1087"}],"collection":[{"href":"https:\/\/www.galerie-slavik.com\/en\/wp-json\/wp\/v2\/pages"}],"about":[{"href":"https:\/\/www.galerie-slavik.com\/en\/wp-json\/wp\/v2\/types\/page"}],"author":[{"embeddable":true,"href":"https:\/\/www.galerie-slavik.com\/en\/wp-json\/wp\/v2\/users\/4"}],"replies":[{"embeddable":true,"href":"https:\/\/www.galerie-slavik.com\/en\/wp-json\/wp\/v2\/comments?post=1087"}],"version-history":[{"count":3,"href":"https:\/\/www.galerie-slavik.com\/en\/wp-json\/wp\/v2\/pages\/1087\/revisions"}],"predecessor-version":[{"id":1682,"href":"https:\/\/www.galerie-slavik.com\/en\/wp-json\/wp\/v2\/pages\/1087\/revisions\/1682"}],"wp:featuredmedia":[{"embeddable":true,"href":"https:\/\/www.galerie-slavik.com\/en\/wp-json\/wp\/v2\/media\/785"}],"wp:attachment":[{"href":"https:\/\/www.galerie-slavik.com\/en\/wp-json\/wp\/v2\/media?parent=1087"}],"wp:term":[{"taxonomy":"category","embeddable":true,"href":"https:\/\/www.galerie-slavik.com\/en\/wp-json\/wp\/v2\/categories?post=1087"},{"taxonomy":"post_tag","embeddable":true,"href":"https:\/\/www.galerie-slavik.com\/en\/wp-json\/wp\/v2\/tags?post=1087"}],"curies":[{"name":"wp","href":"https:\/\/api.w.org\/{rel}","templated":true}]}}