{"id":1091,"date":"2024-07-29T15:31:04","date_gmt":"2024-07-29T13:31:04","guid":{"rendered":"http:\/\/www.galerie-slavik.com\/en\/kuenstler\/georg-dobler\/"},"modified":"2024-07-29T15:31:04","modified_gmt":"2024-07-29T13:31:04","slug":"georg-dobler","status":"publish","type":"page","link":"https:\/\/www.galerie-slavik.com\/en\/georg-dobler\/","title":{"rendered":"Georg Dobler"},"content":{"rendered":"<div class=\"wpb-content-wrapper\"><div class=\"biografie\"><div id=\"post_thumbnail\"><img src=\"https:\/\/www.galerie-slavik.com\/wp-content\/uploads\/2016\/05\/k170.jpg\" class=\"attachment-full size-full wp-post-image\" alt=\"\" decoding=\"async\" srcset=\"https:\/\/www.galerie-slavik.com\/wp-content\/uploads\/2016\/05\/k170.jpg 320w, https:\/\/www.galerie-slavik.com\/wp-content\/uploads\/2016\/05\/k170-250x259.jpg 250w, https:\/\/www.galerie-slavik.com\/wp-content\/uploads\/2016\/05\/k170-120x124.jpg 120w\" sizes=\"(max-width: 320px) 100vw, 320px\" \/><\/div>\n<h2>Biographie<\/h2>\n<ul>\n<li><span class=\"zeitraum\">1952 <\/span>in Bayreuth;<\/li>\n<li>Goldschmiedemeisterpr\u00fcfung ( Berlin 1980 )<\/li>\n<li>Professor , HAWK , Universit\u00e4t f\u00fcr angewandte Wissenschaft und Kunst in Hildesheim, Deutschland ( Metall)<\/li>\n<li>Lebt und arbeitet in Berlin und Halle \/ Saale<\/li>\n<\/ul>\n<h2>Exhibits in public art collections<\/h2>\n<ul>\n<li><span class=\"zeitraum\">\u00f6ffentliche Sammlungen <\/span>Cooper Hewitt Museum, New York, U.S.A.; Stedelijk Museum Amsterdam, NL; Schmuckmuseum Pforzheim,D; Taideteollisuus Museo(Design Museum) Helinski, Finnland, Art Gallery of Western Australia, Perth, Aus.; Hiko Mizuno College of Jewellery, Tokyo, Japan, Grassi Museum, Leipzig, D; Museo del gioello, Padova, I; Museum f\u00fcr Angewandte Kunst, Wien, A; Boston Museum of Fine Arts, U.S.A.;<\/li>\n<li><span class=\"zeitraum\">private Sammlungen <\/span>Grotta Collection, Knapp Collection, New York; <br \/>Inge Asenbaum Sammlung, Dr. Bollmann Sammlung, Wien;<br \/>Derrez + Hogstede Collection, Amsterdam;<br \/>Ralph Turner Collection, London;<br \/>Helen W. Drutt English Collection, Philadelphia;<br \/>The Daphne Farago Collection, Boston;<br \/>Arnan \u2013Thiele Collection, Berlin;<br \/>Pahlman Collection, Espoo;<br \/>Lois Boardman Collection, Susan Cummins Collection, Los Angelos;<br \/>Derrez+Hogstede Collection, Mieke Oosterman Collection, Amsterdam;<\/li>\n<\/ul>\n<h2>Awards<\/h2>\n<ul>\n<li><\/li>\n<li><\/li>\n<li><span class=\"zeitraum\">2024 <\/span>Bavarian State Award, Munich (Ger)<\/li>\n<li><span class=\"zeitraum\">2018 <\/span>Legnica PL , Silver festival,  Price of the Director, Gallery SZTUKI<\/li>\n<li><span class=\"zeitraum\">2010 <\/span>Georg Dobler 1980-2010,book of the month, Goldsmith College,                             London (UK)<\/li>\n<li><span class=\"zeitraum\">2004 <\/span>Grassi Award of the Grassi Museum, Leipzig<\/li>\n<li><span class=\"zeitraum\">2000 <\/span>Herbert Hoffmann Ged\u00e4chtnis Preis, IHM M\u00fcnchen (GER)<\/li>\n<li><span class=\"zeitraum\">1991 <\/span>Union Knopf (Knopf Design) Preis;<\/li>\n<li><span class=\"zeitraum\">1988 <\/span>jewellery industry association<\/li>\n<li><span class=\"zeitraum\">1984 <\/span>Award of the country Berlin<\/li>\n<li><span class=\"zeitraum\">1980 <\/span>golden medallion at the contest &#8220;Benvenuto Cellini&#8221;<\/li>\n<li><span class=\"zeitraum\">1974 <\/span>&#8220;Das sch\u00f6nste Perljuwel&#8221; Award;<br \/>&#8220;Diamanten Heute&#8221; de Beers, 1. Prize<\/li>\n<\/ul>\n<h2>Exhibitions<\/h2>\n<ul>\n<li>Auswahl:<\/li>\n<li>seit 1994 an zahlreichen internationalen Austellungen<\/li>\n<li><\/li>\n<li><\/li>\n<li><\/li>\n<li><\/li>\n<li><\/li>\n<li><\/li>\n<li><\/li>\n<li><\/li>\n<li><\/li>\n<li><\/li>\n<li><\/li>\n<li><\/li>\n<li><\/li>\n<li><\/li>\n<\/ul>\n<\/div>\n<p class=\"zitat\">\n<p class=\"kuenstlerlink objekte-online\"><a href=\"http:\/\/www.galerie-slavik.com\/en\/produkt-kategorie\/georg-dobler\/\">See all objects by Georg Dobler<\/a><\/p>\n<p class=\"fotonachweis\">Mark Gisler<\/p>\n<p>[vc_row]<\/p>\n<p>[vc_column]<\/p>\n<div class=\"woocommerce columns-4 \"><\/div>\n<p>[\/vc_column]<\/p>\n<p>[\/vc_row]<\/p>\n<\/div>","protected":false},"excerpt":{"rendered":"Biographie 1952 in Bayreuth; Goldschmiedemeisterpr\u00fcfung ( Berlin 1980 ) Professor , HAWK , Universit\u00e4t f\u00fcr angewandte Wissenschaft und Kunst in Hildesheim, Deutschland ( Metall) Lebt und arbeitet in Berlin und Halle \/ Saale Exhibits in public art collections \u00f6ffentliche Sammlungen Cooper Hewitt Museum, New York, U.S.A.; Stedelijk Museum Amsterdam, NL; Schmuckmuseum Pforzheim,D; Taideteollisuus Museo(Design Museum)&#8230; <a class=\"view-article\" href=\"https:\/\/www.galerie-slavik.com\/en\/georg-dobler\/\">View Article<\/a>","protected":false},"author":0,"featured_media":789,"parent":0,"menu_order":0,"comment_status":"closed","ping_status":"open","template":"","meta":{"footnotes":""},"categories":[619],"tags":[],"_links":{"self":[{"href":"https:\/\/www.galerie-slavik.com\/en\/wp-json\/wp\/v2\/pages\/1091"}],"collection":[{"href":"https:\/\/www.galerie-slavik.com\/en\/wp-json\/wp\/v2\/pages"}],"about":[{"href":"https:\/\/www.galerie-slavik.com\/en\/wp-json\/wp\/v2\/types\/page"}],"replies":[{"embeddable":true,"href":"https:\/\/www.galerie-slavik.com\/en\/wp-json\/wp\/v2\/comments?post=1091"}],"version-history":[{"count":6,"href":"https:\/\/www.galerie-slavik.com\/en\/wp-json\/wp\/v2\/pages\/1091\/revisions"}],"predecessor-version":[{"id":16766,"href":"https:\/\/www.galerie-slavik.com\/en\/wp-json\/wp\/v2\/pages\/1091\/revisions\/16766"}],"wp:featuredmedia":[{"embeddable":true,"href":"https:\/\/www.galerie-slavik.com\/en\/wp-json\/wp\/v2\/media\/789"}],"wp:attachment":[{"href":"https:\/\/www.galerie-slavik.com\/en\/wp-json\/wp\/v2\/media?parent=1091"}],"wp:term":[{"taxonomy":"category","embeddable":true,"href":"https:\/\/www.galerie-slavik.com\/en\/wp-json\/wp\/v2\/categories?post=1091"},{"taxonomy":"post_tag","embeddable":true,"href":"https:\/\/www.galerie-slavik.com\/en\/wp-json\/wp\/v2\/tags?post=1091"}],"curies":[{"name":"wp","href":"https:\/\/api.w.org\/{rel}","templated":true}]}}