{"id":1097,"date":"2016-05-26T15:30:52","date_gmt":"2016-05-26T13:30:52","guid":{"rendered":"http:\/\/www.galerie-slavik.com\/en\/kuenstler\/ulla-martin-kaufmann\/"},"modified":"2018-09-25T23:17:55","modified_gmt":"2018-09-25T21:17:55","slug":"ulla-martin-kaufmann","status":"publish","type":"page","link":"https:\/\/www.galerie-slavik.com\/en\/ulla-martin-kaufmann\/","title":{"rendered":"Ulla &#038; Martin Kaufmann"},"content":{"rendered":"<div class=\"wpb-content-wrapper\"><div class=\"biografie\"><div id=\"post_thumbnail\"><img src=\"https:\/\/www.galerie-slavik.com\/wp-content\/uploads\/2016\/05\/k183.jpg\" class=\"attachment-full size-full wp-post-image\" alt=\"\" decoding=\"async\" srcset=\"https:\/\/www.galerie-slavik.com\/wp-content\/uploads\/2016\/05\/k183.jpg 320w, https:\/\/www.galerie-slavik.com\/wp-content\/uploads\/2016\/05\/k183-250x230.jpg 250w, https:\/\/www.galerie-slavik.com\/wp-content\/uploads\/2016\/05\/k183-120x110.jpg 120w\" sizes=\"(max-width: 320px) 100vw, 320px\" \/><\/div>\n<h2>Biographie<\/h2>\n<ul>\n<li><span class=\"zeitraum\">1941 <\/span>geb. in Hildesheim<\/li>\n<li><span class=\"zeitraum\">1958-62 <\/span>Ausbildung zum Silber und Goldschmied<\/li>\n<li><span class=\"zeitraum\">1963-66 <\/span>Aufenthalte In Norwegen und Frankreich<\/li>\n<li>Seit 1970 freischaffend t\u00e4tig<\/li>\n<li><span class=\"zeitraum\">1972 <\/span>F\u00f6rderpreis des Landes Niedersachsen<\/li>\n<li><span class=\"zeitraum\">1974 <\/span>Staatspreis des Landes Hessen<\/li>\n<li><span class=\"zeitraum\">1978 <\/span>Staatspreis des Landes Niedersachsen<\/li>\n<li><span class=\"zeitraum\">1986 <\/span>Entwicklung der Besteckserie >PALLADIO<,<\/li>\n<li><span class=\"zeitraum\">1992 <\/span>Auszeichnung Design Plus, Rat f\u00fcr Formgebung, Frankfurt\/Main<\/li>\n<li><span class=\"zeitraum\">1992 <\/span>Aufnahme in die Design Auswahl, Stuttgart, Design Center<\/li>\n<li><span class=\"zeitraum\">1993 <\/span>Auszeichnung f\u00fcr Hohe Designqualit\u00e4t, Essen, Design Zentrum<\/li>\n<li><span class=\"zeitraum\">1994 <\/span>Realisation von gr\u00f6\u00dferen Hohlg\u00fcssen in Silber<\/li>\n<li><span class=\"zeitraum\">1994 <\/span>Workshop, afrikanische Gie\u00dftechnik, Escola Massana, Barcelona<\/li>\n<li><span class=\"zeitraum\">1997 <\/span>Entwicklung der Besteckserie >PASSIONE<<\/li>\n<li><span class=\"zeitraum\">1998 <\/span>Entwicklung >Besteck 2000<, f\u00fcr Wilkens+S\u00f6hne, Bremen<\/li>\n<li><span class=\"zeitraum\">1999 <\/span>Design Zentrum Essen, Besteck >PASSIONE<,<\/li>\n<li>Auszeichnung f\u00fcr Hohe Design Qualit\u00e4t, red dot.<\/li>\n<li><span class=\"zeitraum\">2000 <\/span>Design Zentrum Essen, Halsreif >FAST NICHTS<,<\/li>\n<li>Auszeichnung f\u00fcr Hohe Design Qualit\u00e4t, red dot.<\/li>\n<li><span class=\"zeitraum\">2001 <\/span>Designzentrum Essen, Armreif >SPIRALE<<\/li>\n<li>Ausze ichnung f\u00fcr H\u00f6chste Designqualit\u00e4t, red dot<\/li>\n<li><span class=\"zeitraum\">2002 <\/span>Design Zentrum Essen, Ohrringe >AUS DEM KREIS<<\/li>\n<li>Auszeichnung f\u00fcr Hohe Design Qualit\u00e4t , red dot<\/li>\n<li><span class=\"zeitraum\">2000-2002 <\/span>Entwicklung der kitchen gadgets f\u00fcr Zwilling, Solingen<\/li>\n<li><span class=\"zeitraum\">2002 <\/span>Design Zentrum Essen, kitchen gadgets >TWIN SELECT<<\/li>\n<li>Auszeichnung f\u00fcr Hohe Design Qualit\u00e4t , red dot<\/li>\n<li><span class=\"zeitraum\">2003 <\/span>Bayerischer Staatspreis<\/li>\n<li>Grassipreis der Galerie Slavik, Grassimuseum Leipzig<\/li>\n<\/ul>\n<h2>Exhibits in public art collections<\/h2>\n<ul>\n<li><span class=\"zeitraum\">1974 <\/span>Museum Preu\u00dfischer Kulturbesitz, Berlin<\/li>\n<li><span class=\"zeitraum\">1980 <\/span>Badisches Landesmuseum, Karlsruhe<\/li>\n<li><span class=\"zeitraum\">1982 <\/span>Museum f\u00fcr Kunsthandwerk, Frankfurt<\/li>\n<li><span class=\"zeitraum\">1985 <\/span>Kestner Museum, Hannover<\/li>\n<li><span class=\"zeitraum\">1987 <\/span>Roemer Pelizaeus Museum, Hildesheim<\/li>\n<li><span class=\"zeitraum\">1992 <\/span>Kunstgewerbemuseum, Berlin<\/li>\n<li><span class=\"zeitraum\">1993 <\/span>Museum f\u00fcr Kunsthandwerk, Frankfurt<\/li>\n<li><span class=\"zeitraum\">1993 <\/span>Deutsches Klingenmuseum, Solingen<\/li>\n<li><span class=\"zeitraum\">1995 <\/span>Grassi Museum, Leipzig<\/li>\n<li><span class=\"zeitraum\">1997 <\/span>Museum f\u00fcr Kunst und Gewerbe, Hamburg<\/li>\n<li><span class=\"zeitraum\">1999 <\/span>Grassi Museum Leipzig<\/li>\n<li><span class=\"zeitraum\">2000 <\/span>Museum f\u00fcr Kunst und Gewerbe, Hamburg<\/li>\n<li><span class=\"zeitraum\">2000 <\/span>Musee de Riom, Frankreich<\/li>\n<li><span class=\"zeitraum\">2001 <\/span>kunstgewerbemuseum,Berlin<\/li>\n<li><span class=\"zeitraum\">2002 <\/span>Zilvermuseum Sterckshof Provincie Antwerpen<\/li>\n<li><span class=\"zeitraum\">2003 <\/span>Neue Pinakothek, M\u00fcnchen<\/li>\n<\/ul>\n<\/div>\n<p class=\"zitat\">\n<p class=\"kuenstlerlink objekte-online\"><a href=\"http:\/\/www.galerie-slavik.com\/en\/produkt-kategorie\/ulla---martin-kaufmann-artist\/\">See all objects by Ulla &#038; Martin Kaufmann<\/a><\/p>\n<p class=\"fotonachweis\">\n<p>[vc_row]<\/p>\n<p>[vc_column]<\/p>\n<div class=\"woocommerce columns-4 \"><ul class=\"products columns-4\">\n<li class=\"product type-product post-11663 status-publish first instock product_cat-artist product_cat-bracelet product_cat-nicht-startrotation-en product_cat-ulla-martin-kaufmann-artist has-post-thumbnail product-type-simple\">\n\t<div class=\"product-artist\">Ulla & Martin Kaufmann<\/div><div class=\"product-sku\">Nr. 118305<\/div><\/li>\n<li class=\"product type-product post-1948 status-publish instock product_cat-artist product_cat-bracelet product_cat-nicht-startrotation-en product_cat-ulla-martin-kaufmann-artist has-post-thumbnail product-type-simple\">\n\t<div class=\"product-artist\">Ulla & Martin Kaufmann<\/div><div class=\"product-sku\">Nr. 118303<\/div><\/li>\n<li class=\"product type-product post-9541 status-publish instock product_cat--uebersetzung-fehlt- product_cat-artist product_cat-nicht-startrotation-en product_cat-ulla-martin-kaufmann-artist has-post-thumbnail product-type-simple\">\n\t<div class=\"product-artist\">Ulla & Martin Kaufmann<\/div><div class=\"product-sku\">Nr. 118304<\/div><\/li>\n<li class=\"product type-product post-5571 status-publish last instock product_cat-artist product_cat-necklace product_cat-nicht-startrotation-en product_cat-ulla-martin-kaufmann-artist has-post-thumbnail product-type-simple\">\n\t<div class=\"product-artist\">Ulla & Martin Kaufmann<\/div><div class=\"product-sku\">Nr. 118302<\/div><\/li>\n<li class=\"product type-product post-5570 status-publish first instock product_cat-artist product_cat-bracelet product_cat-nicht-startrotation-en product_cat-ulla-martin-kaufmann-artist has-post-thumbnail product-type-simple\">\n\t<div class=\"product-artist\">Ulla & Martin Kaufmann<\/div><div class=\"product-sku\">Nr. 118301<\/div><\/li>\n<\/ul>\n<\/div>\n<p>[\/vc_column]<\/p>\n<p>[\/vc_row]<\/p>\n<\/div>","protected":false},"excerpt":{"rendered":"Biographie 1941 geb. in Hildesheim 1958-62 Ausbildung zum Silber und Goldschmied 1963-66 Aufenthalte In Norwegen und Frankreich Seit 1970 freischaffend t\u00e4tig 1972 F\u00f6rderpreis des Landes Niedersachsen 1974 Staatspreis des Landes Hessen 1978 Staatspreis des Landes Niedersachsen 1986 Entwicklung der Besteckserie >PALLADIOPASSIONEBesteck 2000PASSIONEFAST NICHTSSPIRALEAUS DEM KREISTWIN SELECT","protected":false},"author":4,"featured_media":791,"parent":0,"menu_order":0,"comment_status":"closed","ping_status":"open","template":"","meta":{"footnotes":""},"categories":[135,619],"tags":[],"_links":{"self":[{"href":"https:\/\/www.galerie-slavik.com\/en\/wp-json\/wp\/v2\/pages\/1097"}],"collection":[{"href":"https:\/\/www.galerie-slavik.com\/en\/wp-json\/wp\/v2\/pages"}],"about":[{"href":"https:\/\/www.galerie-slavik.com\/en\/wp-json\/wp\/v2\/types\/page"}],"author":[{"embeddable":true,"href":"https:\/\/www.galerie-slavik.com\/en\/wp-json\/wp\/v2\/users\/4"}],"replies":[{"embeddable":true,"href":"https:\/\/www.galerie-slavik.com\/en\/wp-json\/wp\/v2\/comments?post=1097"}],"version-history":[{"count":3,"href":"https:\/\/www.galerie-slavik.com\/en\/wp-json\/wp\/v2\/pages\/1097\/revisions"}],"predecessor-version":[{"id":1692,"href":"https:\/\/www.galerie-slavik.com\/en\/wp-json\/wp\/v2\/pages\/1097\/revisions\/1692"}],"wp:featuredmedia":[{"embeddable":true,"href":"https:\/\/www.galerie-slavik.com\/en\/wp-json\/wp\/v2\/media\/791"}],"wp:attachment":[{"href":"https:\/\/www.galerie-slavik.com\/en\/wp-json\/wp\/v2\/media?parent=1097"}],"wp:term":[{"taxonomy":"category","embeddable":true,"href":"https:\/\/www.galerie-slavik.com\/en\/wp-json\/wp\/v2\/categories?post=1097"},{"taxonomy":"post_tag","embeddable":true,"href":"https:\/\/www.galerie-slavik.com\/en\/wp-json\/wp\/v2\/tags?post=1097"}],"curies":[{"name":"wp","href":"https:\/\/api.w.org\/{rel}","templated":true}]}}