{"id":1715,"date":"2016-05-19T13:32:07","date_gmt":"2016-05-19T11:32:07","guid":{"rendered":"http:\/\/www.galerie-slavik.com\/en\/impressum\/"},"modified":"2018-09-25T23:37:15","modified_gmt":"2018-09-25T21:37:15","slug":"imprint","status":"publish","type":"page","link":"https:\/\/www.galerie-slavik.com\/en\/imprint\/","title":{"rendered":"Imprint"},"content":{"rendered":"<div class=\"wpb-content-wrapper\"><p>[vc_row][vc_column width=&#8221;1\/2&#8243;][vc_column_text]Galerie Slavik<\/p>\n<p>Renate Slavik<\/p>\n<p>Himmelpfortgasse 17<br \/>\n1010<br \/>\nWien<br \/>\n\u00d6sterreich<\/p>\n<p>+43 (0) 1 513 48 12<\/p>\n<p><a href=\"mailto:galerie.slavik@vienna.at\">galerie.slavik@vienna.at<\/a><\/p>\n<p>Kunsthandel<br \/>\nATU 61974402<br \/>\nWK\u00d6<br \/>\nGewerbeordnung: <a href=\"http:\/\/www.ris.bka.gv.at\">www.ris.bka.gv.at<\/a><br \/>\nHandelsgericht Wien<br \/>\nEinzelhandel<br \/>\n\u00d6sterreich[\/vc_column_text][\/vc_column][vc_column width=&#8221;1\/2&#8243;][\/vc_column][\/vc_row]<\/p>\n<\/div>","protected":false},"excerpt":{"rendered":"[vc_row][vc_column width=&#8221;1\/2&#8243;][vc_column_text]Galerie Slavik Renate Slavik Himmelpfortgasse 17 1010 Wien \u00d6sterreich +43 (0) 1 513 48 12 galerie.slavik@vienna.at Kunsthandel ATU 61974402 WK\u00d6 Gewerbeordnung: www.ris.bka.gv.at Handelsgericht Wien Einzelhandel \u00d6sterreich[\/vc_column_text][\/vc_column][vc_column width=&#8221;1\/2&#8243;][\/vc_column][\/vc_row]","protected":false},"author":1,"featured_media":0,"parent":0,"menu_order":0,"comment_status":"closed","ping_status":"closed","template":"","meta":{"footnotes":""},"categories":[],"tags":[],"_links":{"self":[{"href":"https:\/\/www.galerie-slavik.com\/en\/wp-json\/wp\/v2\/pages\/1715"}],"collection":[{"href":"https:\/\/www.galerie-slavik.com\/en\/wp-json\/wp\/v2\/pages"}],"about":[{"href":"https:\/\/www.galerie-slavik.com\/en\/wp-json\/wp\/v2\/types\/page"}],"author":[{"embeddable":true,"href":"https:\/\/www.galerie-slavik.com\/en\/wp-json\/wp\/v2\/users\/1"}],"replies":[{"embeddable":true,"href":"https:\/\/www.galerie-slavik.com\/en\/wp-json\/wp\/v2\/comments?post=1715"}],"version-history":[{"count":6,"href":"https:\/\/www.galerie-slavik.com\/en\/wp-json\/wp\/v2\/pages\/1715\/revisions"}],"predecessor-version":[{"id":9367,"href":"https:\/\/www.galerie-slavik.com\/en\/wp-json\/wp\/v2\/pages\/1715\/revisions\/9367"}],"wp:attachment":[{"href":"https:\/\/www.galerie-slavik.com\/en\/wp-json\/wp\/v2\/media?parent=1715"}],"wp:term":[{"taxonomy":"category","embeddable":true,"href":"https:\/\/www.galerie-slavik.com\/en\/wp-json\/wp\/v2\/categories?post=1715"},{"taxonomy":"post_tag","embeddable":true,"href":"https:\/\/www.galerie-slavik.com\/en\/wp-json\/wp\/v2\/tags?post=1715"}],"curies":[{"name":"wp","href":"https:\/\/api.w.org\/{rel}","templated":true}]}}