{"id":810,"date":"2016-07-12T11:37:36","date_gmt":"2016-07-12T09:37:36","guid":{"rendered":"http:\/\/www.galerie-slavik.com\/en\/kuenstler\/rike-bartels\/"},"modified":"2018-09-25T23:17:28","modified_gmt":"2018-09-25T21:17:28","slug":"rike-bartels","status":"publish","type":"page","link":"https:\/\/www.galerie-slavik.com\/en\/rike-bartels\/","title":{"rendered":"Rike Bartels"},"content":{"rendered":"<div class=\"wpb-content-wrapper\"><div class=\"biografie\"><div id=\"post_thumbnail\"><img src=\"https:\/\/www.galerie-slavik.com\/wp-content\/uploads\/2016\/05\/k106.jpg\" class=\"attachment-full size-full wp-post-image\" alt=\"\" decoding=\"async\" srcset=\"https:\/\/www.galerie-slavik.com\/wp-content\/uploads\/2016\/05\/k106.jpg 320w, https:\/\/www.galerie-slavik.com\/wp-content\/uploads\/2016\/05\/k106-250x255.jpg 250w, https:\/\/www.galerie-slavik.com\/wp-content\/uploads\/2016\/05\/k106-120x123.jpg 120w\" sizes=\"(max-width: 320px) 100vw, 320px\" \/><\/div>\n<h2>Biographie<\/h2>\n<ul>\n<li><span class=\"zeitraum\">1969 <\/span>geboren in M\u00fcnchen<\/li>\n<li><span class=\"zeitraum\">1989 <\/span>Abitur<\/li>\n<li><span class=\"zeitraum\">1989-90 <\/span>Escola Massana, Barcelona<\/li>\n<li><span class=\"zeitraum\">1990-93 <\/span>Berufskolleg f\u00fcr Schmuck und Ger\u00e4t,      Goldschmiedeschule Pforzheim<\/li>\n<li><span class=\"zeitraum\">1993 <\/span>Industrial Design, Pforzheim<\/li>\n<li>Seit 1989 eigene Arbeiten, lebt in Italien<\/li>\n<\/ul>\n<h2>Exhibitions<\/h2>\n<ul>\n<li>Numerous international exhibitions.<\/li>\n<\/ul>\n<\/div>\n<p class=\"zitat\">\n<p class=\"kuenstlerlink objekte-online\"><a href=\"http:\/\/www.galerie-slavik.com\/en\/produkt-kategorie\/rike-bartels-artist\/\">See all objects by Rike Bartels<\/a><\/p>\n<p class=\"fotonachweis\">\n<p>[vc_row]<\/p>\n<p>[vc_column]<\/p>\n<div class=\"woocommerce columns-4 \"><ul class=\"products columns-4\">\n<li class=\"product type-product post-17638 status-publish first instock product_cat-artist product_cat-nicht-startrotation-en product_cat-rike-bartels-artist product_cat-rings has-post-thumbnail product-type-simple\">\n\t<div class=\"product-artist\">Rike Bartels<\/div><div class=\"product-sku\">Nr. 110651<\/div><\/li>\n<li class=\"product type-product post-17292 status-publish instock product_cat-artist product_cat-nicht-startrotation-en product_cat-rike-bartels-artist product_cat-rings has-post-thumbnail product-type-simple\">\n\t<div class=\"product-artist\">Rike Bartels<\/div><div class=\"product-sku\">Nr. 110650<\/div><\/li>\n<li class=\"product type-product post-16974 status-publish instock product_cat-artist product_cat-rike-bartels-artist product_cat-rings product_cat-startrotation-en has-post-thumbnail product-type-simple\">\n\t<div class=\"product-artist\">Rike Bartels<\/div><div class=\"product-sku\">Nr. 110649<\/div><\/li>\n<li class=\"product type-product post-13486 status-publish last instock product_cat-artist product_cat-nicht-startrotation-en product_cat-rike-bartels-artist product_cat-rings has-post-thumbnail product-type-simple\">\n\t<div class=\"product-artist\">Rike Bartels<\/div><div class=\"product-sku\">Nr. 110647<\/div><\/li>\n<li class=\"product type-product post-13487 status-publish first instock product_cat-artist product_cat-earrings product_cat-nicht-startrotation-en product_cat-rike-bartels-artist has-post-thumbnail product-type-simple\">\n\t<div class=\"product-artist\">Rike Bartels<\/div><div class=\"product-sku\">Nr. 110648<\/div><\/li>\n<li class=\"product type-product post-13485 status-publish instock product_cat-artist product_cat-earrings product_cat-nicht-startrotation-en product_cat-rike-bartels-artist has-post-thumbnail product-type-simple\">\n\t<div class=\"product-artist\">Rike Bartels<\/div><div class=\"product-sku\">Nr. 110646<\/div><\/li>\n<li class=\"product type-product post-12459 status-publish instock product_cat-artist product_cat-nicht-startrotation-en product_cat-rike-bartels-artist product_cat-rings has-post-thumbnail product-type-simple\">\n\t<div class=\"product-artist\">Rike Bartels<\/div><div class=\"product-sku\">Nr. 110641<\/div><\/li>\n<li class=\"product type-product post-12349 status-publish last instock product_cat-artist product_cat-nicht-startrotation-en product_cat-rike-bartels-artist product_cat-rings has-post-thumbnail product-type-simple\">\n\t<div class=\"product-artist\">Rike Bartels<\/div><div class=\"product-sku\">Nr. 110637<\/div><\/li>\n<\/ul>\n<\/div>\n<p>[\/vc_column]<\/p>\n<p>[\/vc_row]<\/p>\n<\/div>","protected":false},"excerpt":{"rendered":"Biographie 1969 geboren in M\u00fcnchen 1989 Abitur 1989-90 Escola Massana, Barcelona 1990-93 Berufskolleg f\u00fcr Schmuck und Ger\u00e4t, Goldschmiedeschule Pforzheim 1993 Industrial Design, Pforzheim Seit 1989 eigene Arbeiten, lebt in Italien Exhibitions Numerous international exhibitions. See all objects by Rike Bartels [vc_row] [vc_column] [\/vc_column] [\/vc_row]","protected":false},"author":4,"featured_media":774,"parent":0,"menu_order":0,"comment_status":"closed","ping_status":"open","template":"","meta":{"footnotes":""},"categories":[135,619],"tags":[],"_links":{"self":[{"href":"https:\/\/www.galerie-slavik.com\/en\/wp-json\/wp\/v2\/pages\/810"}],"collection":[{"href":"https:\/\/www.galerie-slavik.com\/en\/wp-json\/wp\/v2\/pages"}],"about":[{"href":"https:\/\/www.galerie-slavik.com\/en\/wp-json\/wp\/v2\/types\/page"}],"author":[{"embeddable":true,"href":"https:\/\/www.galerie-slavik.com\/en\/wp-json\/wp\/v2\/users\/4"}],"replies":[{"embeddable":true,"href":"https:\/\/www.galerie-slavik.com\/en\/wp-json\/wp\/v2\/comments?post=810"}],"version-history":[{"count":4,"href":"https:\/\/www.galerie-slavik.com\/en\/wp-json\/wp\/v2\/pages\/810\/revisions"}],"predecessor-version":[{"id":1619,"href":"https:\/\/www.galerie-slavik.com\/en\/wp-json\/wp\/v2\/pages\/810\/revisions\/1619"}],"wp:featuredmedia":[{"embeddable":true,"href":"https:\/\/www.galerie-slavik.com\/en\/wp-json\/wp\/v2\/media\/774"}],"wp:attachment":[{"href":"https:\/\/www.galerie-slavik.com\/en\/wp-json\/wp\/v2\/media?parent=810"}],"wp:term":[{"taxonomy":"category","embeddable":true,"href":"https:\/\/www.galerie-slavik.com\/en\/wp-json\/wp\/v2\/categories?post=810"},{"taxonomy":"post_tag","embeddable":true,"href":"https:\/\/www.galerie-slavik.com\/en\/wp-json\/wp\/v2\/tags?post=810"}],"curies":[{"name":"wp","href":"https:\/\/api.w.org\/{rel}","templated":true}]}}