{"id":817,"date":"2016-09-02T16:13:50","date_gmt":"2016-09-02T14:13:50","guid":{"rendered":"http:\/\/www.galerie-slavik.com\/en\/kuenstler\/anna-heindl\/"},"modified":"2018-09-25T23:14:21","modified_gmt":"2018-09-25T21:14:21","slug":"anna-heindl","status":"publish","type":"page","link":"https:\/\/www.galerie-slavik.com\/en\/anna-heindl\/","title":{"rendered":"Anna Heindl"},"content":{"rendered":"<div class=\"wpb-content-wrapper\"><div class=\"biografie\"><div id=\"post_thumbnail\"><img src=\"https:\/\/www.galerie-slavik.com\/wp-content\/uploads\/2016\/05\/k013.jpg\" class=\"attachment-full size-full wp-post-image\" alt=\"\" decoding=\"async\" srcset=\"https:\/\/www.galerie-slavik.com\/wp-content\/uploads\/2016\/05\/k013.jpg 300w, https:\/\/www.galerie-slavik.com\/wp-content\/uploads\/2016\/05\/k013-250x333.jpg 250w, https:\/\/www.galerie-slavik.com\/wp-content\/uploads\/2016\/05\/k013-120x160.jpg 120w\" sizes=\"(max-width: 300px) 100vw, 300px\" \/><\/div>\n<h2>Biographie<\/h2>\n<ul>\n<li><span class=\"zeitraum\">1950 <\/span>geboren in Perg, Ober\u00f6sterreich<\/li>\n<li><span class=\"zeitraum\">1970 <\/span>Hochschule f\u00fcr Angewandte Kunst, Wien, Meisterklasse f\u00fcr Metallgestaltung, Prof. Hagenauer<\/li>\n<\/ul>\n<h2>Exhibits in public art collections<\/h2>\n<ul>\n<li>Museum f\u00fcr angewandte Kunst, Wien<\/li>\n<li>Schmuckmuseum Pforzheim<\/li>\n<li>Museum Perth, Australien<\/li>\n<li>Sammlung Hochschule f\u00fcr angewandte Kunst, Wien<\/li>\n<li>Museum Hertogenbosch, Niederlande<\/li>\n<li>Mus\u00e9e des Arts D\u00e9coratifs, Louvre Paris<\/li>\n<li>Museum of Fine Arts Houston, USA<\/li>\n<li>Sammlung Renate und Anselm Kiefer<\/li>\n<\/ul>\n<h2>Awards<\/h2>\n<ul>\n<li>Theodor-K\u00f6rner-Preis<\/li>\n<li>Kunstf\u00f6rderpreis der Stadt Wien<\/li>\n<li>Preis der Stadt Wien 2002<\/li>\n<li><span class=\"zeitraum\">2016 <\/span>Retrospektive im Trakl-Haus Salzburg und im MAK Wien<\/li>\n<\/ul>\n<h2>Exhibitions<\/h2>\n<ul>\n<li>Numerous international exhibitions.<\/li>\n<\/ul>\n<p>Vorlesungen am Royal College of Art, London, an der Rietveld Academy, Amsterdam, und an der Sommerakademie, Graz.<\/p>\n<\/div>\n<p class=\"zitat\">\n<p class=\"kuenstlerlink objekte-online\"><a href=\"http:\/\/www.galerie-slavik.com\/en\/produkt-kategorie\/anna-heindl-artist\/\">See all objects by Anna Heindl<\/a><\/p>\n<p class=\"fotonachweis\">\n<p>[vc_row]<\/p>\n<p>[vc_column]<\/p>\n<div class=\"woocommerce columns-4 \"><ul class=\"products columns-4\">\n<li class=\"product type-product post-17545 status-publish first instock product_cat-anna-heindl-artist product_cat-artist product_cat-nicht-startrotation-en product_cat-rings has-post-thumbnail product-type-simple\">\n\t<div class=\"product-artist\">Anna Heindl<\/div><div class=\"product-sku\">Nr. 201325<\/div><\/li>\n<li class=\"product type-product post-16847 status-publish instock product_cat-anna-heindl-artist product_cat-artist product_cat-rings product_cat-startrotation-en has-post-thumbnail product-type-simple\">\n\t<div class=\"product-artist\">Anna Heindl<\/div><div class=\"product-sku\">Nr. 201322<\/div><\/li>\n<li class=\"product type-product post-16846 status-publish instock product_cat-anna-heindl-artist product_cat-artist product_cat-earrings product_cat-startrotation-en has-post-thumbnail product-type-simple\">\n\t<div class=\"product-artist\">Anna Heindl<\/div><div class=\"product-sku\">Nr. 201321<\/div><\/li>\n<li class=\"product type-product post-16845 status-publish last instock product_cat-anna-heindl-artist product_cat-artist product_cat-rings product_cat-startrotation-en has-post-thumbnail product-type-simple\">\n\t<div class=\"product-artist\">Anna Heindl<\/div><div class=\"product-sku\">Nr. 201320<\/div><\/li>\n<li class=\"product type-product post-16865 status-publish first instock product_cat-anna-heindl-artist product_cat-artist product_cat-rings product_cat-startrotation-en has-post-thumbnail product-type-simple\">\n\t<div class=\"product-artist\">Anna Heindl<\/div><div class=\"product-sku\">Nr. 201324<\/div><\/li>\n<li class=\"product type-product post-16844 status-publish instock product_cat-anna-heindl-artist product_cat-artist product_cat-necklace product_cat-startrotation-en has-post-thumbnail product-type-simple\">\n\t<div class=\"product-artist\">Anna Heindl<\/div><div class=\"product-sku\">Nr. 201319<\/div><\/li>\n<li class=\"product type-product post-13314 status-publish instock product_cat-anna-heindl-artist product_cat-artist product_cat-rings product_cat-startrotation-en has-post-thumbnail product-type-simple\">\n\t<div class=\"product-artist\">Anna Heindl<\/div><div class=\"product-sku\">Nr. 201318<\/div><\/li>\n<li class=\"product type-product post-13313 status-publish last instock product_cat-anna-heindl-artist product_cat-artist product_cat-necklace product_cat-nicht-startrotation-en has-post-thumbnail product-type-simple\">\n\t<div class=\"product-artist\">Anna Heindl<\/div><div class=\"product-sku\">Nr. 201317<\/div><\/li>\n<\/ul>\n<\/div>\n<p>[\/vc_column]<\/p>\n<p>[\/vc_row]<\/p>\n<\/div>","protected":false},"excerpt":{"rendered":"Biographie 1950 geboren in Perg, Ober\u00f6sterreich 1970 Hochschule f\u00fcr Angewandte Kunst, Wien, Meisterklasse f\u00fcr Metallgestaltung, Prof. Hagenauer Exhibits in public art collections Museum f\u00fcr angewandte Kunst, Wien Schmuckmuseum Pforzheim Museum Perth, Australien Sammlung Hochschule f\u00fcr angewandte Kunst, Wien Museum Hertogenbosch, Niederlande Mus\u00e9e des Arts D\u00e9coratifs, Louvre Paris Museum of Fine Arts Houston, USA Sammlung Renate&#8230; <a class=\"view-article\" href=\"https:\/\/www.galerie-slavik.com\/en\/anna-heindl\/\">View Article<\/a>","protected":false},"author":4,"featured_media":741,"parent":0,"menu_order":0,"comment_status":"closed","ping_status":"open","template":"","meta":{"footnotes":""},"categories":[135,619],"tags":[],"_links":{"self":[{"href":"https:\/\/www.galerie-slavik.com\/en\/wp-json\/wp\/v2\/pages\/817"}],"collection":[{"href":"https:\/\/www.galerie-slavik.com\/en\/wp-json\/wp\/v2\/pages"}],"about":[{"href":"https:\/\/www.galerie-slavik.com\/en\/wp-json\/wp\/v2\/types\/page"}],"author":[{"embeddable":true,"href":"https:\/\/www.galerie-slavik.com\/en\/wp-json\/wp\/v2\/users\/4"}],"replies":[{"embeddable":true,"href":"https:\/\/www.galerie-slavik.com\/en\/wp-json\/wp\/v2\/comments?post=817"}],"version-history":[{"count":6,"href":"https:\/\/www.galerie-slavik.com\/en\/wp-json\/wp\/v2\/pages\/817\/revisions"}],"predecessor-version":[{"id":5976,"href":"https:\/\/www.galerie-slavik.com\/en\/wp-json\/wp\/v2\/pages\/817\/revisions\/5976"}],"wp:featuredmedia":[{"embeddable":true,"href":"https:\/\/www.galerie-slavik.com\/en\/wp-json\/wp\/v2\/media\/741"}],"wp:attachment":[{"href":"https:\/\/www.galerie-slavik.com\/en\/wp-json\/wp\/v2\/media?parent=817"}],"wp:term":[{"taxonomy":"category","embeddable":true,"href":"https:\/\/www.galerie-slavik.com\/en\/wp-json\/wp\/v2\/categories?post=817"},{"taxonomy":"post_tag","embeddable":true,"href":"https:\/\/www.galerie-slavik.com\/en\/wp-json\/wp\/v2\/tags?post=817"}],"curies":[{"name":"wp","href":"https:\/\/api.w.org\/{rel}","templated":true}]}}