{"id":8796,"date":"2017-11-21T12:41:38","date_gmt":"2017-11-21T11:41:38","guid":{"rendered":"http:\/\/www.galerie-slavik.com\/en\/jiro-kamata\/"},"modified":"2018-09-25T23:16:22","modified_gmt":"2018-09-25T21:16:22","slug":"jiro-kamata","status":"publish","type":"page","link":"https:\/\/www.galerie-slavik.com\/en\/jiro-kamata\/","title":{"rendered":"Jiro Kamata"},"content":{"rendered":"<div class=\"wpb-content-wrapper\"><div class=\"biografie\"><div id=\"post_thumbnail\"><img src=\"https:\/\/www.galerie-slavik.com\/wp-content\/uploads\/2017\/11\/k228.jpg\" class=\"attachment-full size-full wp-post-image\" alt=\"\" decoding=\"async\" srcset=\"https:\/\/www.galerie-slavik.com\/wp-content\/uploads\/2017\/11\/k228.jpg 320w, https:\/\/www.galerie-slavik.com\/wp-content\/uploads\/2017\/11\/k228-300x300.jpg 300w, https:\/\/www.galerie-slavik.com\/wp-content\/uploads\/2017\/11\/k228-100x100.jpg 100w, https:\/\/www.galerie-slavik.com\/wp-content\/uploads\/2017\/11\/k228-150x150.jpg 150w, https:\/\/www.galerie-slavik.com\/wp-content\/uploads\/2017\/11\/k228-250x249.jpg 250w, https:\/\/www.galerie-slavik.com\/wp-content\/uploads\/2017\/11\/k228-120x120.jpg 120w\" sizes=\"(max-width: 320px) 100vw, 320px\" \/><\/div>\n<h2>Biographie<\/h2>\n<ul>\n<li><span class=\"zeitraum\">1978 <\/span>Hirosaki, Japan \u2013 lebt und arbeitet in M\u00fcnchen<\/li>\n<li><span class=\"zeitraum\">1996 &#8211; 98 <\/span>Ausbildung am Yamanashi Institute of Gemology and Jewellery Art, Kofu, Japan<\/li>\n<li><span class=\"zeitraum\">1998 &#8211; 99 <\/span>Gaststudium an der Hochschule f\u00fcr Gestaltung, Pforzheim, Studiengang Schmuck und Ger\u00e4t<\/li>\n<li><span class=\"zeitraum\">2000 &#8211; 06 <\/span>Studium an der Akademie der Bildenden K\u00fcnste, M\u00fcnchen, Klasse f\u00fcr Schmuck und Ger\u00e4t, bei Prof. Otto K\u00fcnzli<\/li>\n<li><span class=\"zeitraum\">2004 <\/span>Ernennung zum Meistersch\u00fcler von Prof. Otto K\u00fcnzli<\/li>\n<li><span class=\"zeitraum\">2006 <\/span>Diplom an der Akademie der Bildenden K\u00fcnste, M\u00fcnchen<\/li>\n<li><span class=\"zeitraum\">2009 &#8211; 15 <\/span>K\u00fcnstlerischer Mitarbeiter von Prof. Otto K\u00fcnzli und Prof. Karen Pontoppidan an der Akademie der Bildenden K\u00fcnste, M\u00fcnchen, Klasse f\u00fcr Schmuck und Ger\u00e4t<\/li>\n<li><\/li>\n<li><\/li>\n<\/ul>\n<h2>Exhibits in public art collections<\/h2>\n<ul>\n<li>New Collection, Pinakothek der Moderne, Monaco (GER)<\/li>\n<li>Museum for Art and Craft Hamburg (GER)<\/li>\n<li>German House of goldsmith, Hanau (GER)<\/li>\n<li>Museum Biedermann, Donaueschingen (GER)<\/li>\n<li>Hiko-Mizuno Collection, Japan<\/li>\n<li>Alice and Louis Koch Ring Collection (CH)<\/li>\n<li>Helen Drutt Collection(, USA)<\/li>\n<li>Gallery of Art Legnica (PL)<\/li>\n<li>Corning Museum of Glass, Corning NY, (USA)<\/li>\n<li>Fran\u00e7oise van den Bosch Foundation, The Netherlands<\/li>\n<li>Stedelijk Museum Amsterdam, The Netherlands<\/li>\n<li>Marzee Collection, The Netherlands<\/li>\n<\/ul>\n<h2>Scholarships<\/h2>\n<ul>\n<li><span class=\"zeitraum\">2003 <\/span>Scholarship of the Bavarian Ministry for Sciences, Research and Art for foreign students<\/li>\n<li><span class=\"zeitraum\">2005 <\/span>Scholarship of the German Academic Exchange Service  (DAAD)<\/li>\n<\/ul>\n<h2>Awards<\/h2>\n<ul>\n<li><span class=\"zeitraum\">1998 <\/span>Asahi Modern Craft Exhibition, Osaka u. Tokio, Japan: prize of excellency<\/li>\n<li><span class=\"zeitraum\">2005 <\/span>Jewellery- International Craft Exhibition. Museum of Arts &#038; Crafts, Itami, Japan: prize of the jury<\/li>\n<li><span class=\"zeitraum\">2006 <\/span>Goldsmith of Hanau, city of Hanau (Ger)<\/li>\n<li><span class=\"zeitraum\">2011 <\/span>promotion prize ofthe city of Munich (Ger)<\/li>\n<li><\/li>\n<li><\/li>\n<li><\/li>\n<\/ul>\n<h2>Exhibitions<\/h2>\n<ul>\n<li>international exhibitions in Europe, the USA and Asia<\/li>\n<\/ul>\n<h2>Publications<\/h2>\n<ul>\n<li><span class=\"zeitraum\">2008 <\/span>MOMENTOPIA, Jiro Kamata \/German House of Goldsmith Hanau (Ger)<\/li>\n<li><span class=\"zeitraum\">2012 <\/span>ARBORESQUE, Jiro Kamata \/ City of Munich (Ger)<\/li>\n<\/ul>\n<\/div>\n<p class=\"zitat\">\n<p class=\"kuenstlerlink objekte-online\"><a href=\"http:\/\/www.galerie-slavik.com\/en\/produkt-kategorie\/jiro-kamata-artist\/\">See all objects by Jiro Kamata<\/a><\/p>\n<p class=\"fotonachweis\">\n<p>[vc_row]<\/p>\n<p>[vc_column]<\/p>\n<div class=\"woocommerce columns-4 \"><ul class=\"products columns-4\">\n<li class=\"product type-product post-17459 status-publish first instock product_cat-artist product_cat-jiro-kamata-artist product_cat-necklace product_cat-nicht-startrotation-en has-post-thumbnail product-type-simple\">\n\t<div class=\"product-artist\">Jiro Kamata<\/div><div class=\"product-sku\">Nr. 122808<\/div><\/li>\n<li class=\"product type-product post-17430 status-publish instock product_cat-artist product_cat-jiro-kamata-artist product_cat-necklace product_cat-nicht-startrotation-en has-post-thumbnail product-type-simple\">\n\t<div class=\"product-artist\">Jiro Kamata<\/div><div class=\"product-sku\">Nr. 122807<\/div><\/li>\n<li class=\"product type-product post-17428 status-publish instock product_cat-artist product_cat-jiro-kamata-artist product_cat-necklace product_cat-nicht-startrotation-en has-post-thumbnail product-type-simple\">\n\t<div class=\"product-artist\">Jiro Kamata<\/div><div class=\"product-sku\">Nr. 122806<\/div><\/li>\n<li class=\"product type-product post-17426 status-publish last instock product_cat-artist product_cat-jiro-kamata-artist product_cat-necklace product_cat-nicht-startrotation-en has-post-thumbnail product-type-simple\">\n\t<div class=\"product-artist\">Jiro Kamata<\/div><div class=\"product-sku\">Nr. 122805<\/div><\/li>\n<li class=\"product type-product post-8791 status-publish first instock product_cat-artist product_cat-jiro-kamata-artist product_cat-necklace product_cat-nicht-startrotation-en has-post-thumbnail product-type-simple\">\n\t<div class=\"product-artist\">Jiro Kamata<\/div><div class=\"product-sku\">Nr. 122801<\/div><\/li>\n<li class=\"product type-product post-8792 status-publish instock product_cat-artist product_cat-brooches product_cat-jiro-kamata-artist product_cat-nicht-startrotation-en has-post-thumbnail product-type-simple\">\n\t<div class=\"product-artist\">Jiro Kamata<\/div><div class=\"product-sku\">Nr. 122802<\/div><\/li>\n<li class=\"product type-product post-8793 status-publish instock product_cat-artist product_cat-jiro-kamata-artist product_cat-necklace product_cat-nicht-startrotation-en has-post-thumbnail product-type-simple\">\n\t<div class=\"product-artist\">Jiro Kamata<\/div><div class=\"product-sku\">Nr. 122803<\/div><\/li>\n<li class=\"product type-product post-8794 status-publish last instock product_cat-artist product_cat-brooches product_cat-jiro-kamata-artist product_cat-nicht-startrotation-en has-post-thumbnail product-type-simple\">\n\t<div class=\"product-artist\">Jiro Kamata<\/div><div class=\"product-sku\">Nr. 122804<\/div><\/li>\n<\/ul>\n<\/div>\n<p>[\/vc_column]<\/p>\n<p>[\/vc_row]<\/p>\n<\/div>","protected":false},"excerpt":{"rendered":"Biographie 1978 Hirosaki, Japan \u2013 lebt und arbeitet in M\u00fcnchen 1996 &#8211; 98 Ausbildung am Yamanashi Institute of Gemology and Jewellery Art, Kofu, Japan 1998 &#8211; 99 Gaststudium an der Hochschule f\u00fcr Gestaltung, Pforzheim, Studiengang Schmuck und Ger\u00e4t 2000 &#8211; 06 Studium an der Akademie der Bildenden K\u00fcnste, M\u00fcnchen, Klasse f\u00fcr Schmuck und Ger\u00e4t, bei&#8230; <a class=\"view-article\" href=\"https:\/\/www.galerie-slavik.com\/en\/jiro-kamata\/\">View Article<\/a>","protected":false},"author":4,"featured_media":8782,"parent":0,"menu_order":0,"comment_status":"closed","ping_status":"open","template":"","meta":{"footnotes":""},"categories":[135,619],"tags":[],"_links":{"self":[{"href":"https:\/\/www.galerie-slavik.com\/en\/wp-json\/wp\/v2\/pages\/8796"}],"collection":[{"href":"https:\/\/www.galerie-slavik.com\/en\/wp-json\/wp\/v2\/pages"}],"about":[{"href":"https:\/\/www.galerie-slavik.com\/en\/wp-json\/wp\/v2\/types\/page"}],"author":[{"embeddable":true,"href":"https:\/\/www.galerie-slavik.com\/en\/wp-json\/wp\/v2\/users\/4"}],"replies":[{"embeddable":true,"href":"https:\/\/www.galerie-slavik.com\/en\/wp-json\/wp\/v2\/comments?post=8796"}],"version-history":[{"count":1,"href":"https:\/\/www.galerie-slavik.com\/en\/wp-json\/wp\/v2\/pages\/8796\/revisions"}],"predecessor-version":[{"id":9356,"href":"https:\/\/www.galerie-slavik.com\/en\/wp-json\/wp\/v2\/pages\/8796\/revisions\/9356"}],"wp:featuredmedia":[{"embeddable":true,"href":"https:\/\/www.galerie-slavik.com\/en\/wp-json\/wp\/v2\/media\/8782"}],"wp:attachment":[{"href":"https:\/\/www.galerie-slavik.com\/en\/wp-json\/wp\/v2\/media?parent=8796"}],"wp:term":[{"taxonomy":"category","embeddable":true,"href":"https:\/\/www.galerie-slavik.com\/en\/wp-json\/wp\/v2\/categories?post=8796"},{"taxonomy":"post_tag","embeddable":true,"href":"https:\/\/www.galerie-slavik.com\/en\/wp-json\/wp\/v2\/tags?post=8796"}],"curies":[{"name":"wp","href":"https:\/\/api.w.org\/{rel}","templated":true}]}}