{"id":12810,"date":"2023-09-14T16:05:27","date_gmt":"2023-09-14T14:05:27","guid":{"rendered":"http:\/\/www.galerie-slavik.com\/en\/produkt\/unkategorisiert\/halsschmuck-sound-of-colours-grapevines-117727\/"},"modified":"2023-09-14T16:05:42","modified_gmt":"2023-09-14T14:05:42","slug":"halsschmuck-sound-of-colours-grapevines-117727","status":"publish","type":"product","link":"https:\/\/www.galerie-slavik.com\/en\/produkt\/artist\/miriam-hiller-artist\/halsschmuck-sound-of-colours-grapevines-117727\/","title":{"rendered":"necklace &#8220;sound of colours &#8211; grapevines&#8221;"},"content":{"rendered":"<p><a class=\"artist-online\" href=\"http:\/\/galerie-slavik.com\/en\/miriam-hiller\">Miriam Hiller<\/a><\/p>\n<div class=\"produktmaterial\">steel, colour, fishing pole 57 x 3-10 x 10 cm 2022<\/div>\n<div class=\"produktbeschreibung\">Seinen Anfang nahm das Projekt im Grunde vor vielen Jahren. Ganz still und heimlich in meiner damals schon vollgef\u00fcllten S\u00e4gerestebox. Jeder Blick in die Kiste voller Farben und Formen hat mich immer wieder aufs Neue begeistert, all diese Metallreste, so wild durcheinandergew\u00fcrfelt und \u00fcbereinanderliegend.  Dann, im Lockdown vor zwei Jahren, war der Hei\u00dfhunger, die Sehnsucht nach der Kraft der Farben so gro\u00df, dass die Idee weiter Gestalt annahm. Ich fing an mit all diesen Formen und Farben zu spielen, sie zusammenzulegen, Farbbilder zu gestalten. Farben, Farbkombinationen haben auf mich eine ganz \u00e4hnliche Wirkung wie Musik. Sie ber\u00fchren meine Sinne, meine Seele. Je nach Situation, je nach Tagesform sind es andere (Farb- oder Klang-) T\u00f6ne, die mich tief bewegen.<\/div>\n<div class=\"produktnummer\">Order number: 117727<\/div>\n","protected":false},"excerpt":{"rendered":"<a class=\"artist-online\" href=\"http:\/\/galerie-slavik.com\/en\/miriam-hiller\">Miriam Hiller<\/a><div class=\"produktmaterial\">steel, colour, fishing pole 57 x 3-10 x 10 cm 2022<\/div><div class=\"produktbeschreibung\">Seinen Anfang nahm das Projekt im Grunde vor vielen Jahren. Ganz still und heimlich in meiner damals schon vollgef\u00fcllten S\u00e4gerestebox. Jeder Blick in die Kiste voller Farben und Formen hat mich immer wieder aufs Neue begeistert, all diese Metallreste, so wild durcheinandergew\u00fcrfelt und \u00fcbereinanderliegend.  Dann, im Lockdown vor zwei Jahren, war der Hei\u00dfhunger, die Sehnsucht nach der Kraft der Farben so gro\u00df, dass die Idee weiter Gestalt annahm. Ich fing an mit all diesen Formen und Farben zu spielen, sie zusammenzulegen, Farbbilder zu gestalten. Farben, Farbkombinationen haben auf mich eine ganz \u00e4hnliche Wirkung wie Musik. Sie ber\u00fchren meine Sinne, meine Seele. Je nach Situation, je nach Tagesform sind es andere (Farb- oder Klang-) T\u00f6ne, die mich tief bewegen.<\/div><div class=\"produktnummer\">Order number: 117727<\/div>","protected":false},"featured_media":12807,"comment_status":"closed","ping_status":"open","template":"","meta":[],"product_cat":[205,550,44,276],"product_tag":[],"_links":{"self":[{"href":"https:\/\/www.galerie-slavik.com\/en\/wp-json\/wp\/v2\/product\/12810"}],"collection":[{"href":"https:\/\/www.galerie-slavik.com\/en\/wp-json\/wp\/v2\/product"}],"about":[{"href":"https:\/\/www.galerie-slavik.com\/en\/wp-json\/wp\/v2\/types\/product"}],"replies":[{"embeddable":true,"href":"https:\/\/www.galerie-slavik.com\/en\/wp-json\/wp\/v2\/comments?post=12810"}],"wp:featuredmedia":[{"embeddable":true,"href":"https:\/\/www.galerie-slavik.com\/en\/wp-json\/wp\/v2\/media\/12807"}],"wp:attachment":[{"href":"https:\/\/www.galerie-slavik.com\/en\/wp-json\/wp\/v2\/media?parent=12810"}],"wp:term":[{"taxonomy":"product_cat","embeddable":true,"href":"https:\/\/www.galerie-slavik.com\/en\/wp-json\/wp\/v2\/product_cat?post=12810"},{"taxonomy":"product_tag","embeddable":true,"href":"https:\/\/www.galerie-slavik.com\/en\/wp-json\/wp\/v2\/product_tag?post=12810"}],"curies":[{"name":"wp","href":"https:\/\/api.w.org\/{rel}","templated":true}]}}