{"id":13003,"date":"2023-11-22T11:47:26","date_gmt":"2023-11-22T10:47:26","guid":{"rendered":"http:\/\/www.galerie-slavik.com\/en\/produkt\/unkategorisiert\/brosche-und-anhaenger-schwerer-brocken-gluehend-unter-kosmischer-beobachtung-111814\/"},"modified":"2023-11-22T11:47:29","modified_gmt":"2023-11-22T10:47:29","slug":"brosche-und-anhaenger-schwerer-brocken-gluehend-unter-kosmischer-beobachtung-111814","status":"publish","type":"product","link":"https:\/\/www.galerie-slavik.com\/en\/produkt\/artist\/wolfgang-rahs-artist\/brosche-und-anhaenger-schwerer-brocken-gluehend-unter-kosmischer-beobachtung-111814\/","title":{"rendered":"brooch and pendant &#8220;heavy chunk, glowing under cosmic surveillance&#8221;"},"content":{"rendered":"<p><a class=\"artist-online\" href=\"http:\/\/galerie-slavik.com\/en\/wolfgang-rahs\">Wolfgang Rahs<\/a><\/p>\n<div class=\"produktmaterial\">silver, pyrite, glass, prehnite, quartz, tin 2023<\/div>\n<div class=\"produktbeschreibung\">Dieses faszinierende Kunstwerk, Objekt und Schmuckst\u00fcck in einem, besteht aus drei Teilen und wird &#8211; eingepasst in ein St\u00fcck Birkenholz mit Rinde &#8211; zu einem Gesamtkunstwerk. Die drei Bestandteile sind der Anh\u00e4nger, die Brosche &#8220;Engel&#8221;, die gleichzeitig auch als Standvorrichtung daf\u00fcr dient.<\/div>\n<div class=\"produktnummer\">Order number: 111814<\/div>\n","protected":false},"excerpt":{"rendered":"<a class=\"artist-online\" href=\"http:\/\/galerie-slavik.com\/en\/wolfgang-rahs\">Wolfgang Rahs<\/a><div class=\"produktmaterial\">silver, pyrite, glass, prehnite, quartz, tin 2023<\/div><div class=\"produktbeschreibung\">Dieses faszinierende Kunstwerk, Objekt und Schmuckst\u00fcck in einem, besteht aus drei Teilen und wird &#8211; eingepasst in ein St\u00fcck Birkenholz mit Rinde &#8211; zu einem Gesamtkunstwerk. Die drei Bestandteile sind der Anh\u00e4nger, die Brosche &#8220;Engel&#8221;, die gleichzeitig auch als Standvorrichtung daf\u00fcr dient.<\/div><div class=\"produktnummer\">Order number: 111814<\/div>","protected":false},"featured_media":12997,"comment_status":"closed","ping_status":"open","template":"","meta":[],"product_cat":[205,45,508,276],"product_tag":[],"_links":{"self":[{"href":"https:\/\/www.galerie-slavik.com\/en\/wp-json\/wp\/v2\/product\/13003"}],"collection":[{"href":"https:\/\/www.galerie-slavik.com\/en\/wp-json\/wp\/v2\/product"}],"about":[{"href":"https:\/\/www.galerie-slavik.com\/en\/wp-json\/wp\/v2\/types\/product"}],"replies":[{"embeddable":true,"href":"https:\/\/www.galerie-slavik.com\/en\/wp-json\/wp\/v2\/comments?post=13003"}],"wp:featuredmedia":[{"embeddable":true,"href":"https:\/\/www.galerie-slavik.com\/en\/wp-json\/wp\/v2\/media\/12997"}],"wp:attachment":[{"href":"https:\/\/www.galerie-slavik.com\/en\/wp-json\/wp\/v2\/media?parent=13003"}],"wp:term":[{"taxonomy":"product_cat","embeddable":true,"href":"https:\/\/www.galerie-slavik.com\/en\/wp-json\/wp\/v2\/product_cat?post=13003"},{"taxonomy":"product_tag","embeddable":true,"href":"https:\/\/www.galerie-slavik.com\/en\/wp-json\/wp\/v2\/product_tag?post=13003"}],"curies":[{"name":"wp","href":"https:\/\/api.w.org\/{rel}","templated":true}]}}