{"id":13129,"date":"2024-07-29T15:37:07","date_gmt":"2024-07-29T13:37:07","guid":{"rendered":"http:\/\/www.galerie-slavik.com\/en\/produkt\/unkategorisiert\/armschmuck-feuilles-e-lopal-opal-blatt-120712\/"},"modified":"2024-07-29T15:37:18","modified_gmt":"2024-07-29T13:37:18","slug":"armschmuck-feuilles-e-lopal-opal-blatt-120712","status":"publish","type":"product","link":"https:\/\/www.galerie-slavik.com\/en\/produkt\/artist\/martin-spreng-artist\/armschmuck-feuilles-e-lopal-opal-blatt-120712\/","title":{"rendered":"bracelet &#8221; opal leaf&#8221;"},"content":{"rendered":"<p><a class=\"artist-online\" href=\"http:\/\/galerie-slavik.com\/en\/martin-spreng\">Martin Spreng<\/a><\/p>\n<div class=\"produktmaterial\">titanium, opals, silver, gold<\/div>\n<div class=\"produktbeschreibung\">Titan gef\u00e4rbt, Lamellen wie Bl\u00e4tter mit Titankugeln verschwei\u00dft und durch 2 Scharniere zu \u00f6ffnen,  australischer Opal in Gold gefasst, zwei Dekorteile in Silber mit Gold gedoppelt.<\/div>\n<div class=\"produktnummer\">Order number: 120712<\/div>\n","protected":false},"excerpt":{"rendered":"<a class=\"artist-online\" href=\"http:\/\/galerie-slavik.com\/en\/martin-spreng\">Martin Spreng<\/a><div class=\"produktmaterial\">titanium, opals, silver, gold<\/div><div class=\"produktbeschreibung\">Titan gef\u00e4rbt, Lamellen wie Bl\u00e4tter mit Titankugeln verschwei\u00dft und durch 2 Scharniere zu \u00f6ffnen,  australischer Opal in Gold gefasst, zwei Dekorteile in Silber mit Gold gedoppelt.<\/div><div class=\"produktnummer\">Order number: 120712<\/div>","protected":false},"featured_media":13118,"comment_status":"closed","ping_status":"open","template":"","meta":[],"product_cat":[205,46,577,276],"product_tag":[],"_links":{"self":[{"href":"https:\/\/www.galerie-slavik.com\/en\/wp-json\/wp\/v2\/product\/13129"}],"collection":[{"href":"https:\/\/www.galerie-slavik.com\/en\/wp-json\/wp\/v2\/product"}],"about":[{"href":"https:\/\/www.galerie-slavik.com\/en\/wp-json\/wp\/v2\/types\/product"}],"replies":[{"embeddable":true,"href":"https:\/\/www.galerie-slavik.com\/en\/wp-json\/wp\/v2\/comments?post=13129"}],"wp:featuredmedia":[{"embeddable":true,"href":"https:\/\/www.galerie-slavik.com\/en\/wp-json\/wp\/v2\/media\/13118"}],"wp:attachment":[{"href":"https:\/\/www.galerie-slavik.com\/en\/wp-json\/wp\/v2\/media?parent=13129"}],"wp:term":[{"taxonomy":"product_cat","embeddable":true,"href":"https:\/\/www.galerie-slavik.com\/en\/wp-json\/wp\/v2\/product_cat?post=13129"},{"taxonomy":"product_tag","embeddable":true,"href":"https:\/\/www.galerie-slavik.com\/en\/wp-json\/wp\/v2\/product_tag?post=13129"}],"curies":[{"name":"wp","href":"https:\/\/api.w.org\/{rel}","templated":true}]}}