{"id":13194,"date":"2024-07-29T15:37:07","date_gmt":"2024-07-29T13:37:07","guid":{"rendered":"http:\/\/www.galerie-slavik.com\/en\/produkt\/unkategorisiert\/halsschmuck-ein-buntes-grau-119355\/"},"modified":"2024-07-29T15:37:11","modified_gmt":"2024-07-29T13:37:11","slug":"halsschmuck-ein-buntes-grau-119355","status":"publish","type":"product","link":"https:\/\/www.galerie-slavik.com\/en\/produkt\/artist\/nicola-heidemann-artist\/halsschmuck-ein-buntes-grau-119355\/","title":{"rendered":"Necklace &#8220;A colourful grey&#8221;"},"content":{"rendered":"<p><a class=\"artist-online\" href=\"http:\/\/galerie-slavik.com\/en\/nicola-heidemann\">Nicola Heidemann<\/a><\/p>\n<div class=\"produktmaterial\">gold, silver, copper<\/div>\n<div class=\"produktbeschreibung\">Dieser Halsschmuck besteht nur aus feuergef\u00e4rbten Metallen. Die Linien zwischen den Elementen sind unregelm\u00e4\u00dfig wie bei einer alten Mauer im Wald. Verwittert und fleckig die Oberfl\u00e4chen. Die Oberseite rauh und por\u00f6s. Die Unterseite besteht aus polierten Titanelementen, die nur zu erahnen sind. Beim Tragen schimmern sie manchmal durch. Ein verborgenes, blaues Glitzern&#8230;<\/div>\n<div class=\"produktnummer\">Order number: 119355<\/div>\n","protected":false},"excerpt":{"rendered":"<a class=\"artist-online\" href=\"http:\/\/galerie-slavik.com\/en\/nicola-heidemann\">Nicola Heidemann<\/a><div class=\"produktmaterial\">gold, silver, copper<\/div><div class=\"produktbeschreibung\">Dieser Halsschmuck besteht nur aus feuergef\u00e4rbten Metallen. Die Linien zwischen den Elementen sind unregelm\u00e4\u00dfig wie bei einer alten Mauer im Wald. Verwittert und fleckig die Oberfl\u00e4chen. Die Oberseite rauh und por\u00f6s. Die Unterseite besteht aus polierten Titanelementen, die nur zu erahnen sind. Beim Tragen schimmern sie manchmal durch. Ein verborgenes, blaues Glitzern&#8230;<\/div><div class=\"produktnummer\">Order number: 119355<\/div>","protected":false},"featured_media":13180,"comment_status":"closed","ping_status":"open","template":"","meta":[],"product_cat":[205,44,563,276],"product_tag":[],"_links":{"self":[{"href":"https:\/\/www.galerie-slavik.com\/en\/wp-json\/wp\/v2\/product\/13194"}],"collection":[{"href":"https:\/\/www.galerie-slavik.com\/en\/wp-json\/wp\/v2\/product"}],"about":[{"href":"https:\/\/www.galerie-slavik.com\/en\/wp-json\/wp\/v2\/types\/product"}],"replies":[{"embeddable":true,"href":"https:\/\/www.galerie-slavik.com\/en\/wp-json\/wp\/v2\/comments?post=13194"}],"wp:featuredmedia":[{"embeddable":true,"href":"https:\/\/www.galerie-slavik.com\/en\/wp-json\/wp\/v2\/media\/13180"}],"wp:attachment":[{"href":"https:\/\/www.galerie-slavik.com\/en\/wp-json\/wp\/v2\/media?parent=13194"}],"wp:term":[{"taxonomy":"product_cat","embeddable":true,"href":"https:\/\/www.galerie-slavik.com\/en\/wp-json\/wp\/v2\/product_cat?post=13194"},{"taxonomy":"product_tag","embeddable":true,"href":"https:\/\/www.galerie-slavik.com\/en\/wp-json\/wp\/v2\/product_tag?post=13194"}],"curies":[{"name":"wp","href":"https:\/\/api.w.org\/{rel}","templated":true}]}}